{"id":68245,"date":"2021-10-01T10:15:35","date_gmt":"2021-10-01T08:15:35","guid":{"rendered":"https:\/\/poloplus10.com\/polo-sport\/"},"modified":"2022-11-25T10:24:39","modified_gmt":"2022-11-25T09:24:39","slug":"polo-sport","status":"publish","type":"page","link":"https:\/\/poloplus10.com\/de\/polo-sport\/","title":{"rendered":"Polo-Sport"},"content":{"rendered":"\t\t<div data-elementor-type=\"wp-page\" data-elementor-id=\"68245\" class=\"elementor elementor-68245 elementor-65255\">\n\t\t\t\t\t\t<div class=\"elementor-inner\">\n\t\t\t\t<div class=\"elementor-section-wrap\">\n\t\t\t\t\t\t\t\t\t<section class=\"elementor-section elementor-top-section elementor-element elementor-element-29966912 elementor-section-boxed elementor-section-height-default elementor-section-height-default\" data-id=\"29966912\" data-element_type=\"section\">\n\t\t\t\t\t\t<div class=\"elementor-container elementor-column-gap-default\">\n\t\t\t\t\t\t\t<div class=\"elementor-row\">\n\t\t\t\t\t<div class=\"elementor-column elementor-col-100 elementor-top-column elementor-element elementor-element-779359cd\" data-id=\"779359cd\" data-element_type=\"column\">\n\t\t\t<div class=\"elementor-column-wrap elementor-element-populated\">\n\t\t\t\t\t\t\t<div class=\"elementor-widget-wrap\">\n\t\t\t\t\t\t<div class=\"elementor-element elementor-element-2bee895 elementor-widget elementor-widget-heading\" data-id=\"2bee895\" data-element_type=\"widget\" data-widget_type=\"heading.default\">\n\t\t\t\t<div class=\"elementor-widget-container\">\n\t\t\t<h1 id=\"polo-sport\" class=\"elementor-heading-title elementor-size-default\">Polo-Sport<\/h1>\t\t<\/div>\n\t\t\t\t<\/div>\n\t\t\t\t<div class=\"elementor-element elementor-element-a0f9807 elementor-widget-divider--view-line elementor-widget elementor-widget-divider\" data-id=\"a0f9807\" data-element_type=\"widget\" data-widget_type=\"divider.default\">\n\t\t\t\t<div class=\"elementor-widget-container\">\n\t\t\t\t\t<div class=\"elementor-divider\">\n\t\t\t<span class=\"elementor-divider-separator\">\n\t\t\t\t\t\t<\/span>\n\t\t<\/div>\n\t\t\t\t<\/div>\n\t\t\t\t<\/div>\n\t\t\t\t<div class=\"elementor-element elementor-element-1edefd6 elementor-widget elementor-widget-text-editor\" data-id=\"1edefd6\" data-element_type=\"widget\" data-widget_type=\"text-editor.default\">\n\t\t\t\t<div class=\"elementor-widget-container\">\n\t\t\t\t\t\t\t\t<div class=\"elementor-text-editor elementor-clearfix\">\n\t\t\t\t<h2 id=\"leidenschaft-und-eleganz\">Leidenschaft und Eleganz<\/h2>\n<p>Polo ist ein Spiel f\u00fcr Techniker, Taktiker und K\u00e4mpfer. Wer den Spielverlauf nicht intuitiv erahnt und kein Auge f\u00fcr besser stehende Teamkollegen hat, wird es nicht einmal zum durchschnittlichen Spieler bringen. Schnell, wendig und nervenstark \u2013 die Attribute eines guten Polopferdes. Die Zucht dieser Pferde avancierte zu einer eigenen Art von Wissenschaft.<\/p>\n<p><figure id=\"attachment_67869\" aria-describedby=\"caption-attachment-67869\" style=\"width: 580px\" class=\"wp-caption alignleft\"><img decoding=\"async\" loading=\"lazy\" class=\"size-full wp-image-67869\" src=\"https:\/\/poloplus10.com\/wp-content\/uploads\/2021\/09\/poloinfo.jpg\" alt=\"\" width=\"580\" height=\"406\" srcset=\"https:\/\/poloplus10.com\/wp-content\/uploads\/2021\/09\/poloinfo.jpg 580w, https:\/\/poloplus10.com\/wp-content\/uploads\/2021\/09\/poloinfo-120x84.jpg 120w, https:\/\/poloplus10.com\/wp-content\/uploads\/2021\/09\/poloinfo-90x63.jpg 90w, https:\/\/poloplus10.com\/wp-content\/uploads\/2021\/09\/poloinfo-320x224.jpg 320w, https:\/\/poloplus10.com\/wp-content\/uploads\/2021\/09\/poloinfo-560x392.jpg 560w\" sizes=\"(max-width: 580px) 100vw, 580px\" \/><figcaption id=\"caption-attachment-67869\" class=\"wp-caption-text\">\u00a9 Jacques Toffi<\/figcaption><\/figure><\/p>\n<p>Im Vergleich mit den gro\u00dfen Polonationen wie Argentinien, Gro\u00dfbritannien und den USA ist der Sport hierzulande bislang noch in einer relativ kleinen Szene verhaftet. Aber: In den letzten Jahren hat sich auch hier polotechnisch so Einiges bewegt. Mehr und mehr emanzipiert sich der Sport von seinem Nischendasein, neue Clubs schie\u00dfen f\u00f6rmlich wie Pilze aus dem Boden. Und immer mehr Polofans m\u00f6chten nicht mehr nur vom Spielfeldrand die faszinierende Mischung aus Technik, Geschwindigkeit und Teamgeist erleben, sondern selber im Sattel sitzen und aktiv den Reiz des dynamischen Sports sp\u00fcren. Polounterricht mit geliehenen Pferden und unter professioneller Anleitung wird salonf\u00e4hig. Poloschulen etablieren sich.\n<\/p>\n<p>Eine eigene Sprache sprechen auch die wachsenden Besucherzahlen der gro\u00dfen Turniere. Die Pologemeinde w\u00e4chst. Unerl\u00e4sslich sind f\u00fcr Neueinsteiger \u2013 auch wenn sie Polo in dieser Saison nur vom Spielfeldrand erkunden wollen \u2013 ein paar grundlegende Kenntnisse \u00fcber das Spiel. Im Schnelldurchlauf werfen wir also einen Blick auf die wichtigsten Eckdaten des Jahrtausende alten Ballspiels, dessen Faszination sich kaum einer entziehen kann.\n<\/p>\n<p>The field is about seven times the size of a usual football (soccer) field. However, the size of a polo field may vary \u2013 as it usually does. Wicker goal posts, which are collapsible for safety reasons, mark the 7.32-meter-wide open top goals. Teams are made up of four players each. A game usually has four periods of play, known as chukkas, each of which lasts seven and a half minutes. Just like in ice hockey, it is only the actual time of play that counts; the clock is therefore stopped whenever there is foul play. While players are expected to play the full game without substitution, polo ponies may not be played in consecutive chukkas. Safety of the horse is paramount in polo. If, for instance, a pony\u2019s bandage comes undone, the whistle is blown to stop play. However, play is not stopped if a player suffers a harmless fall. In short: a polo player entering a tournament must have at least two polo ponies. Four ponies is a professional number, while five are ideal just in case. Some players even bring along six ponies.<\/p>\n<p><strong>Die wichtigste Regel im Polo Sport ist das sogenannte Wegerecht bzw. die \u201eLine of the Ball\u201c: Kein Spieler darf die Linie des Balles kreuzen.<\/strong><\/p>\n<p>Das Spielfeld ist ungef\u00e4hr siebenmal so gro\u00df wie ein gemeiner Fu\u00dfballplatz. Allerdings: Die Gr\u00f6\u00dfe eines Polofeldes kann durchaus variieren \u2013 was sie h\u00e4ufig auch tut. Weidenrohrpfosten, die aus Sicherheitsgr\u00fcnden nicht fest im Boden verankert sind, markieren die 7,32 Meter breiten und nach oben offenen Tore. Gespielt wird mit vier Spielern pro Mannschaft in meistens vier Spielabschnitten, den so genannten Chuckern. Ein Chucker dauert 7,5 Minuten, wobei wie im Eishockey die reine Spielzeit z\u00e4hlt. Bei Fouls steht also die Uhr. W\u00e4hrend es sich f\u00fcr den Reiter geziemt, die volle Spieldauer durchzuhalten, darf ein Pferd niemals in zwei Chuckern nacheinander eingesetzt werden. Schutz und Sicherheit der Pferde stehen im Polosport immer an erster Stelle. L\u00f6st sich beispielsweise eine Bandage des Pferdes, wird abgepfiffen. Beim harmlosen Sturz eines Reiters dagegen geht das Spiel weiter. Kurz gerechnet: Zwei Pferde sind das Minimum, was ein Polospieler an turnierm\u00e4\u00dfigem Beritt zur Verf\u00fcgung haben muss. Vier Pferde sind professionell \u2013 f\u00fcnf optimal f\u00fcr den Fall der F\u00e4lle. Manche reisen gar mit sechs Pferden an.<\/p>\n<p>Kurios oder traditionsreich: Nach jedem Tor wechselt die Spielrichtung. Viele Zuschauer und manchen Poloanf\u00e4nger irritiert diese Regelung zutiefst, die ihre Wurzeln in den hei\u00dfen und sonnigen Kolonien hat, wo das Spiel gegen die blendende Sonne ein echter Nachteil war. Zudem verhindert die Regel, dass bei einseitig verlaufenden Matches die Torregion der schw\u00e4cheren Mannschaft umgehend und nachhaltig ihrer Grasnarbe entledigt wird. Vergleichbar dem Golf ist auch beim Polo \u2013 das zwischen 1908 und 1936 Olympische Disziplin war \u2013 jeder Spieler mit einem individuellen Handicap ausgestattet. Tor- und Turniererfolge schrauben eben dieses nach oben. Dabei reicht die Einstufung des Handicaps von -2 bei Anf\u00e4ngern bis zur recht seltenen +10. Mancher Argentinier w\u00fcrde selbst die 10-Goaler-Obergrenze mit Superlativen sprengen \u2013 wenn es die internationalen Regeln denn zulassen w\u00fcrden.<\/p>\n<p><strong>Die wichtigsten Akteure im Polo Sport sind nicht die Player, sondern die Pferde.<\/strong><\/p>\n<p>Die besten deutschen Spieler liegen in Leistungsklassen von +4 und +5. Eben diese Kategorisierungen sind auch ausschlaggebend f\u00fcr die Zusammensetzung der Poloteams. Die Handicaps der vier Einzelspieler addiert ergeben die Mannschaftsst\u00e4rke \u2013 das so genannte Team-Handicap. Turnierm\u00e4\u00dfig ausgeschrieben werden Leistungsklassen vom \u201eLow Goal\u201c bis zum \u201eHigh Goal\u201c, Beschr\u00e4nkungen und Handicaplimits inklusive. Polo ist ein Spiel f\u00fcr Taktiker und Techniker. Akrobatik kommt ins Spiel, wenn es darum geht, den 130-Gramm-Ball mit einem Durchmesser von 7,5 Zentimetern mit dem 51 Zoll langen Bambusstock aus vollem Galopp ins gegnerische Tor zu bef\u00f6rdern. Decken des Gegners, taktische \u00dcbersicht und Pr\u00e4zision sind dabei die Schl\u00fcssel zum Erfolg. Die Erfahrung hat gezeigt: Wer die Spielentwicklung nicht instinktiv sp\u00fcrt und besser platzierte Spieler nicht sieht, wird niemals auch nur ein durchschnittlicher Polospieler. Die Erfahrung zeigt ebenfalls: Gerade bei Anf\u00e4ngern sind es oftmals die Pferde, die schneller als ihre Reiter auf die Entwicklung des Spiels reagieren.<\/p>\n<p>In der Zucht der Pferde liegt denn auch ein besonderes Geheimnis und eine eigene Historie. Der englische Vollbluthengst \u201eRosewater\u201c und seine S\u00f6hne wurden zu den Stammv\u00e4tern des heutigen Polopferdes. Lange bevor Polo auf dem europ\u00e4ischen Kontinent \u00fcberhaupt bekannt war, erfreute sich das rasante Spiel im asiatischen Raum einer \u00fcberaus gro\u00dfen Beliebtheit. Von dieser Begeisterung lie\u00dfen sich die britischen Offiziere, die gegen Ende des 19. Jahrhunderts in Indien stationiert waren, anstecken. Wieder zur\u00fcck in ihrer Heimat wollten sie auf die liebgewonnene Freizeitbesch\u00e4ftigung nicht mehr verzichten. Der dort im Jahre 1876 gegr\u00fcndete Hurlingham Polo Club schrieb die Poloregeln erstmals fest. Bis heute werden sie im internationalen Sport zitiert.<\/p>\n<p>Durch die Briten gelangte das Spiel nach Amerika, die das Handicap-System beisteuerten, welches 1910 von den Engl\u00e4ndern und Indern \u00fcbernommen wurde. Briten waren es auch, die den Polosport nach S\u00fcdamerika brachten. Dort angekommen, war sein Siegeszug nicht mehr aufzuhalten. Die Argentinier waren verr\u00fcckt nach dem Spiel hoch zu Ross. Und w\u00e4hrend Europa im 20. Jahrhundert seine Kriege k\u00e4mpfte und Polo aus den Augen verlor, holten die S\u00fcdamerikaner in Know-how und Technik mehr als auf und sind heute die unbestrittenen Stars der Polowelt. Nirgends sonst gibt es so viele 10-Goaler wie dort.<\/p>\n\t\t\t\t\t<\/div>\n\t\t\t\t\t\t<\/div>\n\t\t\t\t<\/div>\n\t\t\t\t\t\t<\/div>\n\t\t\t\t\t<\/div>\n\t\t<\/div>\n\t\t\t\t\t\t\t\t<\/div>\n\t\t\t\t\t<\/div>\n\t\t<\/section>\n\t\t\t\t\t\t\t\t\t<\/div>\n\t\t\t<\/div>\n\t\t\t\t\t<\/div>\n\t\t","protected":false},"excerpt":{"rendered":"<p>Polo-Sport Leidenschaft und Eleganz Polo ist ein Spiel f\u00fcr Techniker, Taktiker und K\u00e4mpfer. Wer den Spielverlauf nicht intuitiv erahnt und kein Auge f\u00fcr besser stehende Teamkollegen hat, wird es nicht&hellip;<\/p>\n","protected":false},"author":1,"featured_media":0,"parent":0,"menu_order":0,"comment_status":"closed","ping_status":"closed","template":"","meta":{"_monsterinsights_skip_tracking":false,"_monsterinsights_sitenote_active":false,"_monsterinsights_sitenote_note":"","_monsterinsights_sitenote_category":0},"acf":[],"yoast_head":"<!-- This site is optimized with the Yoast SEO plugin v19.6.1 - https:\/\/yoast.com\/wordpress\/plugins\/seo\/ -->\n<title>Polo-Sport - POLO+10<\/title>\n<meta name=\"description\" content=\"Was macht eigentlich die Faszination, Leidenschaft und Eleganz des Polo-Sports aus? Hier findest du Antworten.\" \/>\n<meta name=\"robots\" content=\"index, follow, max-snippet:-1, max-image-preview:large, max-video-preview:-1\" \/>\n<link rel=\"canonical\" href=\"https:\/\/poloplus10.com\/de\/polo-sport\/\" \/>\n<meta property=\"og:locale\" content=\"de_DE\" \/>\n<meta property=\"og:type\" content=\"article\" \/>\n<meta property=\"og:title\" content=\"Polo-Sport - POLO+10\" \/>\n<meta property=\"og:description\" content=\"Was macht eigentlich die Faszination, Leidenschaft und Eleganz des Polo-Sports aus? Hier findest du Antworten.\" \/>\n<meta property=\"og:url\" content=\"https:\/\/poloplus10.com\/de\/polo-sport\/\" \/>\n<meta property=\"og:site_name\" content=\"POLO+10\" \/>\n<meta property=\"article:modified_time\" content=\"2022-11-25T09:24:39+00:00\" \/>\n<meta property=\"og:image\" content=\"https:\/\/poloplus10.com\/wp-content\/uploads\/2021\/09\/poloinfo.jpg\" \/>\n<meta name=\"twitter:card\" content=\"summary_large_image\" \/>\n<meta name=\"twitter:label1\" content=\"Gesch\u00e4tzte Lesezeit\" \/>\n\t<meta name=\"twitter:data1\" content=\"5\u00a0Minuten\" \/>\n<script type=\"application\/ld+json\" class=\"yoast-schema-graph\">{\"@context\":\"https:\/\/schema.org\",\"@graph\":[{\"@type\":\"WebPage\",\"@id\":\"https:\/\/poloplus10.com\/de\/polo-sport\/\",\"url\":\"https:\/\/poloplus10.com\/de\/polo-sport\/\",\"name\":\"Polo-Sport - POLO+10\",\"isPartOf\":{\"@id\":\"https:\/\/poloplus10.com\/#website\"},\"datePublished\":\"2021-10-01T08:15:35+00:00\",\"dateModified\":\"2022-11-25T09:24:39+00:00\",\"description\":\"Was macht eigentlich die Faszination, Leidenschaft und Eleganz des Polo-Sports aus? Hier findest du Antworten.\",\"breadcrumb\":{\"@id\":\"https:\/\/poloplus10.com\/de\/polo-sport\/#breadcrumb\"},\"inLanguage\":\"de\",\"potentialAction\":[{\"@type\":\"ReadAction\",\"target\":[\"https:\/\/poloplus10.com\/de\/polo-sport\/\"]}]},{\"@type\":\"BreadcrumbList\",\"@id\":\"https:\/\/poloplus10.com\/de\/polo-sport\/#breadcrumb\",\"itemListElement\":[{\"@type\":\"ListItem\",\"position\":1,\"name\":\"Home\",\"item\":\"https:\/\/poloplus10.com\/\"},{\"@type\":\"ListItem\",\"position\":2,\"name\":\"Polo-Sport\"}]},{\"@type\":\"WebSite\",\"@id\":\"https:\/\/poloplus10.com\/#website\",\"url\":\"https:\/\/poloplus10.com\/\",\"name\":\"POLO+10\",\"description\":\"The Polo Magazine\",\"publisher\":{\"@id\":\"https:\/\/poloplus10.com\/#organization\"},\"potentialAction\":[{\"@type\":\"SearchAction\",\"target\":{\"@type\":\"EntryPoint\",\"urlTemplate\":\"https:\/\/poloplus10.com\/?s={search_term_string}\"},\"query-input\":\"required name=search_term_string\"}],\"inLanguage\":\"de\"},{\"@type\":\"Organization\",\"@id\":\"https:\/\/poloplus10.com\/#organization\",\"name\":\"POLO+10 GmbH\",\"url\":\"https:\/\/poloplus10.com\/\",\"sameAs\":[],\"logo\":{\"@type\":\"ImageObject\",\"inLanguage\":\"de\",\"@id\":\"https:\/\/poloplus10.com\/#\/schema\/logo\/image\/\",\"url\":\"https:\/\/poloplus10.demo-on.de\/wp-content\/uploads\/2021\/07\/poloplus10_logo.png\",\"contentUrl\":\"https:\/\/poloplus10.demo-on.de\/wp-content\/uploads\/2021\/07\/poloplus10_logo.png\",\"width\":300,\"height\":64,\"caption\":\"POLO+10 GmbH\"},\"image\":{\"@id\":\"https:\/\/poloplus10.com\/#\/schema\/logo\/image\/\"}}]}<\/script>\n<!-- \/ Yoast SEO plugin. -->","yoast_head_json":{"title":"Polo-Sport - POLO+10","description":"Was macht eigentlich die Faszination, Leidenschaft und Eleganz des Polo-Sports aus? Hier findest du Antworten.","robots":{"index":"index","follow":"follow","max-snippet":"max-snippet:-1","max-image-preview":"max-image-preview:large","max-video-preview":"max-video-preview:-1"},"canonical":"https:\/\/poloplus10.com\/de\/polo-sport\/","og_locale":"de_DE","og_type":"article","og_title":"Polo-Sport - POLO+10","og_description":"Was macht eigentlich die Faszination, Leidenschaft und Eleganz des Polo-Sports aus? Hier findest du Antworten.","og_url":"https:\/\/poloplus10.com\/de\/polo-sport\/","og_site_name":"POLO+10","article_modified_time":"2022-11-25T09:24:39+00:00","og_image":[{"url":"https:\/\/poloplus10.com\/wp-content\/uploads\/2021\/09\/poloinfo.jpg"}],"twitter_card":"summary_large_image","twitter_misc":{"Gesch\u00e4tzte Lesezeit":"5\u00a0Minuten"},"schema":{"@context":"https:\/\/schema.org","@graph":[{"@type":"WebPage","@id":"https:\/\/poloplus10.com\/de\/polo-sport\/","url":"https:\/\/poloplus10.com\/de\/polo-sport\/","name":"Polo-Sport - POLO+10","isPartOf":{"@id":"https:\/\/poloplus10.com\/#website"},"datePublished":"2021-10-01T08:15:35+00:00","dateModified":"2022-11-25T09:24:39+00:00","description":"Was macht eigentlich die Faszination, Leidenschaft und Eleganz des Polo-Sports aus? Hier findest du Antworten.","breadcrumb":{"@id":"https:\/\/poloplus10.com\/de\/polo-sport\/#breadcrumb"},"inLanguage":"de","potentialAction":[{"@type":"ReadAction","target":["https:\/\/poloplus10.com\/de\/polo-sport\/"]}]},{"@type":"BreadcrumbList","@id":"https:\/\/poloplus10.com\/de\/polo-sport\/#breadcrumb","itemListElement":[{"@type":"ListItem","position":1,"name":"Home","item":"https:\/\/poloplus10.com\/"},{"@type":"ListItem","position":2,"name":"Polo-Sport"}]},{"@type":"WebSite","@id":"https:\/\/poloplus10.com\/#website","url":"https:\/\/poloplus10.com\/","name":"POLO+10","description":"The Polo Magazine","publisher":{"@id":"https:\/\/poloplus10.com\/#organization"},"potentialAction":[{"@type":"SearchAction","target":{"@type":"EntryPoint","urlTemplate":"https:\/\/poloplus10.com\/?s={search_term_string}"},"query-input":"required name=search_term_string"}],"inLanguage":"de"},{"@type":"Organization","@id":"https:\/\/poloplus10.com\/#organization","name":"POLO+10 GmbH","url":"https:\/\/poloplus10.com\/","sameAs":[],"logo":{"@type":"ImageObject","inLanguage":"de","@id":"https:\/\/poloplus10.com\/#\/schema\/logo\/image\/","url":"https:\/\/poloplus10.demo-on.de\/wp-content\/uploads\/2021\/07\/poloplus10_logo.png","contentUrl":"https:\/\/poloplus10.demo-on.de\/wp-content\/uploads\/2021\/07\/poloplus10_logo.png","width":300,"height":64,"caption":"POLO+10 GmbH"},"image":{"@id":"https:\/\/poloplus10.com\/#\/schema\/logo\/image\/"}}]}},"_links":{"self":[{"href":"https:\/\/poloplus10.com\/de\/wp-json\/wp\/v2\/pages\/68245"}],"collection":[{"href":"https:\/\/poloplus10.com\/de\/wp-json\/wp\/v2\/pages"}],"about":[{"href":"https:\/\/poloplus10.com\/de\/wp-json\/wp\/v2\/types\/page"}],"author":[{"embeddable":true,"href":"https:\/\/poloplus10.com\/de\/wp-json\/wp\/v2\/users\/1"}],"replies":[{"embeddable":true,"href":"https:\/\/poloplus10.com\/de\/wp-json\/wp\/v2\/comments?post=68245"}],"version-history":[{"count":2,"href":"https:\/\/poloplus10.com\/de\/wp-json\/wp\/v2\/pages\/68245\/revisions"}],"predecessor-version":[{"id":85120,"href":"https:\/\/poloplus10.com\/de\/wp-json\/wp\/v2\/pages\/68245\/revisions\/85120"}],"wp:attachment":[{"href":"https:\/\/poloplus10.com\/de\/wp-json\/wp\/v2\/media?parent=68245"}],"curies":[{"name":"wp","href":"https:\/\/api.w.org\/{rel}","templated":true}]}}