{"id":68247,"date":"2021-10-01T10:18:02","date_gmt":"2021-10-01T08:18:02","guid":{"rendered":"https:\/\/poloplus10.com\/polo-sport\/handicaps\/"},"modified":"2022-11-25T10:30:56","modified_gmt":"2022-11-25T09:30:56","slug":"handicaps","status":"publish","type":"page","link":"https:\/\/poloplus10.com\/de\/polo-sport\/handicaps\/","title":{"rendered":"Handicaps"},"content":{"rendered":"\t\t<div data-elementor-type=\"wp-page\" data-elementor-id=\"68247\" class=\"elementor elementor-68247 elementor-66197\">\n\t\t\t\t\t\t<div class=\"elementor-inner\">\n\t\t\t\t<div class=\"elementor-section-wrap\">\n\t\t\t\t\t\t\t\t\t<section class=\"elementor-section elementor-top-section elementor-element elementor-element-010e8b9 elementor-section-boxed elementor-section-height-default elementor-section-height-default\" data-id=\"010e8b9\" data-element_type=\"section\">\n\t\t\t\t\t\t<div class=\"elementor-container elementor-column-gap-default\">\n\t\t\t\t\t\t\t<div class=\"elementor-row\">\n\t\t\t\t\t<div class=\"elementor-column elementor-col-100 elementor-top-column elementor-element elementor-element-9343d01\" data-id=\"9343d01\" data-element_type=\"column\">\n\t\t\t<div class=\"elementor-column-wrap elementor-element-populated\">\n\t\t\t\t\t\t\t<div class=\"elementor-widget-wrap\">\n\t\t\t\t\t\t<div class=\"elementor-element elementor-element-34932b4 elementor-widget elementor-widget-heading\" data-id=\"34932b4\" data-element_type=\"widget\" data-widget_type=\"heading.default\">\n\t\t\t\t<div class=\"elementor-widget-container\">\n\t\t\t<h1 id=\"das-polo-handicap\" class=\"elementor-heading-title elementor-size-default\">Das Polo Handicap<\/h1>\t\t<\/div>\n\t\t\t\t<\/div>\n\t\t\t\t<div class=\"elementor-element elementor-element-8ec67c5 elementor-widget-divider--view-line elementor-widget elementor-widget-divider\" data-id=\"8ec67c5\" data-element_type=\"widget\" data-widget_type=\"divider.default\">\n\t\t\t\t<div class=\"elementor-widget-container\">\n\t\t\t\t\t<div class=\"elementor-divider\">\n\t\t\t<span class=\"elementor-divider-separator\">\n\t\t\t\t\t\t<\/span>\n\t\t<\/div>\n\t\t\t\t<\/div>\n\t\t\t\t<\/div>\n\t\t\t\t<div class=\"elementor-element elementor-element-60f18b0 elementor-widget elementor-widget-image\" data-id=\"60f18b0\" data-element_type=\"widget\" data-widget_type=\"image.default\">\n\t\t\t\t<div class=\"elementor-widget-container\">\n\t\t\t\t\t\t\t\t<div class=\"elementor-image\">\n\t\t\t\t\t\t\t\t\t\t\t\t<img decoding=\"async\" width=\"750\" height=\"525\" src=\"https:\/\/poloplus10.com\/wp-content\/uploads\/2022\/07\/polo-handicap-2.jpg\" class=\"attachment-large size-large\" alt=\"\" loading=\"lazy\" srcset=\"https:\/\/poloplus10.com\/wp-content\/uploads\/2022\/07\/polo-handicap-2.jpg 750w, https:\/\/poloplus10.com\/wp-content\/uploads\/2022\/07\/polo-handicap-2-120x84.jpg 120w, https:\/\/poloplus10.com\/wp-content\/uploads\/2022\/07\/polo-handicap-2-90x63.jpg 90w, https:\/\/poloplus10.com\/wp-content\/uploads\/2022\/07\/polo-handicap-2-320x224.jpg 320w, https:\/\/poloplus10.com\/wp-content\/uploads\/2022\/07\/polo-handicap-2-560x392.jpg 560w\" sizes=\"(max-width: 750px) 100vw, 750px\" \/>\t\t\t\t\t\t\t\t\t\t\t\t\t\t<\/div>\n\t\t\t\t\t\t<\/div>\n\t\t\t\t<\/div>\n\t\t\t\t<div class=\"elementor-element elementor-element-9178c9f img_padding elementor-widget elementor-widget-text-editor\" data-id=\"9178c9f\" data-element_type=\"widget\" data-widget_type=\"text-editor.default\">\n\t\t\t\t<div class=\"elementor-widget-container\">\n\t\t\t\t\t\t\t\t<div class=\"elementor-text-editor elementor-clearfix\">\n\t\t\t\t<p><strong>Historie des Polohandicaps<\/strong><br \/>Britische Offiziere, die gegen Ende des 19. Jahrhunderts in Indien stationiert waren, brachten den Polosport nach Europa. Der dort im Jahre 1876 gegr\u00fcndete Hurlingham Polo Club schrieb die Poloregeln erstmals fest. Bis heute werden sie im internationalen Sport zitiert. Durch die Briten gelangte das Spiel auch nach Nord- und S\u00fcdamerika. Das Polohandicap stammt allerdings nicht aus der Feder der Engl\u00e4nder. Vielmehr war es Henry Lloyd Herbert, der erste Pr\u00e4sident der United States Polo Association (USPA), der mit der Gr\u00fcndung der USPA im Jahr 1890 ein Handicapsystem einf\u00fchrte. Von nun an konnten die F\u00e4higkeiten der einzelnen Spieler miteinander verglichen und Teams trotz unterschiedlicher Einzelleistungen so zusammengestellt werden, dass sie ebenb\u00fcrtig sind. 1910 f\u00fchrten auch die Engl\u00e4nder und Inder Handicapsysteme ein. Ein weltweit einheitliches und \u00fcbergreifendes System existiert bis heute nicht. Vielmehr werden die Handicaps der Spieler von den jeweiligen Landesverb\u00e4nden festgelegt.<\/p><p><strong>Vom Anf\u00e4nger bis zum Profi: die Skala<\/strong><br \/>Das Handicap wird nicht allein durch die Tor- und Turniererfolge bestimmt, sondern in die Bewertung flie\u00dfen viele weitere Faktoren wie Sportsgeist und Fairness, Teamplay, Polokenntnisse, Strategie und Horsemanship mit ein. Das h\u00f6chstm\u00f6gliche Handicap ist die +10. Noch nicht einmal ein Dutzend weltweit spielt es. Dabei bestimmen vor allem die argentinischen Polofamilien die Spitzenklasse. Unter den derzeit neun 10-Goaler stammen acht aus Argentinien. F\u00fcr den Gro\u00dfteil bleibt das obere Ende der Skala allerdings unerreicht: Zwei Drittel aller Spieler haben ein Handicap von +2 oder weniger. Die genaue Aufteilung der Handicapskala wird je nach Land unterschiedlich gehandhabt.<\/p><p>Argentinien: 0 bis 10<br \/>USA: C (-2), B (-1), B+ (-0.5), A (0), A+ (0.5), 1.0, 1.5, 2 bis 10<br \/>England: -2 bis 10<\/p><p>Das Teamhandicap bei einem Turnier errechnet sich aus den Einzelhandicaps der Spieler. Aus Fairnessgr\u00fcnden gibt es f\u00fcr die Mannschaften mit einem niedrigeren Teamhandicap eine sogenannte Torvorgabe.<\/p><p><strong>Die Besten der Besten: die 10-Goaler<\/strong><br \/>Derzeit gibt es nur neun Spieler weltweit, die das h\u00f6chstm\u00f6gliche Handicap von +10 spielen. Da jedes Land ein eigenes Handicap festlegt, k\u00f6nnen Spieler in Argentinien eine +10 spielen, w\u00e4hrend sie in den USA nur ein Handicap von +9 haben. Teilweise sind die Unterschiede sogar noch gr\u00f6\u00dfer.<br \/><img decoding=\"async\" loading=\"lazy\" class=\"wp-image-80223 size-full alignnone\" src=\"https:\/\/poloplus10.com\/wp-content\/uploads\/2022\/07\/beste-polospieler.jpg\" alt=\"\" width=\"500\" height=\"383\" srcset=\"https:\/\/poloplus10.com\/wp-content\/uploads\/2022\/07\/beste-polospieler.jpg 500w, https:\/\/poloplus10.com\/wp-content\/uploads\/2022\/07\/beste-polospieler-120x92.jpg 120w, https:\/\/poloplus10.com\/wp-content\/uploads\/2022\/07\/beste-polospieler-90x68.jpg 90w, https:\/\/poloplus10.com\/wp-content\/uploads\/2022\/07\/beste-polospieler-320x245.jpg 320w\" sizes=\"(max-width: 500px) 100vw, 500px\" \/><\/p><p><strong>Go Ladies: das Women\u2019s Handicap<\/strong><br \/>Im Polo ist es \u00fcblich, dass Frauen und M\u00e4nner gemeinsam in \u201egemischten\u201c Teams spielen. Die Zahl der Polospielerinnen w\u00e4chst zusehends und so haben sich im Laufe der vergangenen Jahre zus\u00e4tzlich auch immer mehr reine Ladies Turniere etabliert. Um die Attraktivit\u00e4t von Ladies Turnieren zu steigern, hat die Asociaci\u00f3n Argentina de Polo (AAP) im Jahr 2012 spezielle Handicaps f\u00fcr Frauen eingef\u00fchrt. Das Womens\u2019 Handicap gilt nur in reinen Damenturnieren \u2013 wird zusammen mit M\u00e4nnern gespielt, z\u00e4hlt das normale Handicap. W\u00e4hrend der Saison beobachtet die Frauenhandicap-Kommission die Spielerinnen bei den Ladies Turnieren und ber\u00e4t zweimal im Jahr \u00fcber deren Leistungen und eventuelle Handicapver\u00e4nderungen. Ende 2011 hat die Fed\u00e9ration Fran\u00e7aise de Polo (FFP) das argentinische System \u00fcbernommen. Seit Anfang 2014 existiert auch in den USA ein spezielles Frauenhandicap. Dieses Jahr hat Gro\u00dfbritannien nachgezogen und zum Saisonstart im April 2015 Ladies Handicaps eingef\u00fchrt. In allen anderen L\u00e4ndern existiert kein spezielles Handicapsystem f\u00fcr Frauen, dort werden auch die reinen Damenturniere mit dem normalen Handicap gespielt.<\/p><p><img decoding=\"async\" loading=\"lazy\" class=\"size-full wp-image-80226 alignnone\" src=\"https:\/\/poloplus10.com\/wp-content\/uploads\/2022\/07\/beste-polospielerinnen.jpg\" alt=\"\" width=\"500\" height=\"274\" srcset=\"https:\/\/poloplus10.com\/wp-content\/uploads\/2022\/07\/beste-polospielerinnen.jpg 500w, https:\/\/poloplus10.com\/wp-content\/uploads\/2022\/07\/beste-polospielerinnen-120x66.jpg 120w, https:\/\/poloplus10.com\/wp-content\/uploads\/2022\/07\/beste-polospielerinnen-90x49.jpg 90w, https:\/\/poloplus10.com\/wp-content\/uploads\/2022\/07\/beste-polospielerinnen-320x175.jpg 320w\" sizes=\"(max-width: 500px) 100vw, 500px\" \/><\/p><p><strong>Arena, Beach und Snow Polo<\/strong><br \/>Auch f\u00fcr Arena-Turniere gibt es in den USA und Gro\u00dfbritannien ein eigenes Handicap. Bester Arena-Player in den USA ist Thomas Biddle mit einem Arena-Handicap von +10. Auf Rasen spielt er eine +6. In Gro\u00dfbritannien wurde Chris Hyde vor kurzem heraufgestuft und spielt nun ebenfalls eine +10 (Outdoor +6).<\/p><p>F\u00fcr Beach und Snow Polo gibt es keine eigenen Handicaps, sondern f\u00fcr gew\u00f6hnlich werden die normalen Handicaps um einen Z\u00e4hler hochgesetzt.<\/p><h3 id=\"interview-mit-nicholas-j-a-colquhoun-denvers-praesident-der-federation-of-international-polo\">Interview mit Nicholas J.A. Colquhoun-Denvers, Pr\u00e4sident der Federation of International Polo<\/h3><p><strong>Warum gibt es kein weltweites Handicap?<\/strong><br \/>Derzeit werden die Handicaps von den Landesverb\u00e4nden festgelegt, basierend auf ihren eigenen Saisons, Protokollen und Systemen. Der Vorteil, der sich aus einer Instanz ergeben w\u00fcrde, die all diese Informationen sammelt und w\u00e4hrend der unterschiedlichen Spielsaisons aktuell h\u00e4lt, w\u00fcrde nicht den administrativen Aufwand rechtfertigen. Als Zusammenschluss der Landesverb\u00e4nde w\u00e4ren wir derzeit leicht in der Lage, die Handicaps \u00fcber unsere Mitgliedsverb\u00e4nde genau festzulegen, aber es unn\u00f6tig und extrem schwierig, dies im Tagesgesch\u00e4ft zu machen.<\/p><p><strong>Braucht der Polosport ein weltweit einheitliches Handicap?<\/strong><br \/>Eigentlich nicht. Bei der aktuellen FIP World Championship in Chile wurden vier der Matches durch ein Extra-Chukker entschieden, viele Spiele endeten mit nur einem Tor Unterschied. Das zeigt uns, dass das internationale Handicapsystem ziemlich genau ist.<\/p><p><strong>Wie denken Sie \u00fcber die extra Handicaps f\u00fcr Frauen?<\/strong><br \/>Ich finde, dass sie gut sind f\u00fcr Matches, die ausschlie\u00dflich von Frauen gespielt werden. Alles, was einen wachsenden Bereich unterst\u00fctzt, ist eine gute Sache. Es funktioniert in Frankreich, Argentinien und den USA \u2013 und ich bin mir sicher, dass es auch in Gro\u00dfbritannien ein gro\u00dfer Erfolg werden wird.<\/p><p><strong>Wie stehen Sie zum Arena-Handicap?<\/strong><br \/>Nur wenige Nationen spielen Arena Polo und manche Player spielen NUR Arena Polo. Bei einem Spiel zu dritt und auf engstem Raum in der Arena m\u00fcssen sich die Handicaps von denen beim Rasenpolo unterscheiden.<\/p><p><strong>Gibt es seitens der FIP Bestrebungen f\u00fcr eine Vereinheitlichung der bestehenden Handicapsysteme?<\/strong><br \/>Meines Wissens nicht. Da die FIP die Interessen der Landesverb\u00e4nde vertritt, m\u00fcssen wir deren Eigenst\u00e4ndigkeit respektieren.<\/p>\t\t\t\t\t<\/div>\n\t\t\t\t\t\t<\/div>\n\t\t\t\t<\/div>\n\t\t\t\t\t\t<\/div>\n\t\t\t\t\t<\/div>\n\t\t<\/div>\n\t\t\t\t\t\t\t\t<\/div>\n\t\t\t\t\t<\/div>\n\t\t<\/section>\n\t\t\t\t\t\t\t\t\t<\/div>\n\t\t\t<\/div>\n\t\t\t\t\t<\/div>\n\t\t","protected":false},"excerpt":{"rendered":"<p>Das Polo Handicap Historie des Polohandicaps Britische Offiziere, die gegen Ende des 19. Jahrhunderts in Indien stationiert waren, brachten den Polosport nach Europa. Der dort im Jahre 1876 gegr\u00fcndete Hurlingham&hellip;<\/p>\n","protected":false},"author":1,"featured_media":0,"parent":68245,"menu_order":0,"comment_status":"closed","ping_status":"closed","template":"","meta":{"_monsterinsights_skip_tracking":false,"_monsterinsights_sitenote_active":false,"_monsterinsights_sitenote_note":"","_monsterinsights_sitenote_category":0},"acf":[],"yoast_head":"<!-- This site is optimized with the Yoast SEO plugin v19.6.1 - https:\/\/yoast.com\/wordpress\/plugins\/seo\/ -->\n<title>Handicaps - POLO+10<\/title>\n<meta name=\"description\" content=\"Alles \u00fcber die Welt des Polo Handicaps: die Skala, die Historie, das Women\u2019s Handicap und die besten Spielerinnen und Spieler der Welt.\" \/>\n<meta name=\"robots\" content=\"index, follow, max-snippet:-1, max-image-preview:large, max-video-preview:-1\" \/>\n<link rel=\"canonical\" href=\"https:\/\/poloplus10.com\/de\/polo-sport\/handicaps\/\" \/>\n<meta property=\"og:locale\" content=\"de_DE\" \/>\n<meta property=\"og:type\" content=\"article\" \/>\n<meta property=\"og:title\" content=\"Handicaps - POLO+10\" \/>\n<meta property=\"og:description\" content=\"Alles \u00fcber die Welt des Polo Handicaps: die Skala, die Historie, das Women\u2019s Handicap und die besten Spielerinnen und Spieler der Welt.\" \/>\n<meta property=\"og:url\" content=\"https:\/\/poloplus10.com\/de\/polo-sport\/handicaps\/\" \/>\n<meta property=\"og:site_name\" content=\"POLO+10\" \/>\n<meta property=\"article:modified_time\" content=\"2022-11-25T09:30:56+00:00\" \/>\n<meta property=\"og:image\" content=\"https:\/\/poloplus10.com\/wp-content\/uploads\/2022\/07\/polo-handicap-2.jpg\" \/>\n<meta name=\"twitter:card\" content=\"summary_large_image\" \/>\n<meta name=\"twitter:label1\" content=\"Gesch\u00e4tzte Lesezeit\" \/>\n\t<meta name=\"twitter:data1\" content=\"5\u00a0Minuten\" \/>\n<script type=\"application\/ld+json\" class=\"yoast-schema-graph\">{\"@context\":\"https:\/\/schema.org\",\"@graph\":[{\"@type\":\"WebPage\",\"@id\":\"https:\/\/poloplus10.com\/de\/polo-sport\/handicaps\/\",\"url\":\"https:\/\/poloplus10.com\/de\/polo-sport\/handicaps\/\",\"name\":\"Handicaps - POLO+10\",\"isPartOf\":{\"@id\":\"https:\/\/poloplus10.com\/#website\"},\"datePublished\":\"2021-10-01T08:18:02+00:00\",\"dateModified\":\"2022-11-25T09:30:56+00:00\",\"description\":\"Alles \u00fcber die Welt des Polo Handicaps: die Skala, die Historie, das Women\u2019s Handicap und die besten Spielerinnen und Spieler der Welt.\",\"breadcrumb\":{\"@id\":\"https:\/\/poloplus10.com\/de\/polo-sport\/handicaps\/#breadcrumb\"},\"inLanguage\":\"de\",\"potentialAction\":[{\"@type\":\"ReadAction\",\"target\":[\"https:\/\/poloplus10.com\/de\/polo-sport\/handicaps\/\"]}]},{\"@type\":\"BreadcrumbList\",\"@id\":\"https:\/\/poloplus10.com\/de\/polo-sport\/handicaps\/#breadcrumb\",\"itemListElement\":[{\"@type\":\"ListItem\",\"position\":1,\"name\":\"Home\",\"item\":\"https:\/\/poloplus10.com\/\"},{\"@type\":\"ListItem\",\"position\":2,\"name\":\"Polo-Sport\",\"item\":\"https:\/\/poloplus10.com\/de\/polo-sport\/\"},{\"@type\":\"ListItem\",\"position\":3,\"name\":\"Handicaps\"}]},{\"@type\":\"WebSite\",\"@id\":\"https:\/\/poloplus10.com\/#website\",\"url\":\"https:\/\/poloplus10.com\/\",\"name\":\"POLO+10\",\"description\":\"The Polo Magazine\",\"publisher\":{\"@id\":\"https:\/\/poloplus10.com\/#organization\"},\"potentialAction\":[{\"@type\":\"SearchAction\",\"target\":{\"@type\":\"EntryPoint\",\"urlTemplate\":\"https:\/\/poloplus10.com\/?s={search_term_string}\"},\"query-input\":\"required name=search_term_string\"}],\"inLanguage\":\"de\"},{\"@type\":\"Organization\",\"@id\":\"https:\/\/poloplus10.com\/#organization\",\"name\":\"POLO+10 GmbH\",\"url\":\"https:\/\/poloplus10.com\/\",\"sameAs\":[],\"logo\":{\"@type\":\"ImageObject\",\"inLanguage\":\"de\",\"@id\":\"https:\/\/poloplus10.com\/#\/schema\/logo\/image\/\",\"url\":\"https:\/\/poloplus10.demo-on.de\/wp-content\/uploads\/2021\/07\/poloplus10_logo.png\",\"contentUrl\":\"https:\/\/poloplus10.demo-on.de\/wp-content\/uploads\/2021\/07\/poloplus10_logo.png\",\"width\":300,\"height\":64,\"caption\":\"POLO+10 GmbH\"},\"image\":{\"@id\":\"https:\/\/poloplus10.com\/#\/schema\/logo\/image\/\"}}]}<\/script>\n<!-- \/ Yoast SEO plugin. -->","yoast_head_json":{"title":"Handicaps - POLO+10","description":"Alles \u00fcber die Welt des Polo Handicaps: die Skala, die Historie, das Women\u2019s Handicap und die besten Spielerinnen und Spieler der Welt.","robots":{"index":"index","follow":"follow","max-snippet":"max-snippet:-1","max-image-preview":"max-image-preview:large","max-video-preview":"max-video-preview:-1"},"canonical":"https:\/\/poloplus10.com\/de\/polo-sport\/handicaps\/","og_locale":"de_DE","og_type":"article","og_title":"Handicaps - POLO+10","og_description":"Alles \u00fcber die Welt des Polo Handicaps: die Skala, die Historie, das Women\u2019s Handicap und die besten Spielerinnen und Spieler der Welt.","og_url":"https:\/\/poloplus10.com\/de\/polo-sport\/handicaps\/","og_site_name":"POLO+10","article_modified_time":"2022-11-25T09:30:56+00:00","og_image":[{"url":"https:\/\/poloplus10.com\/wp-content\/uploads\/2022\/07\/polo-handicap-2.jpg"}],"twitter_card":"summary_large_image","twitter_misc":{"Gesch\u00e4tzte Lesezeit":"5\u00a0Minuten"},"schema":{"@context":"https:\/\/schema.org","@graph":[{"@type":"WebPage","@id":"https:\/\/poloplus10.com\/de\/polo-sport\/handicaps\/","url":"https:\/\/poloplus10.com\/de\/polo-sport\/handicaps\/","name":"Handicaps - POLO+10","isPartOf":{"@id":"https:\/\/poloplus10.com\/#website"},"datePublished":"2021-10-01T08:18:02+00:00","dateModified":"2022-11-25T09:30:56+00:00","description":"Alles \u00fcber die Welt des Polo Handicaps: die Skala, die Historie, das Women\u2019s Handicap und die besten Spielerinnen und Spieler der Welt.","breadcrumb":{"@id":"https:\/\/poloplus10.com\/de\/polo-sport\/handicaps\/#breadcrumb"},"inLanguage":"de","potentialAction":[{"@type":"ReadAction","target":["https:\/\/poloplus10.com\/de\/polo-sport\/handicaps\/"]}]},{"@type":"BreadcrumbList","@id":"https:\/\/poloplus10.com\/de\/polo-sport\/handicaps\/#breadcrumb","itemListElement":[{"@type":"ListItem","position":1,"name":"Home","item":"https:\/\/poloplus10.com\/"},{"@type":"ListItem","position":2,"name":"Polo-Sport","item":"https:\/\/poloplus10.com\/de\/polo-sport\/"},{"@type":"ListItem","position":3,"name":"Handicaps"}]},{"@type":"WebSite","@id":"https:\/\/poloplus10.com\/#website","url":"https:\/\/poloplus10.com\/","name":"POLO+10","description":"The Polo Magazine","publisher":{"@id":"https:\/\/poloplus10.com\/#organization"},"potentialAction":[{"@type":"SearchAction","target":{"@type":"EntryPoint","urlTemplate":"https:\/\/poloplus10.com\/?s={search_term_string}"},"query-input":"required name=search_term_string"}],"inLanguage":"de"},{"@type":"Organization","@id":"https:\/\/poloplus10.com\/#organization","name":"POLO+10 GmbH","url":"https:\/\/poloplus10.com\/","sameAs":[],"logo":{"@type":"ImageObject","inLanguage":"de","@id":"https:\/\/poloplus10.com\/#\/schema\/logo\/image\/","url":"https:\/\/poloplus10.demo-on.de\/wp-content\/uploads\/2021\/07\/poloplus10_logo.png","contentUrl":"https:\/\/poloplus10.demo-on.de\/wp-content\/uploads\/2021\/07\/poloplus10_logo.png","width":300,"height":64,"caption":"POLO+10 GmbH"},"image":{"@id":"https:\/\/poloplus10.com\/#\/schema\/logo\/image\/"}}]}},"_links":{"self":[{"href":"https:\/\/poloplus10.com\/de\/wp-json\/wp\/v2\/pages\/68247"}],"collection":[{"href":"https:\/\/poloplus10.com\/de\/wp-json\/wp\/v2\/pages"}],"about":[{"href":"https:\/\/poloplus10.com\/de\/wp-json\/wp\/v2\/types\/page"}],"author":[{"embeddable":true,"href":"https:\/\/poloplus10.com\/de\/wp-json\/wp\/v2\/users\/1"}],"replies":[{"embeddable":true,"href":"https:\/\/poloplus10.com\/de\/wp-json\/wp\/v2\/comments?post=68247"}],"version-history":[{"count":11,"href":"https:\/\/poloplus10.com\/de\/wp-json\/wp\/v2\/pages\/68247\/revisions"}],"predecessor-version":[{"id":85369,"href":"https:\/\/poloplus10.com\/de\/wp-json\/wp\/v2\/pages\/68247\/revisions\/85369"}],"up":[{"embeddable":true,"href":"https:\/\/poloplus10.com\/de\/wp-json\/wp\/v2\/pages\/68245"}],"wp:attachment":[{"href":"https:\/\/poloplus10.com\/de\/wp-json\/wp\/v2\/media?parent=68247"}],"curies":[{"name":"wp","href":"https:\/\/api.w.org\/{rel}","templated":true}]}}