{"id":68251,"date":"2021-10-01T11:01:31","date_gmt":"2021-10-01T09:01:31","guid":{"rendered":"https:\/\/poloplus10.com\/polo-sport\/spielfeld\/"},"modified":"2022-11-25T10:27:00","modified_gmt":"2022-11-25T09:27:00","slug":"spielfeld","status":"publish","type":"page","link":"https:\/\/poloplus10.com\/de\/polo-sport\/spielfeld\/","title":{"rendered":"Spielfeld"},"content":{"rendered":"\t\t<div data-elementor-type=\"wp-page\" data-elementor-id=\"68251\" class=\"elementor elementor-68251 elementor-65259\">\n\t\t\t\t\t\t<div class=\"elementor-inner\">\n\t\t\t\t<div class=\"elementor-section-wrap\">\n\t\t\t\t\t\t\t\t\t<section class=\"elementor-section elementor-top-section elementor-element elementor-element-13001f53 elementor-section-boxed elementor-section-height-default elementor-section-height-default\" data-id=\"13001f53\" data-element_type=\"section\">\n\t\t\t\t\t\t<div class=\"elementor-container elementor-column-gap-default\">\n\t\t\t\t\t\t\t<div class=\"elementor-row\">\n\t\t\t\t\t<div class=\"elementor-column elementor-col-100 elementor-top-column elementor-element elementor-element-38ef6586\" data-id=\"38ef6586\" data-element_type=\"column\">\n\t\t\t<div class=\"elementor-column-wrap elementor-element-populated\">\n\t\t\t\t\t\t\t<div class=\"elementor-widget-wrap\">\n\t\t\t\t\t\t<div class=\"elementor-element elementor-element-179460d elementor-widget elementor-widget-heading\" data-id=\"179460d\" data-element_type=\"widget\" data-widget_type=\"heading.default\">\n\t\t\t\t<div class=\"elementor-widget-container\">\n\t\t\t<h1 id=\"spielfeld\" class=\"elementor-heading-title elementor-size-default\">Spielfeld<\/h1>\t\t<\/div>\n\t\t\t\t<\/div>\n\t\t\t\t<div class=\"elementor-element elementor-element-424adb4 elementor-widget-divider--view-line elementor-widget elementor-widget-divider\" data-id=\"424adb4\" data-element_type=\"widget\" data-widget_type=\"divider.default\">\n\t\t\t\t<div class=\"elementor-widget-container\">\n\t\t\t\t\t<div class=\"elementor-divider\">\n\t\t\t<span class=\"elementor-divider-separator\">\n\t\t\t\t\t\t<\/span>\n\t\t<\/div>\n\t\t\t\t<\/div>\n\t\t\t\t<\/div>\n\t\t\t\t<div class=\"elementor-element elementor-element-5a0e7462 elementor-widget elementor-widget-text-editor\" data-id=\"5a0e7462\" data-element_type=\"widget\" data-widget_type=\"text-editor.default\">\n\t\t\t\t<div class=\"elementor-widget-container\">\n\t\t\t\t\t\t\t\t<div class=\"elementor-text-editor elementor-clearfix\">\n\t\t\t\t\n<h2 id=\"line-of-the-ball\">Line of the Ball<\/h2>\n\n<p>Die Regel No.1 im Polosport ist die \u201eLine of the Ball\u201c \u2013 das so genannte Wegerecht.<\/p>\n\n<figure class=\"wp-block-image size-large\"><img decoding=\"async\" loading=\"lazy\" width=\"750\" height=\"540\" src=\"https:\/\/poloplus10.com\/wp-content\/uploads\/2021\/07\/playing-field-line-of-the-ball.jpg\" alt=\"\" class=\"wp-image-65260\" srcset=\"https:\/\/poloplus10.com\/wp-content\/uploads\/2021\/07\/playing-field-line-of-the-ball.jpg 750w, https:\/\/poloplus10.com\/wp-content\/uploads\/2021\/07\/playing-field-line-of-the-ball-120x86.jpg 120w, https:\/\/poloplus10.com\/wp-content\/uploads\/2021\/07\/playing-field-line-of-the-ball-90x65.jpg 90w, https:\/\/poloplus10.com\/wp-content\/uploads\/2021\/07\/playing-field-line-of-the-ball-320x230.jpg 320w, https:\/\/poloplus10.com\/wp-content\/uploads\/2021\/07\/playing-field-line-of-the-ball-560x403.jpg 560w\" sizes=\"(max-width: 750px) 100vw, 750px\" \/><figcaption>\u00a9 2004 POLO+10 The Polo Magazine, www.poloplus10.com<\/figcaption><\/figure>\n\n<p>Taktik und Technik werden deutlich, wenn wir Stellung am virtuellen Spielfeldrand beziehen. Schon nach kurzem Zuschauen wird klar: B\u00e4lle zu spielen wird in der Regel nur dann zur erfolgreichen Aktion, wenn sie \u201esicher\u201c sind. Sonst ist immer der nachfolgende Mitspieler die bessere Adresse oder aber eine spektakul\u00e4re Top-Speed-Attacke wird zum Schaulaufen ins positionslose Nirgendwo. Polo wird deshalb immer \u201ein Linie\u201c gespielt, von der 4 hinten zur 1 vor dem gegnerischen Tor und umgekehrt. Kapit\u00e4n und zumeist leistungsst\u00e4rkster Spieler eines Teams ist die Nummer 3. Er organisiert, die 1 ist auf das gegnerische Tor konzentriert, die 2 managt in Richtung Mittelfeld, w\u00e4hrend sich die Nummer 4 der Abwehr annimmt. Flie\u00dfend und von schnellen Wechseln durchzogen sieht diese Grundaufstellung in der Spielsituation aus.<\/p>\n\n<p>Spannend und gut wird ein Spiel dann, wenn sich die jeweiligen Gegenspieler gleichwertig und eng decken. Die \u201eLinie des Balles\u201c und das \u201eWegerecht\u201c sind dementsprechend auch die ausschlaggebenden und vielzitierten Argumente f\u00fcr das Spiel- und Foulreglement. Ein Schlag nach dem Ball kann mit einem so genannten \u201ehook\u201c \u2013 auch sticken genannt \u2013 durch den Schl\u00e4ger des Gegners geblockt oder aber durch einen \u201eride off\u201c (abreiten) vereitelt werden. Entfernt zu vergleichen mit einem Block beim Fu\u00dfball \u00e4hnelt das Abreiten mehr noch einem Bodycheck im Eishockey.<\/p>\n\n<p>Ein Spiel besteht aus mindestens vier bis h\u00f6chstens acht Spielabschnitten, den so genannten Chuckern. Ein Chucker hat 7,5 Minuten reine Spielzeit, bei Unterbrechungen wird die Uhr angehalten. In Deutschland werden in der Regel vier Chucker gespielt. Die Pausen zwischen den einzelnen Spielabschnitten, in denen die Pferde gewechselt werden m\u00fcssen, dauern zwischen drei und f\u00fcnf Minuten. Nach jedem Torerfolg \u00e4ndern die Mannschaften die Spielrichtung, was f\u00fcr Zuschauer, die zum ersten Mal Polo sehen, \u00e4u\u00dferst verwirrend sein kann. F\u00e4llt ein Spieler vom Pferd, ohne sich zu verletzen, l\u00e4uft das Spiel weiter. St\u00fcrzt oder verletzt sich ein Pferd, ger\u00e4t ein Zaumzeug in Unordnung oder l\u00f6st sich eine Bandage, wird das Spiel sofort unterbrochen.<\/p>\n\n<p>Bei einem Foul geht ein \u201epenalty shot\u201c an die gegnerische Mannschaft \u2013 ein freier Schlag aus einer bestimmten Entfernung auf das freie oder bewachte Tor. Die meisten High-Goaler tun es in dieser Situation ihren Sportkollegen aus dem Basketball gleich und verwandeln nahezu die gleiche Quote von Strafschl\u00e4gen in Tore. Heutzutage geh\u00f6ren \u201etechnical directors\u201c oder \u201ecoaches\u201c zu den wichtigsten Personen am Spielfeldrand. Sie sind Beobachter und Koordinatoren. Vor einem Spiel kommen Coach und Mannschaft zusammen, um die Spielstrategie bis ins Detail auszuarbeiten. Alle Spieler \u2013 eigene wie Gegner \u2013 werden nach Spielk\u00f6nnen, eingesetzten Pferden sowie ihrer Position im Spiel, St\u00e4rken und Schw\u00e4chen bewertet.<\/p>\n\n<hr class=\"wp-block-separator is-style-wide\"\/>\n\n<h2 id=\"right-and-wrong\">Right and Wrong<\/h2>\n\n<p>Schnelles Reagieren und reflexartiges Einsch\u00e4tzen einer Situation sind spielentscheidend, werden in der Summe zum taktischen Geschick \u2013 und sind nicht zuletzt in puncto Sicherheit von gr\u00f6\u00dfter Bedeutung. Zwei Beispiele zeigen, wie in einer bestimmten Spielsituation richtig, und wie falsch reagiert werden kann.<\/p>\n\n<figure class=\"wp-block-image size-large\"><img decoding=\"async\" loading=\"lazy\" width=\"750\" height=\"540\" src=\"https:\/\/poloplus10.com\/wp-content\/uploads\/2021\/07\/playing-field-right-wrong.jpg\" alt=\"\" class=\"wp-image-65263\" srcset=\"https:\/\/poloplus10.com\/wp-content\/uploads\/2021\/07\/playing-field-right-wrong.jpg 750w, https:\/\/poloplus10.com\/wp-content\/uploads\/2021\/07\/playing-field-right-wrong-120x86.jpg 120w, https:\/\/poloplus10.com\/wp-content\/uploads\/2021\/07\/playing-field-right-wrong-90x65.jpg 90w, https:\/\/poloplus10.com\/wp-content\/uploads\/2021\/07\/playing-field-right-wrong-320x230.jpg 320w, https:\/\/poloplus10.com\/wp-content\/uploads\/2021\/07\/playing-field-right-wrong-560x403.jpg 560w\" sizes=\"(max-width: 750px) 100vw, 750px\" \/><figcaption>\u00a9 2004 POLO+10 The Polo Magazine, www.poloplus10.com<\/figcaption><\/figure>\n\n<h3 id=\"1-situation-linke-spielfeldhaelfte\">1. Situation (linke Spielfeldh\u00e4lfte):<\/h3>\n\n<p>Ein Spieler trifft den Ball nicht richtig und versucht einen zweiten Schlag, indem er seine Geschwindigkeit verringert oder abrupt die Richtung \u00e4ndert. Andere Spieler in Schlagposition sind direkt hinter diesem Player.<\/p>\n\n<h3 id=\"fehler\">Fehler:<\/h3>\n\n<p>Ein solcher Versuch bringt die nachfolgenden Spieler in Gefahr, die mit hoher Ge-schwindigkeit auf der Linie des Balls folgen oder versuchen, den Gegner abzureiten und den Blick nicht nach vorn gerichtet haben.<\/p>\n\n<h3 id=\"korrektes-spielverhalten\">Korrektes Spielverhalten:<\/h3>\n\n<p>Der Player, der seinen Schlag verpatzt hat, sollte sich in gleicher Geschwindigkeit weiter bewegen und keinen zweiten Schlag versuchen. Er sollte den n\u00e4chsten Schlag seinem nachfolgenden Teamkollegen \u00fcberlassen, der von hinten nachkommt oder \u2013 wenn er die Zeit dazu hat, sich in einem Zirkel wieder hinten an das Feld anschlie\u00dfen, um erneut zum Schlag zu kommen.<\/p>\n\n<h3 id=\"2-situation-rechte-spielfeldhaelfte\">2. Situation (rechte Spielfeldh\u00e4lfte):<\/h3>\n\n<p>Bei dem Versuch, den Ball mit einem off-side-backshot zur\u00fcckzuschlagen, bewegt sich ein Spieler von der linken Seite in die Spiellinie des Gegners, der den Ball gerade an seiner off-side f\u00fchrt.<\/p>\n\n<h3 id=\"fehler-2\">Fehler:<\/h3>\n\n<p>Der Verteidiger verletzt das Wegerecht seines Gegners nicht nur in unsicherer, sondern auch in spielerisch unsauberer Hinsicht. Er hat die Linie des Gegners in zu geringem Abstand \u00fcberschritten und gef\u00e4hrdet so sich selbst, wie auch den anderen Spieler.<\/p>\n\n<h3 id=\"korrektes-spielverhalten-2\">Korrektes Spielverhalten:<\/h3>\n\n<p>Um sicher ins Spiel zu kommen und wirkungsvoll zu verteidigen, muss der Verteidiger so lange auf seinen Gegner warten, bis er diesen abreiten und den Ball mit einem near-side-backshot in die entgegengesetzte Spielrichtung schlagen kann.<\/p>\n\n<hr class=\"wp-block-separator is-style-wide\"\/>\n\n<h2 id=\"fouls\">Fouls<\/h2>\n\n<p>Wie in anderen Ballsportarten werden auch beim Polo Fouls mit einem umfangreichen Strafkatalog (meistens Freischl\u00e4ge) geahndet. Verstehen wie es geht, um ein Spiel besser zu durchschauen und verfolgen zu k\u00f6nnen. Polo+10 erkl\u00e4rt die einzelnen Foul- situationen nach dem offiziellen Reglement des Deutschen Polo Verbandes.<\/p>\n\n<figure class=\"wp-block-image size-large\"><img decoding=\"async\" loading=\"lazy\" width=\"750\" height=\"542\" src=\"https:\/\/poloplus10.com\/wp-content\/uploads\/2021\/07\/playing-field-fouls.jpg\" alt=\"\" class=\"wp-image-65266\" srcset=\"https:\/\/poloplus10.com\/wp-content\/uploads\/2021\/07\/playing-field-fouls.jpg 750w, https:\/\/poloplus10.com\/wp-content\/uploads\/2021\/07\/playing-field-fouls-120x87.jpg 120w, https:\/\/poloplus10.com\/wp-content\/uploads\/2021\/07\/playing-field-fouls-90x65.jpg 90w, https:\/\/poloplus10.com\/wp-content\/uploads\/2021\/07\/playing-field-fouls-320x231.jpg 320w, https:\/\/poloplus10.com\/wp-content\/uploads\/2021\/07\/playing-field-fouls-560x405.jpg 560w\" sizes=\"(max-width: 750px) 100vw, 750px\" \/><figcaption>\u00a9 2004 POLO+10 The Polo Magazine, www.poloplus10.com<\/figcaption><\/figure>\n\n<p>Grunds\u00e4tzlich ist zu beachten: Das \u201eWegerecht\u201c (ROW \u2013 Right of Way) ist nicht identisch und nicht zu verwechseln mit der \u201eBall-Linie\u201c (LOB \u2013 Line of the Ball). In jeder Spielsituation hat der Spieler das Wegerecht, der sich auf der Linie des Balls befindet.<\/p>\n\n<h3 id=\"verboten-und-ein-foul-ist\">Verboten und ein Foul ist:<\/h3>\n\n<ol><li>Abreiten in einem f\u00fcr Pferd und Spieler gef\u00e4hrlichen Winkel.<\/li><li>Abreiten in einer h\u00f6heren Geschwindigkeit als der Gegner reitet.<\/li><li>In das gegnerische Pferd hinter dem Sattel hineinzureiten. Das Abreiten des Gegenspielers ist nur auf der H\u00f6he der Pferdeschulter erlaubt.&#13;\n<\/li><li>Zickzack vor einem anderen galoppierenden Spieler zu reiten und ihn zu einer Reduzierung der Geschwindigkeit zwingen.<\/li><li>Seitw\u00e4rts parieren, zerren des gegnerischen Pferdes oder \u00e4hnliche Aktionen, die ein Straucheln des Pferdes riskieren.<\/li><li>Abreiten eines Gegners \u00fcber die Wegerechtlinie eines anderen Spielers hinweg.<\/li><li>Auf einen Gegner zureiten, um ihn einzusch\u00fcchtern und\/oder ihn zu zwingen durchzuparieren oder absichtlich danebenzu- schlagen, ohne ein Foul zu begehen bzw. ohne die Ball-Linie zu kreuzen.<\/li><li>Ein so genanntes \u201eSandwich\u201c zu begehen, indem zwei Spieler derselben Mannschaft den Gegner in ihre Mitte nehmen und einklammern.<\/li><li>Absichtliches Hineinreiten in den R\u00fcckschlag (\u201eBackhand\u201c) eines gegnerischen Spielers. Absichtliches Hineinreiten des Pferdes von hinten in den \u201eNach-vorne-Schlag\u201c des Gegners.<\/li><li>Abreiten eines gegnerischen Spielers hinter der Grundlinie oder Torlinie bzw. weiterreiten in einer Form, die den Torrichter gef\u00e4hrden k\u00f6nnte.<\/li><\/ol>\n\n<p>Strafst\u00f6\u00dfe und Freischl\u00e4ge werden in der Regel aus Entfernungen von 30, 40 und 60 Yards ausgef\u00fchrt.<\/p>\n\t\t\t\t\t<\/div>\n\t\t\t\t\t\t<\/div>\n\t\t\t\t<\/div>\n\t\t\t\t\t\t<\/div>\n\t\t\t\t\t<\/div>\n\t\t<\/div>\n\t\t\t\t\t\t\t\t<\/div>\n\t\t\t\t\t<\/div>\n\t\t<\/section>\n\t\t\t\t\t\t\t\t\t<\/div>\n\t\t\t<\/div>\n\t\t\t\t\t<\/div>\n\t\t","protected":false},"excerpt":{"rendered":"<p>Spielfeld Line of the Ball Die Regel No.1 im Polosport ist die \u201eLine of the Ball\u201c \u2013 das so genannte Wegerecht. \u00a9 2004 POLO+10 The Polo Magazine, www.poloplus10.com Taktik und&hellip;<\/p>\n","protected":false},"author":1,"featured_media":0,"parent":68245,"menu_order":0,"comment_status":"closed","ping_status":"closed","template":"","meta":{"_monsterinsights_skip_tracking":false,"_monsterinsights_sitenote_active":false,"_monsterinsights_sitenote_note":"","_monsterinsights_sitenote_category":0},"acf":[],"yoast_head":"<!-- This site is optimized with the Yoast SEO plugin v19.6.1 - https:\/\/yoast.com\/wordpress\/plugins\/seo\/ -->\n<title>Spielfeld - POLO+10<\/title>\n<meta name=\"description\" content=\"Alle Infos \u00fcber die Rights and Wrongs; Do\u2019s and Dont\u2019s auf dem Polo-Spielfeld \u2013informativ und kompakt f\u00fcr dich auf POLO+10 aufbereitet.\" \/>\n<meta name=\"robots\" content=\"index, follow, max-snippet:-1, max-image-preview:large, max-video-preview:-1\" \/>\n<link rel=\"canonical\" href=\"https:\/\/poloplus10.com\/de\/polo-sport\/spielfeld\/\" \/>\n<meta property=\"og:locale\" content=\"de_DE\" \/>\n<meta property=\"og:type\" content=\"article\" \/>\n<meta property=\"og:title\" content=\"Spielfeld - POLO+10\" \/>\n<meta property=\"og:description\" content=\"Alle Infos \u00fcber die Rights and Wrongs; Do\u2019s and Dont\u2019s auf dem Polo-Spielfeld \u2013informativ und kompakt f\u00fcr dich auf POLO+10 aufbereitet.\" \/>\n<meta property=\"og:url\" content=\"https:\/\/poloplus10.com\/de\/polo-sport\/spielfeld\/\" \/>\n<meta property=\"og:site_name\" content=\"POLO+10\" \/>\n<meta property=\"article:modified_time\" content=\"2022-11-25T09:27:00+00:00\" \/>\n<meta property=\"og:image\" content=\"https:\/\/poloplus10.com\/wp-content\/uploads\/2021\/07\/playing-field-line-of-the-ball.jpg\" \/>\n<meta name=\"twitter:card\" content=\"summary_large_image\" \/>\n<meta name=\"twitter:label1\" content=\"Gesch\u00e4tzte Lesezeit\" \/>\n\t<meta name=\"twitter:data1\" content=\"5\u00a0Minuten\" \/>\n<script type=\"application\/ld+json\" class=\"yoast-schema-graph\">{\"@context\":\"https:\/\/schema.org\",\"@graph\":[{\"@type\":\"WebPage\",\"@id\":\"https:\/\/poloplus10.com\/de\/polo-sport\/spielfeld\/\",\"url\":\"https:\/\/poloplus10.com\/de\/polo-sport\/spielfeld\/\",\"name\":\"Spielfeld - POLO+10\",\"isPartOf\":{\"@id\":\"https:\/\/poloplus10.com\/#website\"},\"datePublished\":\"2021-10-01T09:01:31+00:00\",\"dateModified\":\"2022-11-25T09:27:00+00:00\",\"description\":\"Alle Infos \u00fcber die Rights and Wrongs; Do\u2019s and Dont\u2019s auf dem Polo-Spielfeld \u2013informativ und kompakt f\u00fcr dich auf POLO+10 aufbereitet.\",\"breadcrumb\":{\"@id\":\"https:\/\/poloplus10.com\/de\/polo-sport\/spielfeld\/#breadcrumb\"},\"inLanguage\":\"de\",\"potentialAction\":[{\"@type\":\"ReadAction\",\"target\":[\"https:\/\/poloplus10.com\/de\/polo-sport\/spielfeld\/\"]}]},{\"@type\":\"BreadcrumbList\",\"@id\":\"https:\/\/poloplus10.com\/de\/polo-sport\/spielfeld\/#breadcrumb\",\"itemListElement\":[{\"@type\":\"ListItem\",\"position\":1,\"name\":\"Home\",\"item\":\"https:\/\/poloplus10.com\/\"},{\"@type\":\"ListItem\",\"position\":2,\"name\":\"Polo-Sport\",\"item\":\"https:\/\/poloplus10.com\/de\/polo-sport\/\"},{\"@type\":\"ListItem\",\"position\":3,\"name\":\"Spielfeld\"}]},{\"@type\":\"WebSite\",\"@id\":\"https:\/\/poloplus10.com\/#website\",\"url\":\"https:\/\/poloplus10.com\/\",\"name\":\"POLO+10\",\"description\":\"The Polo Magazine\",\"publisher\":{\"@id\":\"https:\/\/poloplus10.com\/#organization\"},\"potentialAction\":[{\"@type\":\"SearchAction\",\"target\":{\"@type\":\"EntryPoint\",\"urlTemplate\":\"https:\/\/poloplus10.com\/?s={search_term_string}\"},\"query-input\":\"required name=search_term_string\"}],\"inLanguage\":\"de\"},{\"@type\":\"Organization\",\"@id\":\"https:\/\/poloplus10.com\/#organization\",\"name\":\"POLO+10 GmbH\",\"url\":\"https:\/\/poloplus10.com\/\",\"sameAs\":[],\"logo\":{\"@type\":\"ImageObject\",\"inLanguage\":\"de\",\"@id\":\"https:\/\/poloplus10.com\/#\/schema\/logo\/image\/\",\"url\":\"https:\/\/poloplus10.demo-on.de\/wp-content\/uploads\/2021\/07\/poloplus10_logo.png\",\"contentUrl\":\"https:\/\/poloplus10.demo-on.de\/wp-content\/uploads\/2021\/07\/poloplus10_logo.png\",\"width\":300,\"height\":64,\"caption\":\"POLO+10 GmbH\"},\"image\":{\"@id\":\"https:\/\/poloplus10.com\/#\/schema\/logo\/image\/\"}}]}<\/script>\n<!-- \/ Yoast SEO plugin. -->","yoast_head_json":{"title":"Spielfeld - POLO+10","description":"Alle Infos \u00fcber die Rights and Wrongs; Do\u2019s and Dont\u2019s auf dem Polo-Spielfeld \u2013informativ und kompakt f\u00fcr dich auf POLO+10 aufbereitet.","robots":{"index":"index","follow":"follow","max-snippet":"max-snippet:-1","max-image-preview":"max-image-preview:large","max-video-preview":"max-video-preview:-1"},"canonical":"https:\/\/poloplus10.com\/de\/polo-sport\/spielfeld\/","og_locale":"de_DE","og_type":"article","og_title":"Spielfeld - POLO+10","og_description":"Alle Infos \u00fcber die Rights and Wrongs; Do\u2019s and Dont\u2019s auf dem Polo-Spielfeld \u2013informativ und kompakt f\u00fcr dich auf POLO+10 aufbereitet.","og_url":"https:\/\/poloplus10.com\/de\/polo-sport\/spielfeld\/","og_site_name":"POLO+10","article_modified_time":"2022-11-25T09:27:00+00:00","og_image":[{"url":"https:\/\/poloplus10.com\/wp-content\/uploads\/2021\/07\/playing-field-line-of-the-ball.jpg"}],"twitter_card":"summary_large_image","twitter_misc":{"Gesch\u00e4tzte Lesezeit":"5\u00a0Minuten"},"schema":{"@context":"https:\/\/schema.org","@graph":[{"@type":"WebPage","@id":"https:\/\/poloplus10.com\/de\/polo-sport\/spielfeld\/","url":"https:\/\/poloplus10.com\/de\/polo-sport\/spielfeld\/","name":"Spielfeld - POLO+10","isPartOf":{"@id":"https:\/\/poloplus10.com\/#website"},"datePublished":"2021-10-01T09:01:31+00:00","dateModified":"2022-11-25T09:27:00+00:00","description":"Alle Infos \u00fcber die Rights and Wrongs; Do\u2019s and Dont\u2019s auf dem Polo-Spielfeld \u2013informativ und kompakt f\u00fcr dich auf POLO+10 aufbereitet.","breadcrumb":{"@id":"https:\/\/poloplus10.com\/de\/polo-sport\/spielfeld\/#breadcrumb"},"inLanguage":"de","potentialAction":[{"@type":"ReadAction","target":["https:\/\/poloplus10.com\/de\/polo-sport\/spielfeld\/"]}]},{"@type":"BreadcrumbList","@id":"https:\/\/poloplus10.com\/de\/polo-sport\/spielfeld\/#breadcrumb","itemListElement":[{"@type":"ListItem","position":1,"name":"Home","item":"https:\/\/poloplus10.com\/"},{"@type":"ListItem","position":2,"name":"Polo-Sport","item":"https:\/\/poloplus10.com\/de\/polo-sport\/"},{"@type":"ListItem","position":3,"name":"Spielfeld"}]},{"@type":"WebSite","@id":"https:\/\/poloplus10.com\/#website","url":"https:\/\/poloplus10.com\/","name":"POLO+10","description":"The Polo Magazine","publisher":{"@id":"https:\/\/poloplus10.com\/#organization"},"potentialAction":[{"@type":"SearchAction","target":{"@type":"EntryPoint","urlTemplate":"https:\/\/poloplus10.com\/?s={search_term_string}"},"query-input":"required name=search_term_string"}],"inLanguage":"de"},{"@type":"Organization","@id":"https:\/\/poloplus10.com\/#organization","name":"POLO+10 GmbH","url":"https:\/\/poloplus10.com\/","sameAs":[],"logo":{"@type":"ImageObject","inLanguage":"de","@id":"https:\/\/poloplus10.com\/#\/schema\/logo\/image\/","url":"https:\/\/poloplus10.demo-on.de\/wp-content\/uploads\/2021\/07\/poloplus10_logo.png","contentUrl":"https:\/\/poloplus10.demo-on.de\/wp-content\/uploads\/2021\/07\/poloplus10_logo.png","width":300,"height":64,"caption":"POLO+10 GmbH"},"image":{"@id":"https:\/\/poloplus10.com\/#\/schema\/logo\/image\/"}}]}},"_links":{"self":[{"href":"https:\/\/poloplus10.com\/de\/wp-json\/wp\/v2\/pages\/68251"}],"collection":[{"href":"https:\/\/poloplus10.com\/de\/wp-json\/wp\/v2\/pages"}],"about":[{"href":"https:\/\/poloplus10.com\/de\/wp-json\/wp\/v2\/types\/page"}],"author":[{"embeddable":true,"href":"https:\/\/poloplus10.com\/de\/wp-json\/wp\/v2\/users\/1"}],"replies":[{"embeddable":true,"href":"https:\/\/poloplus10.com\/de\/wp-json\/wp\/v2\/comments?post=68251"}],"version-history":[{"count":5,"href":"https:\/\/poloplus10.com\/de\/wp-json\/wp\/v2\/pages\/68251\/revisions"}],"predecessor-version":[{"id":85366,"href":"https:\/\/poloplus10.com\/de\/wp-json\/wp\/v2\/pages\/68251\/revisions\/85366"}],"up":[{"embeddable":true,"href":"https:\/\/poloplus10.com\/de\/wp-json\/wp\/v2\/pages\/68245"}],"wp:attachment":[{"href":"https:\/\/poloplus10.com\/de\/wp-json\/wp\/v2\/media?parent=68251"}],"curies":[{"name":"wp","href":"https:\/\/api.w.org\/{rel}","templated":true}]}}