{"id":68253,"date":"2021-10-01T11:07:15","date_gmt":"2021-10-01T09:07:15","guid":{"rendered":"https:\/\/poloplus10.com\/polo-sport\/polo-1x1\/"},"modified":"2022-11-25T10:25:35","modified_gmt":"2022-11-25T09:25:35","slug":"polo-1x1","status":"publish","type":"page","link":"https:\/\/poloplus10.com\/de\/polo-sport\/polo-1x1\/","title":{"rendered":"Polo 1&#215;1"},"content":{"rendered":"\t\t<div data-elementor-type=\"wp-page\" data-elementor-id=\"68253\" class=\"elementor elementor-68253 elementor-65257\">\n\t\t\t\t\t\t<div class=\"elementor-inner\">\n\t\t\t\t<div class=\"elementor-section-wrap\">\n\t\t\t\t\t\t\t\t\t<section class=\"elementor-section elementor-top-section elementor-element elementor-element-35b0d349 elementor-section-boxed elementor-section-height-default elementor-section-height-default\" data-id=\"35b0d349\" data-element_type=\"section\">\n\t\t\t\t\t\t<div class=\"elementor-container elementor-column-gap-default\">\n\t\t\t\t\t\t\t<div class=\"elementor-row\">\n\t\t\t\t\t<div class=\"elementor-column elementor-col-100 elementor-top-column elementor-element elementor-element-3c287fdd\" data-id=\"3c287fdd\" data-element_type=\"column\">\n\t\t\t<div class=\"elementor-column-wrap elementor-element-populated\">\n\t\t\t\t\t\t\t<div class=\"elementor-widget-wrap\">\n\t\t\t\t\t\t<div class=\"elementor-element elementor-element-4a19257 elementor-widget elementor-widget-heading\" data-id=\"4a19257\" data-element_type=\"widget\" data-widget_type=\"heading.default\">\n\t\t\t\t<div class=\"elementor-widget-container\">\n\t\t\t<h1 id=\"polo-1x1\" class=\"elementor-heading-title elementor-size-default\">Polo 1x1<\/h1>\t\t<\/div>\n\t\t\t\t<\/div>\n\t\t\t\t<div class=\"elementor-element elementor-element-6686f83 elementor-widget-divider--view-line elementor-widget elementor-widget-divider\" data-id=\"6686f83\" data-element_type=\"widget\" data-widget_type=\"divider.default\">\n\t\t\t\t<div class=\"elementor-widget-container\">\n\t\t\t\t\t<div class=\"elementor-divider\">\n\t\t\t<span class=\"elementor-divider-separator\">\n\t\t\t\t\t\t<\/span>\n\t\t<\/div>\n\t\t\t\t<\/div>\n\t\t\t\t<\/div>\n\t\t\t\t<div class=\"elementor-element elementor-element-82ab5f3 elementor-widget elementor-widget-text-editor\" data-id=\"82ab5f3\" data-element_type=\"widget\" data-widget_type=\"text-editor.default\">\n\t\t\t\t<div class=\"elementor-widget-container\">\n\t\t\t\t\t\t\t\t<div class=\"elementor-text-editor elementor-clearfix\">\n\t\t\t\t\n<h2 id=\"die-polo-basics\">Die Polo Basics<\/h2>\n\n<p>Wer die wichtigsten Grundregeln kennt, findet sich auch als Poloneuling schnell ins Spielgeschehen ein. Hier die Basics des schnellen Sports auf einen Blick.<\/p>\n\n<p>\u00a0<\/p>\n\n<figure class=\"wp-block-image size-full\"><img decoding=\"async\" loading=\"lazy\" width=\"580\" height=\"406\" class=\"wp-image-67875\" src=\"https:\/\/poloplus10.com\/wp-content\/uploads\/2021\/09\/polo1x1.jpg\" alt=\"\" srcset=\"https:\/\/poloplus10.com\/wp-content\/uploads\/2021\/09\/polo1x1.jpg 580w, https:\/\/poloplus10.com\/wp-content\/uploads\/2021\/09\/polo1x1-120x84.jpg 120w, https:\/\/poloplus10.com\/wp-content\/uploads\/2021\/09\/polo1x1-90x63.jpg 90w, https:\/\/poloplus10.com\/wp-content\/uploads\/2021\/09\/polo1x1-320x224.jpg 320w, https:\/\/poloplus10.com\/wp-content\/uploads\/2021\/09\/polo1x1-560x392.jpg 560w\" sizes=\"(max-width: 580px) 100vw, 580px\" \/>\n<figcaption>\u00a9 Jacques Toffi<\/figcaption>\n<\/figure>\n\n<h3 id=\"das-team\">Das Team<\/h3>\n\n<p>Jeder der vier Spieler tr\u00e4gt entsprechend seiner Position auf dem Feld eine Nummer. Nr. 1 ist der Angreifer, Nr. 2 ein Mittelfeld-Spieler. Nr. 3 ist der taktische Dreh- und Angelpunkt, das Herz des Teams, und Nr. 4 (auch \u201eback\u201c genannt) ist der Verteidiger auf der hintersten Position. W\u00e4hrend sich 1 und 2 nach vorne orientieren, \u00fcbernehmen 3 und 4 die Verteidigungsaufgaben und bauen das Spiel von hinten auf.<\/p>\n\n<h3 id=\"das-spielfeld\">Das Spielfeld<\/h3>\n\n<p>Das Polospielfeld ist 300 Yards lang und 200 Yards breit, was einer Bema\u00dfung von ca. 270 m mal 180 m entspricht. Die 3 m hohen Torpfosten stehen 8 Yards (ca. 7,20 m) auseinander und sind aus Sicherheitsgr\u00fcnden nicht fest verankert. Als Torerfolg wird auch jeder Ball gerechnet, der zwischen den gedachten Verl\u00e4ngerungslinien der Pfosten \u2013 egal in welcher H\u00f6he \u2013 hindurchgeschlagen wird.<\/p>\n\n<h3 id=\"die-spielzeit\">Die Spielzeit<\/h3>\n\n<p>Ein Spiel besteht aus mindestens vier bis h\u00f6chstens acht Spielabschnitten, den so genannten Chuckern. Ein Chucker hat 7,5 Minuten reine Spielzeit, bei Unterbrechungen wird die Uhr angehalten. In Deutschland werden in der Regel vier Chucker gespielt. Die Pausen zwischen den einzelnen Spielabschnitten, in denen die Pferde gewechselt werden m\u00fcssen, dauern zwischen drei und f\u00fcnf Minuten. Nach jedem Torerfolg \u00e4ndern die Mannschaften die Spielrichtung, was f\u00fcr Zuschauer, die zum ersten Mal Polo sehen, \u00e4u\u00dferst verwirrend sein kann. F\u00e4llt ein Spieler vom Pferd, ohne sich zu verletzen, l\u00e4uft das Spiel weiter. St\u00fcrzt oder verletzt sich ein Pferd, ger\u00e4t ein Zaumzeug in Unordnung oder l\u00f6st sich eine Bandage, wird das Spiel sofort unterbrochen.<\/p>\n\n<h3 id=\"das-handicap\">Das Handicap<\/h3>\n\n<p>Jeder Spieler hat \u2013 \u00e4hnlich wie beim Golf \u2013 ein individuelles Handicap in einer Skala von -2 (Anf\u00e4nger) bis +10. Auf der ganzen Welt gibt es derzeit nur eine Handvoll Spieler mit einem Handicap von +10. Rund 90 Prozent der Spieler bewegen sich in einem Handicapbereich von 0 bis +2. Das Teamhandicap addiert sich aus den Einzelhandicaps der Spieler. Treffen Mannschaften mit unterschiedlichem Teamhandicap aufeinander, erh\u00e4lt die Mannschaft mit dem niedrigeren Teamhandicap eine Torvorgabe.<\/p>\n\n<h3 id=\"line-of-the-ball\">Line of the Ball<\/h3>\n\n<p>Die Linie des Balls und das Wegerecht bilden die Grundlage des Spiels. Die Linie des Balls ist die weitergedachte Richtungslinie des geschlagenen Balls. Diese Linie darf von einem Gegner nicht gekreuzt werden. Der Spieler, der seinem geschlagenen Ball auf gerader Linie folgt oder als erster ohne Behinderung anderer auf die Linie des rollenden oder fliegenden Balles einschwenkt, darf nicht von einem anderen Spieler gekreuzt werden, da dadurch Pferd oder Spieler gef\u00e4hrdet w\u00fcrden.<\/p>\n\n<h3 id=\"der-schlaeger-und-der-ball\">Der Schl\u00e4ger und der Ball<\/h3>\n\n<p>Der Poloschl\u00e4ger (auch Stick genannt) besteht normalerweise aus Bambus oder Weidenholz und darf nur in der rechten Hand gef\u00fchrt werden. Je nach Gr\u00f6\u00dfe von Pferd und Reiter sind die Sticks zwischen 122 cm und 137 cm lang. Das Endst\u00fcck, mit dem der Ball geschlagen wird, hei\u00dft \u201eZigarre\u201c. Die B\u00e4lle, traditionell aus gepresstem Bambus, bestehen heute zumeist aus Kunststoff, haben einen Durchmesser von rund zehn Zentimetern und wiegen etwa 130 Gramm. Hart geschlagene B\u00e4lle erreichen Geschwindigkeiten von 130 km\/h.<\/p>\n\n<h3 id=\"hooking-sticken\">Hooking\u2009\/\u2009Sticken<\/h3>\n\n<p>Das Hooking, auch Sticken genannt, dient dazu, den Gegner bei einem Angriff aufs Tor zu st\u00f6ren. Hierzu hakt ein Spieler seinen Schl\u00e4ger in den des Gegners und hindert diesen daran, einen Schlag auszuf\u00fchren. Es darf aber keinesfalls unter dem Pferdehals oder den Pferdebeinen hindurch \u201egehookt\u201c werden. Wichtigste Regel im Polosport ist der Schutz des Pferdes, der immer vorgeht!<\/p>\n\n<h3 id=\"seitenwechsel-nach-dem-tor\">Seitenwechsel nach dem Tor<\/h3>\n\n<p>Eine der wichtigsten Regeln zum Verst\u00e4ndnis des Spiels: Nach jedem Tor wechselt die Spielrichtung der Teams. Dies h\u00e4ngt damit zusammen, dass Polo in Indien aufgrund der hohen Temperaturen meist abends gespielt wurde. In den Abendstunden steht die Sonne tief und blendet die Spieler, durch die h\u00e4ufigen Seitenwechsel sind die Chancen der Teams ausgeglichen.<\/p>\n\n<h3 id=\"throw-in\">Throw In<\/h3>\n\n<p>Ein \u00bbThrow In\u00ab findet nach jedem Tor statt. Hierbei stellen sich die Spieler beider Mannschaften an der Mittellinie des Spielfelds jeweils in Richtung des gegnerischen Tores auf. Der Ball wird von einem der beiden Schiedsrichter mit dem Ruf \u00bbPlay\u00ab eingeworfen. Au\u00dferdem finden \u00bbThrow Ins\u00ab w\u00e4hrend des Spiels und zu Beginn jedes weiteren Chukkers statt, immer an der Stelle, an der das vorherige Chukker geendet hat.<\/p>\n\t\t\t\t\t<\/div>\n\t\t\t\t\t\t<\/div>\n\t\t\t\t<\/div>\n\t\t\t\t\t\t<\/div>\n\t\t\t\t\t<\/div>\n\t\t<\/div>\n\t\t\t\t\t\t\t\t<\/div>\n\t\t\t\t\t<\/div>\n\t\t<\/section>\n\t\t\t\t\t\t\t\t\t<\/div>\n\t\t\t<\/div>\n\t\t\t\t\t<\/div>\n\t\t","protected":false},"excerpt":{"rendered":"<p>Polo 1&#215;1 Die Polo Basics Wer die wichtigsten Grundregeln kennt, findet sich auch als Poloneuling schnell ins Spielgeschehen ein. Hier die Basics des schnellen Sports auf einen Blick. \u00a9 Jacques&hellip;<\/p>\n","protected":false},"author":1,"featured_media":0,"parent":68245,"menu_order":0,"comment_status":"closed","ping_status":"closed","template":"","meta":{"_monsterinsights_skip_tracking":false,"_monsterinsights_sitenote_active":false,"_monsterinsights_sitenote_note":"","_monsterinsights_sitenote_category":0},"acf":[],"yoast_head":"<!-- This site is optimized with the Yoast SEO plugin v19.6.1 - https:\/\/yoast.com\/wordpress\/plugins\/seo\/ -->\n<title>Polo 1x1 - POLO+10<\/title>\n<meta name=\"description\" content=\"Wer noch ganz neu ist in der faszinierenden Welt von Polo, findet in diesem Bereich alle Grundregeln des schnellen Sports auf einen Blick.\" \/>\n<meta name=\"robots\" content=\"index, follow, max-snippet:-1, max-image-preview:large, max-video-preview:-1\" \/>\n<link rel=\"canonical\" href=\"https:\/\/poloplus10.com\/de\/polo-sport\/polo-1x1\/\" \/>\n<meta property=\"og:locale\" content=\"de_DE\" \/>\n<meta property=\"og:type\" content=\"article\" \/>\n<meta property=\"og:title\" content=\"Polo 1x1 - POLO+10\" \/>\n<meta property=\"og:description\" content=\"Wer noch ganz neu ist in der faszinierenden Welt von Polo, findet in diesem Bereich alle Grundregeln des schnellen Sports auf einen Blick.\" \/>\n<meta property=\"og:url\" content=\"https:\/\/poloplus10.com\/de\/polo-sport\/polo-1x1\/\" \/>\n<meta property=\"og:site_name\" content=\"POLO+10\" \/>\n<meta property=\"article:modified_time\" content=\"2022-11-25T09:25:35+00:00\" \/>\n<meta property=\"og:image\" content=\"https:\/\/poloplus10.com\/wp-content\/uploads\/2021\/09\/polo1x1.jpg\" \/>\n<meta name=\"twitter:card\" content=\"summary_large_image\" \/>\n<meta name=\"twitter:label1\" content=\"Gesch\u00e4tzte Lesezeit\" \/>\n\t<meta name=\"twitter:data1\" content=\"4\u00a0Minuten\" \/>\n<script type=\"application\/ld+json\" class=\"yoast-schema-graph\">{\"@context\":\"https:\/\/schema.org\",\"@graph\":[{\"@type\":\"WebPage\",\"@id\":\"https:\/\/poloplus10.com\/de\/polo-sport\/polo-1x1\/\",\"url\":\"https:\/\/poloplus10.com\/de\/polo-sport\/polo-1x1\/\",\"name\":\"Polo 1x1 - POLO+10\",\"isPartOf\":{\"@id\":\"https:\/\/poloplus10.com\/#website\"},\"datePublished\":\"2021-10-01T09:07:15+00:00\",\"dateModified\":\"2022-11-25T09:25:35+00:00\",\"description\":\"Wer noch ganz neu ist in der faszinierenden Welt von Polo, findet in diesem Bereich alle Grundregeln des schnellen Sports auf einen Blick.\",\"breadcrumb\":{\"@id\":\"https:\/\/poloplus10.com\/de\/polo-sport\/polo-1x1\/#breadcrumb\"},\"inLanguage\":\"de\",\"potentialAction\":[{\"@type\":\"ReadAction\",\"target\":[\"https:\/\/poloplus10.com\/de\/polo-sport\/polo-1x1\/\"]}]},{\"@type\":\"BreadcrumbList\",\"@id\":\"https:\/\/poloplus10.com\/de\/polo-sport\/polo-1x1\/#breadcrumb\",\"itemListElement\":[{\"@type\":\"ListItem\",\"position\":1,\"name\":\"Home\",\"item\":\"https:\/\/poloplus10.com\/\"},{\"@type\":\"ListItem\",\"position\":2,\"name\":\"Polo-Sport\",\"item\":\"https:\/\/poloplus10.com\/de\/polo-sport\/\"},{\"@type\":\"ListItem\",\"position\":3,\"name\":\"Polo 1&#215;1\"}]},{\"@type\":\"WebSite\",\"@id\":\"https:\/\/poloplus10.com\/#website\",\"url\":\"https:\/\/poloplus10.com\/\",\"name\":\"POLO+10\",\"description\":\"The Polo Magazine\",\"publisher\":{\"@id\":\"https:\/\/poloplus10.com\/#organization\"},\"potentialAction\":[{\"@type\":\"SearchAction\",\"target\":{\"@type\":\"EntryPoint\",\"urlTemplate\":\"https:\/\/poloplus10.com\/?s={search_term_string}\"},\"query-input\":\"required name=search_term_string\"}],\"inLanguage\":\"de\"},{\"@type\":\"Organization\",\"@id\":\"https:\/\/poloplus10.com\/#organization\",\"name\":\"POLO+10 GmbH\",\"url\":\"https:\/\/poloplus10.com\/\",\"sameAs\":[],\"logo\":{\"@type\":\"ImageObject\",\"inLanguage\":\"de\",\"@id\":\"https:\/\/poloplus10.com\/#\/schema\/logo\/image\/\",\"url\":\"https:\/\/poloplus10.demo-on.de\/wp-content\/uploads\/2021\/07\/poloplus10_logo.png\",\"contentUrl\":\"https:\/\/poloplus10.demo-on.de\/wp-content\/uploads\/2021\/07\/poloplus10_logo.png\",\"width\":300,\"height\":64,\"caption\":\"POLO+10 GmbH\"},\"image\":{\"@id\":\"https:\/\/poloplus10.com\/#\/schema\/logo\/image\/\"}}]}<\/script>\n<!-- \/ Yoast SEO plugin. -->","yoast_head_json":{"title":"Polo 1x1 - POLO+10","description":"Wer noch ganz neu ist in der faszinierenden Welt von Polo, findet in diesem Bereich alle Grundregeln des schnellen Sports auf einen Blick.","robots":{"index":"index","follow":"follow","max-snippet":"max-snippet:-1","max-image-preview":"max-image-preview:large","max-video-preview":"max-video-preview:-1"},"canonical":"https:\/\/poloplus10.com\/de\/polo-sport\/polo-1x1\/","og_locale":"de_DE","og_type":"article","og_title":"Polo 1x1 - POLO+10","og_description":"Wer noch ganz neu ist in der faszinierenden Welt von Polo, findet in diesem Bereich alle Grundregeln des schnellen Sports auf einen Blick.","og_url":"https:\/\/poloplus10.com\/de\/polo-sport\/polo-1x1\/","og_site_name":"POLO+10","article_modified_time":"2022-11-25T09:25:35+00:00","og_image":[{"url":"https:\/\/poloplus10.com\/wp-content\/uploads\/2021\/09\/polo1x1.jpg"}],"twitter_card":"summary_large_image","twitter_misc":{"Gesch\u00e4tzte Lesezeit":"4\u00a0Minuten"},"schema":{"@context":"https:\/\/schema.org","@graph":[{"@type":"WebPage","@id":"https:\/\/poloplus10.com\/de\/polo-sport\/polo-1x1\/","url":"https:\/\/poloplus10.com\/de\/polo-sport\/polo-1x1\/","name":"Polo 1x1 - POLO+10","isPartOf":{"@id":"https:\/\/poloplus10.com\/#website"},"datePublished":"2021-10-01T09:07:15+00:00","dateModified":"2022-11-25T09:25:35+00:00","description":"Wer noch ganz neu ist in der faszinierenden Welt von Polo, findet in diesem Bereich alle Grundregeln des schnellen Sports auf einen Blick.","breadcrumb":{"@id":"https:\/\/poloplus10.com\/de\/polo-sport\/polo-1x1\/#breadcrumb"},"inLanguage":"de","potentialAction":[{"@type":"ReadAction","target":["https:\/\/poloplus10.com\/de\/polo-sport\/polo-1x1\/"]}]},{"@type":"BreadcrumbList","@id":"https:\/\/poloplus10.com\/de\/polo-sport\/polo-1x1\/#breadcrumb","itemListElement":[{"@type":"ListItem","position":1,"name":"Home","item":"https:\/\/poloplus10.com\/"},{"@type":"ListItem","position":2,"name":"Polo-Sport","item":"https:\/\/poloplus10.com\/de\/polo-sport\/"},{"@type":"ListItem","position":3,"name":"Polo 1&#215;1"}]},{"@type":"WebSite","@id":"https:\/\/poloplus10.com\/#website","url":"https:\/\/poloplus10.com\/","name":"POLO+10","description":"The Polo Magazine","publisher":{"@id":"https:\/\/poloplus10.com\/#organization"},"potentialAction":[{"@type":"SearchAction","target":{"@type":"EntryPoint","urlTemplate":"https:\/\/poloplus10.com\/?s={search_term_string}"},"query-input":"required name=search_term_string"}],"inLanguage":"de"},{"@type":"Organization","@id":"https:\/\/poloplus10.com\/#organization","name":"POLO+10 GmbH","url":"https:\/\/poloplus10.com\/","sameAs":[],"logo":{"@type":"ImageObject","inLanguage":"de","@id":"https:\/\/poloplus10.com\/#\/schema\/logo\/image\/","url":"https:\/\/poloplus10.demo-on.de\/wp-content\/uploads\/2021\/07\/poloplus10_logo.png","contentUrl":"https:\/\/poloplus10.demo-on.de\/wp-content\/uploads\/2021\/07\/poloplus10_logo.png","width":300,"height":64,"caption":"POLO+10 GmbH"},"image":{"@id":"https:\/\/poloplus10.com\/#\/schema\/logo\/image\/"}}]}},"_links":{"self":[{"href":"https:\/\/poloplus10.com\/de\/wp-json\/wp\/v2\/pages\/68253"}],"collection":[{"href":"https:\/\/poloplus10.com\/de\/wp-json\/wp\/v2\/pages"}],"about":[{"href":"https:\/\/poloplus10.com\/de\/wp-json\/wp\/v2\/types\/page"}],"author":[{"embeddable":true,"href":"https:\/\/poloplus10.com\/de\/wp-json\/wp\/v2\/users\/1"}],"replies":[{"embeddable":true,"href":"https:\/\/poloplus10.com\/de\/wp-json\/wp\/v2\/comments?post=68253"}],"version-history":[{"count":5,"href":"https:\/\/poloplus10.com\/de\/wp-json\/wp\/v2\/pages\/68253\/revisions"}],"predecessor-version":[{"id":85365,"href":"https:\/\/poloplus10.com\/de\/wp-json\/wp\/v2\/pages\/68253\/revisions\/85365"}],"up":[{"embeddable":true,"href":"https:\/\/poloplus10.com\/de\/wp-json\/wp\/v2\/pages\/68245"}],"wp:attachment":[{"href":"https:\/\/poloplus10.com\/de\/wp-json\/wp\/v2\/media?parent=68253"}],"curies":[{"name":"wp","href":"https:\/\/api.w.org\/{rel}","templated":true}]}}