{"id":68257,"date":"2021-10-01T11:15:22","date_gmt":"2021-10-01T09:15:22","guid":{"rendered":"https:\/\/poloplus10.com\/polo-sport\/dies-und-das\/"},"modified":"2022-11-25T15:29:56","modified_gmt":"2022-11-25T14:29:56","slug":"dies-und-das","status":"publish","type":"page","link":"https:\/\/poloplus10.com\/de\/polo-sport\/dies-und-das\/","title":{"rendered":"Dies und Das"},"content":{"rendered":"\t\t<div data-elementor-type=\"wp-page\" data-elementor-id=\"68257\" class=\"elementor elementor-68257 elementor-65270\">\n\t\t\t\t\t\t<div class=\"elementor-inner\">\n\t\t\t\t<div class=\"elementor-section-wrap\">\n\t\t\t\t\t\t\t\t\t<section class=\"elementor-section elementor-top-section elementor-element elementor-element-693eeb34 elementor-section-boxed elementor-section-height-default elementor-section-height-default\" data-id=\"693eeb34\" data-element_type=\"section\">\n\t\t\t\t\t\t<div class=\"elementor-container elementor-column-gap-default\">\n\t\t\t\t\t\t\t<div class=\"elementor-row\">\n\t\t\t\t\t<div class=\"elementor-column elementor-col-100 elementor-top-column elementor-element elementor-element-528002e5\" data-id=\"528002e5\" data-element_type=\"column\">\n\t\t\t<div class=\"elementor-column-wrap elementor-element-populated\">\n\t\t\t\t\t\t\t<div class=\"elementor-widget-wrap\">\n\t\t\t\t\t\t<div class=\"elementor-element elementor-element-e617b1f elementor-widget elementor-widget-heading\" data-id=\"e617b1f\" data-element_type=\"widget\" data-widget_type=\"heading.default\">\n\t\t\t\t<div class=\"elementor-widget-container\">\n\t\t\t<h1 id=\"dies-und-das\" class=\"elementor-heading-title elementor-size-default\">Dies und Das<\/h1>\t\t<\/div>\n\t\t\t\t<\/div>\n\t\t\t\t<div class=\"elementor-element elementor-element-d53212e elementor-widget-divider--view-line elementor-widget elementor-widget-divider\" data-id=\"d53212e\" data-element_type=\"widget\" data-widget_type=\"divider.default\">\n\t\t\t\t<div class=\"elementor-widget-container\">\n\t\t\t\t\t<div class=\"elementor-divider\">\n\t\t\t<span class=\"elementor-divider-separator\">\n\t\t\t\t\t\t<\/span>\n\t\t<\/div>\n\t\t\t\t<\/div>\n\t\t\t\t<\/div>\n\t\t\t\t<div class=\"elementor-element elementor-element-3aa9af8d elementor-widget elementor-widget-text-editor\" data-id=\"3aa9af8d\" data-element_type=\"widget\" data-widget_type=\"text-editor.default\">\n\t\t\t\t<div class=\"elementor-widget-container\">\n\t\t\t\t\t\t\t\t<div class=\"elementor-text-editor elementor-clearfix\">\n\t\t\t\t\n<h2 id=\"ein-wohl-gehuetetes-geheimnis\">Ein wohl geh\u00fctetes Geheimnis<\/h2>\n\n<p>Immer auf der Hut -Geschmackssache oder Glaubensfrage? Das Thema Hut ist sensibel, fast umstritten. Der Polo-Sport sieht das lockerer.<\/p>\n\n<p>H\u00fcte und Pferdesport geh\u00f6ren unbedingt zusammen, meinen die einen. H\u00fcte und Pferdesport geh\u00f6ren nur dann zusammen, wenn der Sport Galopprennen hei\u00dft, meinen die anderen. Dritte wieder sind sich nicht sicher und eifern dankbar jedem der seltenen Anl\u00e4sse entgegen, an denen sie ihre liebgewonnene Kopfbedeckung unters Volk bringen, sprich zur Schau stellen k\u00f6nnen. Eine weitere Gruppierung misst dem Thema einen blanken Sicherheitsgedanken bei. Tr\u00e4gt ebenso l\u00f6blich wie vorschriftsm\u00e4\u00dfig gro\u00dfformatige Helme und Schutzkappen aller Couleur ob nun im Sattel des Pferdes, des Zweirades oder bei sonstiger mobiler Bet\u00e4tigung. Tatsache ist: Die Hutfrage entbehrt einer gewissen Logik, h\u00e4lt fern aller Kausalzusammenh\u00e4nge keinerlei Richtlinien f\u00fcr den User, besser Tr\u00e4ger, bereit. Was also tun? Konsens ist nicht in Sicht. Die Hannoveraner fordern in ihrer Pressemitteilung auf: \u201eJetzt hei\u00dft es also: Einen schicken Hut aufsetzen, den Hund anleinen, \u2026und auf nach Maspe\u201c. Der heimisch Zweitbeste Christopher Kirsch (hdc +4) hingegen wird im Handelsblatt mit gegenteiliger Meinung zitiert. Befragt zum Polo-Drumherum sagt er: \u201eMit Schickimicki hat das nichts zu tun. Im Gegensatz zu anderen Events im Pferdesport gibt es bei uns keine Kleiderordnung. Die Damen d\u00fcrfen ihre H\u00fcte zu Hause lassen.\u201c Da bleibt der arglose Polo-G\u00e4nger nun wieder mit zahllosen Fragezeichen hinter allen Erw\u00e4gungen zu \u201eDo\u2019s\u201c und \u201eDont*s\u201c der Garderobe allein. Schlie\u00dflich ist die Frage der Kopfbedeckung selbst schon eine Tradition. 5.000 Jahre alt ist die Idee, seinen Kopf nicht bar durch die Welt zu tragen. Die Karriere der Damenh\u00fcte begann im 18. Jahrhundert in Form einer Haube, die allen verheirateten Frauenzimmern zur Pflicht gemacht wurde \u2013 schlie\u00dflich waren sie jetzt \u201eunter der Haube\u201c. Ja, aber was nun tun beim n\u00e4chsten Polo-Turnier? Ein so gut geh\u00fctetes Geheimnis sollte vielleicht einfach eins bleiben.<\/p>\n\n<hr class=\"wp-block-separator is-style-wide\"\/>\n\n<h2 id=\"bitte-eintreten\">Bitte Eintreten<\/h2>\n\n<p>Wer annimmt, dass alle Aktivit\u00e4t beim Polo bei Spielern und Pferden liegt, der irrt gewaltig. Schon in der n\u00e4chsten Spielpause hei\u00dft es wieder: \u201eTritt-In\u201c!<\/p>\n\n<p>Nicht nur von Pferden und Reitern , auch von den Zuschauern wird beim Polo h\u00f6chster Einsatz erwartet: So str\u00f6mt die ganze bunte Schar in den Spielpausen wieder und wieder auf den gr\u00fcnen Platz zum traditionellen \u201eTritt-In\u201c oder auch \u201eEintreten\u201c. Dabei sollen die von den Pferdehufen und Spielerschl\u00e4gern herausgerissenen Rasenst\u00fccke mit den Schuhspitzen wieder an ihren rechtm\u00e4\u00dfigen Platz geschoben und dort mit ganzem K\u00f6rpergewicht fixiert werden: Der zerfurchte Rasen wird wieder eben getreten, \u2013 oder eben auch einfach platt getrampelt. Und so schreitet Herr mit gro\u00dfen Schritten, w\u00e4hrend Dame mit Pumps hinterdrein trippelt und aufpasst, dass sie mit ihren Abs\u00e4tzen nicht noch tiefere L\u00f6cher in den Rasen rei\u00dft. Aber nicht nur die Zuschauer sind eingespannt, den Rasen zu \u201ereparieren\u201c. In den Poloregeln vom Deutschen Poloverband ist unter Abschnitt \u201e7. Der Torrichter\u201c, Unterabschnitt \u201ej\u201c zu lesen: \u201eEr kann sich n\u00fctzlich machen durch Eintreten herausgerissener Grasnarben vor seinem Torbereich (\u2026).\u201c Doch weniger das Ebnen des Platzes als vielmehr ganz andere Beweggr\u00fcnde liegen dem begeis-terten Rasentreten zugrunde: Den echten Fan zieht es nat\u00fcrlich auf das Pologr\u00fcn, um einmal den Ort des Geschehens aus Perspektive des Spielers \u2013 oder auch des Pferdes \u2013 zu betrachten, um einmal den Hauch einer Ahnung von der Atmosph\u00e4re auf dem Spielfeld zu bekommen. Au\u00dferdem kann man hier auf dem Platz seine Stars, Pferd oder Reiter, hautnah erleben, einmal einen Polostick in der Hand halten oder einmal dem gefleckten Schimmel mit rosa Maul \u00fcber die Nase streicheln. Und welche Gl\u00fcckseligkeit ist es dann, sogar einen Poloball zu finden, der dem scharfen Auge des Schiedsrichters entgangen ist. Teil der Motivation ist aber fraglos auch das \u00fcber den Rasen Flanieren und zur Schau tragen der H\u00fcte und Kleider. Auch mit Champagnerglas in der Hand.<\/p>\n\n<hr class=\"wp-block-separator is-style-wide\"\/>\n\n<h2 id=\"das-polo-outfit-i-der-spieler\">Das Polo-Outfit (I) \u2013 der Spieler<\/h2>\n\n<p>Wenn die Polospieler in dreckigen, ehemals wei\u00dfen Hosen ans Buffet treten, fragt sich der eine oder andere: warum? Warum ausgerechnet wei\u00dfe Hosen?<\/p>\n\n<p>Ganz einfach: Den Herren \u2013 manchmal auch Damen \u2013 in wei\u00dfen Jeans ruft man ein \u201eViel Gl\u00fcck!\u201c zu, denen mit dreckigen Hosen ein \u201eGut ge\u00adspielt!\u201c Der Deutsche Polo Verband meint zum Ausr\u00fcstungspunkt \u201eHose\u201c: \u201eKlassisch ist eine wei\u00dfe Jeans.\u201c \u2013 Streng genommen klassisch sind allerdings keine wei\u00dfen Jeans, sondern die so genannten \u201ewhite breeches\u201c. Das sind oberschenkelweite Ho\u00adsen, die schon immer beim Pferdesport getragen wurden \u2013 oben weit, unten eng, so dass sie leicht in die Reitstiefel passen. Schon auf Bildern aus der Kolonialzeit sieht man Iren und Engl\u00e4nder in wei\u00dfen Hosen Polo spielen. Nur der Schnitt und der Stoff haben sich im Laufe der Zeit ge\u00e4ndert. Heute \u00fcblich \u2013 aber nicht vorgeschrieben \u2013 ist Jeansstoff. Denn das stabile denim cotton ist sehr strapazierf\u00e4hig. Doch zur klassischen Poloausr\u00fcstung geh\u00f6rte noch mehr: Neben den weiten wei\u00dfen Reithosen, z\u00e4hlten auch der Bombay Bowler, ein Tropenhelm, sowie naturbraune Lederstiefel zur Ausstaffierung. Und hier liegt das Besondere: Denn Polo ist der einzige Turniersport, bei dem braune, naturfarbene Lederstiefel getragen werden. Der Grund liegt auf der Hand: So soll verhindert werden, dass man dem Gegner beim Abreiten die schwarze Schuhcreme in die wei\u00dfe Hose schmiert. Bei anderen Pferdesportarten k\u00f6nnen bedenkenlos schwarze Stiefel getragen werden, denn Kontakt mit anderen Reitern ist hier nicht \u00fcblich. Der Rei\u00dfverschluss an den meisten Stiefeln hat dabei einen \u00e4u\u00dferst praktischen Aspekt \u2013 denn \u201eUmkleidekabinen\u201c gibt es auf Polofeldern nicht. Die Spieler kommen in wei\u00dfen Jeans und bequemen Schuhen zum Turnier und steigen kurz vor dem Spiel in ihre Reitstiefel. Nach dem Spiel k\u00f6nnen sie die unbequemen Stiefel wieder gegen ihre Schuhe eintauschen. Fertig.<\/p>\n\n<hr class=\"wp-block-separator is-style-wide\"\/>\n\n<h2 id=\"das-polo-outfit-ii-der-zuschauer\">Das Polo-Outfit (II) \u2013 Der Zuschauer<\/h2>\n\n<p>Die bunte Mischung macht\u2019s. Das scheint auch beim Polopublikum die Devise zu sein. Sonja Baum zu den Do\u2019s und Dont\u2019s auf dem Pologreen.<\/p>\n\n<p>Ein lauer Augustnachmittag, wei\u00dfe W\u00f6lkchen ziehen vereinzelt \u00fcber das Polofeld in Keitum, ein milder Wind weht vom Land her. Aber: Ganz pl\u00f6tzlich t\u00fcrmen sich die wei\u00dfen W\u00f6lkchen zu schwarzen Wolkenbergen auf \u2013 der Landwind wird zur steifen Brise. Kurz: Der Polobesucher auf Sylt hat ein Problem. Sein Outfit muss nicht nur polo-, sondern auch sylttauglich sein. L\u00e4sst man die Sylter Eigenarten jedoch hinter sich und kehrt zur\u00fcck aufs Festland, macht die Grundausstattung des Zuschauers eigentlich wenig Probleme: Sportlich-l\u00e4ssig bis tr\u00e8s chick \u2013 so ziemlich alles scheint erlaubt. Polo-Shirt, Spaghetti-Top, luftiges Kleidchen, Kost\u00fcm und heller Sommeranzug, mit oder ohne Krawatte \u2013 Herr und Dame geben einen bunten Reigen ab. Gar nichts falsch machen kann man mit einem La-Martina-Shirt, ganz Polospieler-like. Die Hemden aus Argentinien gibt es mit der Lieblings-Spielernummer darauf, oder aber auch mit der Lieblingsmannschaft. Da bekommt das Anfeuern gleich einen viel gr\u00f6\u00dferen Nachdruck. (Den besten Look haben \u00fcbrigens die blau-schwarzen POLO+10-La-Martina-Shirts \u2026) Die Auswahl der Schuhe ergibt sich automatisch. Auf keinen Fall darf dabei jedoch R\u00fccksicht genommen werden auf das Eintreten des Rasens. Dies w\u00e4re sicher in richtigen Boots effektvoller, sieht in Pumps oder Sandaletten mit Pfennigabsatz jedoch weitaus eleganter aus. Und das richtige Polo-Eintret-Feeling ergibt sich erst beim St\u00f6ckeln \u00fcber den gr\u00fcnen Rasen. Die Frage, ob Hut oder nicht \u2013 da scheiden sich die Geister. Traditionell gesehen geh\u00f6rt der Hut dazu. Nur fest auf demKopf sitzen sollte er. Wegen des Inselwinds. Wetter- und windtauglich wird das Damen-Outfit aber vor allem durch Pashmina-Schals. Generell gilt: Mehrere Schichten an Tops, Pullovern und Jacken halten auf jeden Fall das Gr\u00f6bste ab. Auch Barbour-Jacken wurden sogar im Hochsommer schon gesichtet. Beim Polo auf Sylt.<\/p>\n\t\t\t\t\t<\/div>\n\t\t\t\t\t\t<\/div>\n\t\t\t\t<\/div>\n\t\t\t\t\t\t<\/div>\n\t\t\t\t\t<\/div>\n\t\t<\/div>\n\t\t\t\t\t\t\t\t<\/div>\n\t\t\t\t\t<\/div>\n\t\t<\/section>\n\t\t\t\t\t\t\t\t\t<\/div>\n\t\t\t<\/div>\n\t\t\t\t\t<\/div>\n\t\t","protected":false},"excerpt":{"rendered":"<p>Dies und Das Ein wohl geh\u00fctetes Geheimnis Immer auf der Hut -Geschmackssache oder Glaubensfrage? Das Thema Hut ist sensibel, fast umstritten. Der Polo-Sport sieht das lockerer. H\u00fcte und Pferdesport geh\u00f6ren&hellip;<\/p>\n","protected":false},"author":1,"featured_media":0,"parent":68245,"menu_order":0,"comment_status":"closed","ping_status":"closed","template":"","meta":{"_monsterinsights_skip_tracking":false,"_monsterinsights_sitenote_active":false,"_monsterinsights_sitenote_note":"","_monsterinsights_sitenote_category":0},"acf":[],"yoast_head":"<!-- This site is optimized with the Yoast SEO plugin v19.6.1 - https:\/\/yoast.com\/wordpress\/plugins\/seo\/ -->\n<title>Dies und Das - POLO+10<\/title>\n<meta name=\"description\" content=\"F\u00fcr alle, die es ganz genau wissen und detaillierte Antworten auf ganz bestimmte Fragen zum Thema Polo haben m\u00f6chten.\" \/>\n<meta name=\"robots\" content=\"index, follow, max-snippet:-1, max-image-preview:large, max-video-preview:-1\" \/>\n<link rel=\"canonical\" href=\"https:\/\/poloplus10.com\/de\/polo-sport\/dies-und-das\/\" \/>\n<meta property=\"og:locale\" content=\"de_DE\" \/>\n<meta property=\"og:type\" content=\"article\" \/>\n<meta property=\"og:title\" content=\"Dies und Das - POLO+10\" \/>\n<meta property=\"og:description\" content=\"F\u00fcr alle, die es ganz genau wissen und detaillierte Antworten auf ganz bestimmte Fragen zum Thema Polo haben m\u00f6chten.\" \/>\n<meta property=\"og:url\" content=\"https:\/\/poloplus10.com\/de\/polo-sport\/dies-und-das\/\" \/>\n<meta property=\"og:site_name\" content=\"POLO+10\" \/>\n<meta property=\"article:modified_time\" content=\"2022-11-25T14:29:56+00:00\" \/>\n<meta name=\"twitter:card\" content=\"summary_large_image\" \/>\n<meta name=\"twitter:label1\" content=\"Gesch\u00e4tzte Lesezeit\" \/>\n\t<meta name=\"twitter:data1\" content=\"6\u00a0Minuten\" \/>\n<script type=\"application\/ld+json\" class=\"yoast-schema-graph\">{\"@context\":\"https:\/\/schema.org\",\"@graph\":[{\"@type\":\"WebPage\",\"@id\":\"https:\/\/poloplus10.com\/de\/polo-sport\/dies-und-das\/\",\"url\":\"https:\/\/poloplus10.com\/de\/polo-sport\/dies-und-das\/\",\"name\":\"Dies und Das - POLO+10\",\"isPartOf\":{\"@id\":\"https:\/\/poloplus10.com\/#website\"},\"datePublished\":\"2021-10-01T09:15:22+00:00\",\"dateModified\":\"2022-11-25T14:29:56+00:00\",\"description\":\"F\u00fcr alle, die es ganz genau wissen und detaillierte Antworten auf ganz bestimmte Fragen zum Thema Polo haben m\u00f6chten.\",\"breadcrumb\":{\"@id\":\"https:\/\/poloplus10.com\/de\/polo-sport\/dies-und-das\/#breadcrumb\"},\"inLanguage\":\"de\",\"potentialAction\":[{\"@type\":\"ReadAction\",\"target\":[\"https:\/\/poloplus10.com\/de\/polo-sport\/dies-und-das\/\"]}]},{\"@type\":\"BreadcrumbList\",\"@id\":\"https:\/\/poloplus10.com\/de\/polo-sport\/dies-und-das\/#breadcrumb\",\"itemListElement\":[{\"@type\":\"ListItem\",\"position\":1,\"name\":\"Home\",\"item\":\"https:\/\/poloplus10.com\/\"},{\"@type\":\"ListItem\",\"position\":2,\"name\":\"Polo-Sport\",\"item\":\"https:\/\/poloplus10.com\/de\/polo-sport\/\"},{\"@type\":\"ListItem\",\"position\":3,\"name\":\"Dies und Das\"}]},{\"@type\":\"WebSite\",\"@id\":\"https:\/\/poloplus10.com\/#website\",\"url\":\"https:\/\/poloplus10.com\/\",\"name\":\"POLO+10\",\"description\":\"The Polo Magazine\",\"publisher\":{\"@id\":\"https:\/\/poloplus10.com\/#organization\"},\"potentialAction\":[{\"@type\":\"SearchAction\",\"target\":{\"@type\":\"EntryPoint\",\"urlTemplate\":\"https:\/\/poloplus10.com\/?s={search_term_string}\"},\"query-input\":\"required name=search_term_string\"}],\"inLanguage\":\"de\"},{\"@type\":\"Organization\",\"@id\":\"https:\/\/poloplus10.com\/#organization\",\"name\":\"POLO+10 GmbH\",\"url\":\"https:\/\/poloplus10.com\/\",\"sameAs\":[],\"logo\":{\"@type\":\"ImageObject\",\"inLanguage\":\"de\",\"@id\":\"https:\/\/poloplus10.com\/#\/schema\/logo\/image\/\",\"url\":\"https:\/\/poloplus10.demo-on.de\/wp-content\/uploads\/2021\/07\/poloplus10_logo.png\",\"contentUrl\":\"https:\/\/poloplus10.demo-on.de\/wp-content\/uploads\/2021\/07\/poloplus10_logo.png\",\"width\":300,\"height\":64,\"caption\":\"POLO+10 GmbH\"},\"image\":{\"@id\":\"https:\/\/poloplus10.com\/#\/schema\/logo\/image\/\"}}]}<\/script>\n<!-- \/ Yoast SEO plugin. -->","yoast_head_json":{"title":"Dies und Das - POLO+10","description":"F\u00fcr alle, die es ganz genau wissen und detaillierte Antworten auf ganz bestimmte Fragen zum Thema Polo haben m\u00f6chten.","robots":{"index":"index","follow":"follow","max-snippet":"max-snippet:-1","max-image-preview":"max-image-preview:large","max-video-preview":"max-video-preview:-1"},"canonical":"https:\/\/poloplus10.com\/de\/polo-sport\/dies-und-das\/","og_locale":"de_DE","og_type":"article","og_title":"Dies und Das - POLO+10","og_description":"F\u00fcr alle, die es ganz genau wissen und detaillierte Antworten auf ganz bestimmte Fragen zum Thema Polo haben m\u00f6chten.","og_url":"https:\/\/poloplus10.com\/de\/polo-sport\/dies-und-das\/","og_site_name":"POLO+10","article_modified_time":"2022-11-25T14:29:56+00:00","twitter_card":"summary_large_image","twitter_misc":{"Gesch\u00e4tzte Lesezeit":"6\u00a0Minuten"},"schema":{"@context":"https:\/\/schema.org","@graph":[{"@type":"WebPage","@id":"https:\/\/poloplus10.com\/de\/polo-sport\/dies-und-das\/","url":"https:\/\/poloplus10.com\/de\/polo-sport\/dies-und-das\/","name":"Dies und Das - POLO+10","isPartOf":{"@id":"https:\/\/poloplus10.com\/#website"},"datePublished":"2021-10-01T09:15:22+00:00","dateModified":"2022-11-25T14:29:56+00:00","description":"F\u00fcr alle, die es ganz genau wissen und detaillierte Antworten auf ganz bestimmte Fragen zum Thema Polo haben m\u00f6chten.","breadcrumb":{"@id":"https:\/\/poloplus10.com\/de\/polo-sport\/dies-und-das\/#breadcrumb"},"inLanguage":"de","potentialAction":[{"@type":"ReadAction","target":["https:\/\/poloplus10.com\/de\/polo-sport\/dies-und-das\/"]}]},{"@type":"BreadcrumbList","@id":"https:\/\/poloplus10.com\/de\/polo-sport\/dies-und-das\/#breadcrumb","itemListElement":[{"@type":"ListItem","position":1,"name":"Home","item":"https:\/\/poloplus10.com\/"},{"@type":"ListItem","position":2,"name":"Polo-Sport","item":"https:\/\/poloplus10.com\/de\/polo-sport\/"},{"@type":"ListItem","position":3,"name":"Dies und Das"}]},{"@type":"WebSite","@id":"https:\/\/poloplus10.com\/#website","url":"https:\/\/poloplus10.com\/","name":"POLO+10","description":"The Polo Magazine","publisher":{"@id":"https:\/\/poloplus10.com\/#organization"},"potentialAction":[{"@type":"SearchAction","target":{"@type":"EntryPoint","urlTemplate":"https:\/\/poloplus10.com\/?s={search_term_string}"},"query-input":"required name=search_term_string"}],"inLanguage":"de"},{"@type":"Organization","@id":"https:\/\/poloplus10.com\/#organization","name":"POLO+10 GmbH","url":"https:\/\/poloplus10.com\/","sameAs":[],"logo":{"@type":"ImageObject","inLanguage":"de","@id":"https:\/\/poloplus10.com\/#\/schema\/logo\/image\/","url":"https:\/\/poloplus10.demo-on.de\/wp-content\/uploads\/2021\/07\/poloplus10_logo.png","contentUrl":"https:\/\/poloplus10.demo-on.de\/wp-content\/uploads\/2021\/07\/poloplus10_logo.png","width":300,"height":64,"caption":"POLO+10 GmbH"},"image":{"@id":"https:\/\/poloplus10.com\/#\/schema\/logo\/image\/"}}]}},"_links":{"self":[{"href":"https:\/\/poloplus10.com\/de\/wp-json\/wp\/v2\/pages\/68257"}],"collection":[{"href":"https:\/\/poloplus10.com\/de\/wp-json\/wp\/v2\/pages"}],"about":[{"href":"https:\/\/poloplus10.com\/de\/wp-json\/wp\/v2\/types\/page"}],"author":[{"embeddable":true,"href":"https:\/\/poloplus10.com\/de\/wp-json\/wp\/v2\/users\/1"}],"replies":[{"embeddable":true,"href":"https:\/\/poloplus10.com\/de\/wp-json\/wp\/v2\/comments?post=68257"}],"version-history":[{"count":5,"href":"https:\/\/poloplus10.com\/de\/wp-json\/wp\/v2\/pages\/68257\/revisions"}],"predecessor-version":[{"id":85367,"href":"https:\/\/poloplus10.com\/de\/wp-json\/wp\/v2\/pages\/68257\/revisions\/85367"}],"up":[{"embeddable":true,"href":"https:\/\/poloplus10.com\/de\/wp-json\/wp\/v2\/pages\/68245"}],"wp:attachment":[{"href":"https:\/\/poloplus10.com\/de\/wp-json\/wp\/v2\/media?parent=68257"}],"curies":[{"name":"wp","href":"https:\/\/api.w.org\/{rel}","templated":true}]}}