{"id":69961,"date":"2021-10-11T15:01:43","date_gmt":"2021-10-11T13:01:43","guid":{"rendered":"https:\/\/poloplus10.com\/advertising-rates\/turniermagazine\/"},"modified":"2025-01-31T13:27:11","modified_gmt":"2025-01-31T12:27:11","slug":"turniermagazine","status":"publish","type":"page","link":"https:\/\/poloplus10.com\/de\/advertising-rates\/turniermagazine\/","title":{"rendered":"Turniermagazine"},"content":{"rendered":"\t\t<div data-elementor-type=\"wp-page\" data-elementor-id=\"69961\" class=\"elementor elementor-69961 elementor-69797\">\n\t\t\t\t\t\t<div class=\"elementor-inner\">\n\t\t\t\t<div class=\"elementor-section-wrap\">\n\t\t\t\t\t\t\t\t\t<section class=\"elementor-section elementor-top-section elementor-element elementor-element-6572b5e elementor-section-boxed elementor-section-height-default elementor-section-height-default\" data-id=\"6572b5e\" data-element_type=\"section\">\n\t\t\t\t\t\t<div class=\"elementor-container elementor-column-gap-default\">\n\t\t\t\t\t\t\t<div class=\"elementor-row\">\n\t\t\t\t\t<div class=\"elementor-column elementor-col-100 elementor-top-column elementor-element elementor-element-9ad0f78\" data-id=\"9ad0f78\" data-element_type=\"column\">\n\t\t\t<div class=\"elementor-column-wrap elementor-element-populated\">\n\t\t\t\t\t\t\t<div class=\"elementor-widget-wrap\">\n\t\t\t\t\t\t<div class=\"elementor-element elementor-element-9efae0c elementor-widget elementor-widget-heading\" data-id=\"9efae0c\" data-element_type=\"widget\" data-widget_type=\"heading.default\">\n\t\t\t\t<div class=\"elementor-widget-container\">\n\t\t\t<h1 id=\"turniermagazine\" class=\"elementor-heading-title elementor-size-default\">Turniermagazine<\/h1>\t\t<\/div>\n\t\t\t\t<\/div>\n\t\t\t\t<div class=\"elementor-element elementor-element-fc60cbf elementor-widget-divider--view-line elementor-widget elementor-widget-divider\" data-id=\"fc60cbf\" data-element_type=\"widget\" data-widget_type=\"divider.default\">\n\t\t\t\t<div class=\"elementor-widget-container\">\n\t\t\t\t\t<div class=\"elementor-divider\">\n\t\t\t<span class=\"elementor-divider-separator\">\n\t\t\t\t\t\t<\/span>\n\t\t<\/div>\n\t\t\t\t<\/div>\n\t\t\t\t<\/div>\n\t\t\t\t<div class=\"elementor-element elementor-element-5b06700 elementor-widget elementor-widget-heading\" data-id=\"5b06700\" data-element_type=\"widget\" data-widget_type=\"heading.default\">\n\t\t\t\t<div class=\"elementor-widget-container\">\n\t\t\t<span class=\"elementor-heading-title elementor-size-medium\">In Zusammenarbeit mit etlichen Veranstaltern produziert POLO+10 seit vielen Jahren f\u00fcr zahlreiche renommierte Turniere eigene Turniermagazine. POLO+10 als Full-Service-Anbieter \u00fcbernimmt die gesamte Produktion des Turniermagazins bis hin zu Druck und Versand.<\/span>\t\t<\/div>\n\t\t\t\t<\/div>\n\t\t\t\t<div class=\"elementor-element elementor-element-5fe8b3d elementor-widget elementor-widget-text-editor\" data-id=\"5fe8b3d\" data-element_type=\"widget\" data-widget_type=\"text-editor.default\">\n\t\t\t\t<div class=\"elementor-widget-container\">\n\t\t\t\t\t\t\t\t<div class=\"elementor-text-editor elementor-clearfix\">\n\t\t\t\t<p>Seit 2004 ist POLO+10 tief in der Poloszene verwurzelt, heute ist POLO+10 die weltweit gr\u00f6\u00dfte Medienplattform f\u00fcr den internationalen Polosport. Dar\u00fcber hinaus ist POLO+10 bekannt f\u00fcr die Kreation und Produktion von hochwertigen Turniermagazinen. Viele der gro\u00dfen Turnierveranstalter auf der ganzen Welt sind unsere Kunden in Bezug auf Printprodukte, aber auch PR und Online-Berichterstattung auf den Social-Media-Kan\u00e4len.<\/p>\n\t\t\t\t\t<\/div>\n\t\t\t\t\t\t<\/div>\n\t\t\t\t<\/div>\n\t\t\t\t<div class=\"elementor-element elementor-element-1c65891 elementor-widget elementor-widget-text-editor\" data-id=\"1c65891\" data-element_type=\"widget\" data-widget_type=\"text-editor.default\">\n\t\t\t\t<div class=\"elementor-widget-container\">\n\t\t\t\t\t\t\t\t<div class=\"elementor-text-editor elementor-clearfix\">\n\t\t\t\t<p>F\u00fcr Informationen \u00fcber die Turnierzeitschriften wenden Sie sich bitte an uns:<\/p>\n\t\t\t\t\t<\/div>\n\t\t\t\t\t\t<\/div>\n\t\t\t\t<\/div>\n\t\t\t\t<div class=\"elementor-element elementor-element-115f618 elementor-icon-list--layout-traditional elementor-list-item-link-full_width elementor-widget elementor-widget-icon-list\" data-id=\"115f618\" data-element_type=\"widget\" data-widget_type=\"icon-list.default\">\n\t\t\t\t<div class=\"elementor-widget-container\">\n\t\t\t\t\t<ul class=\"elementor-icon-list-items\">\n\t\t\t\t\t\t\t<li class=\"elementor-icon-list-item\">\n\t\t\t\t\t\t\t\t\t\t<span class=\"elementor-icon-list-text\">POLO + 10 GmbH<\/span>\n\t\t\t\t\t\t\t\t\t<\/li>\n\t\t\t\t\t\t\t\t<li class=\"elementor-icon-list-item\">\n\t\t\t\t\t\t\t\t\t\t\t<span class=\"elementor-icon-list-icon\">\n\t\t\t\t\t\t\t<i aria-hidden=\"true\" class=\"fas fa-envelope\"><\/i>\t\t\t\t\t\t<\/span>\n\t\t\t\t\t\t\t\t\t\t<span class=\"elementor-icon-list-text\">hello[at]twa.ag<\/span>\n\t\t\t\t\t\t\t\t\t<\/li>\n\t\t\t\t\t\t<\/ul>\n\t\t\t\t<\/div>\n\t\t\t\t<\/div>\n\t\t\t\t\t\t<\/div>\n\t\t\t\t\t<\/div>\n\t\t<\/div>\n\t\t\t\t\t\t\t\t<\/div>\n\t\t\t\t\t<\/div>\n\t\t<\/section>\n\t\t\t\t\t\t\t\t\t<\/div>\n\t\t\t<\/div>\n\t\t\t\t\t<\/div>\n\t\t","protected":false},"excerpt":{"rendered":"<p>Turniermagazine In Zusammenarbeit mit etlichen Veranstaltern produziert POLO+10 seit vielen Jahren f\u00fcr zahlreiche renommierte Turniere eigene Turniermagazine. POLO+10 als Full-Service-Anbieter \u00fcbernimmt die gesamte Produktion des Turniermagazins bis hin zu Druck&hellip;<\/p>\n","protected":false},"author":1,"featured_media":0,"parent":69893,"menu_order":0,"comment_status":"closed","ping_status":"closed","template":"","meta":{"_monsterinsights_skip_tracking":false,"_monsterinsights_sitenote_active":false,"_monsterinsights_sitenote_note":"","_monsterinsights_sitenote_category":0},"acf":[],"yoast_head":"<!-- This site is optimized with the Yoast SEO plugin v19.6.1 - https:\/\/yoast.com\/wordpress\/plugins\/seo\/ -->\n<title>Turniermagazine - POLO+10<\/title>\n<meta name=\"robots\" content=\"index, follow, max-snippet:-1, max-image-preview:large, max-video-preview:-1\" \/>\n<link rel=\"canonical\" href=\"https:\/\/poloplus10.com\/de\/advertising-rates\/turniermagazine\/\" \/>\n<meta property=\"og:locale\" content=\"de_DE\" \/>\n<meta property=\"og:type\" content=\"article\" \/>\n<meta property=\"og:title\" content=\"Turniermagazine - POLO+10\" \/>\n<meta property=\"og:description\" content=\"Turniermagazine In Zusammenarbeit mit etlichen Veranstaltern produziert POLO+10 seit vielen Jahren f\u00fcr zahlreiche renommierte Turniere eigene Turniermagazine. POLO+10 als Full-Service-Anbieter \u00fcbernimmt die gesamte Produktion des Turniermagazins bis hin zu Druck&hellip;\" \/>\n<meta property=\"og:url\" content=\"https:\/\/poloplus10.com\/de\/advertising-rates\/turniermagazine\/\" \/>\n<meta property=\"og:site_name\" content=\"POLO+10\" \/>\n<meta property=\"article:modified_time\" content=\"2025-01-31T12:27:11+00:00\" \/>\n<meta name=\"twitter:card\" content=\"summary_large_image\" \/>\n<meta name=\"twitter:label1\" content=\"Gesch\u00e4tzte Lesezeit\" \/>\n\t<meta name=\"twitter:data1\" content=\"1\u00a0Minute\" \/>\n<script type=\"application\/ld+json\" class=\"yoast-schema-graph\">{\"@context\":\"https:\/\/schema.org\",\"@graph\":[{\"@type\":\"WebPage\",\"@id\":\"https:\/\/poloplus10.com\/de\/advertising-rates\/turniermagazine\/\",\"url\":\"https:\/\/poloplus10.com\/de\/advertising-rates\/turniermagazine\/\",\"name\":\"Turniermagazine - POLO+10\",\"isPartOf\":{\"@id\":\"https:\/\/poloplus10.com\/#website\"},\"datePublished\":\"2021-10-11T13:01:43+00:00\",\"dateModified\":\"2025-01-31T12:27:11+00:00\",\"breadcrumb\":{\"@id\":\"https:\/\/poloplus10.com\/de\/advertising-rates\/turniermagazine\/#breadcrumb\"},\"inLanguage\":\"de\",\"potentialAction\":[{\"@type\":\"ReadAction\",\"target\":[\"https:\/\/poloplus10.com\/de\/advertising-rates\/turniermagazine\/\"]}]},{\"@type\":\"BreadcrumbList\",\"@id\":\"https:\/\/poloplus10.com\/de\/advertising-rates\/turniermagazine\/#breadcrumb\",\"itemListElement\":[{\"@type\":\"ListItem\",\"position\":1,\"name\":\"Home\",\"item\":\"https:\/\/poloplus10.com\/\"},{\"@type\":\"ListItem\",\"position\":2,\"name\":\"Mediadaten\",\"item\":\"https:\/\/poloplus10.com\/de\/advertising-rates\/\"},{\"@type\":\"ListItem\",\"position\":3,\"name\":\"Turniermagazine\"}]},{\"@type\":\"WebSite\",\"@id\":\"https:\/\/poloplus10.com\/#website\",\"url\":\"https:\/\/poloplus10.com\/\",\"name\":\"POLO+10\",\"description\":\"The Polo Magazine\",\"publisher\":{\"@id\":\"https:\/\/poloplus10.com\/#organization\"},\"potentialAction\":[{\"@type\":\"SearchAction\",\"target\":{\"@type\":\"EntryPoint\",\"urlTemplate\":\"https:\/\/poloplus10.com\/?s={search_term_string}\"},\"query-input\":\"required name=search_term_string\"}],\"inLanguage\":\"de\"},{\"@type\":\"Organization\",\"@id\":\"https:\/\/poloplus10.com\/#organization\",\"name\":\"POLO+10 GmbH\",\"url\":\"https:\/\/poloplus10.com\/\",\"sameAs\":[],\"logo\":{\"@type\":\"ImageObject\",\"inLanguage\":\"de\",\"@id\":\"https:\/\/poloplus10.com\/#\/schema\/logo\/image\/\",\"url\":\"https:\/\/poloplus10.demo-on.de\/wp-content\/uploads\/2021\/07\/poloplus10_logo.png\",\"contentUrl\":\"https:\/\/poloplus10.demo-on.de\/wp-content\/uploads\/2021\/07\/poloplus10_logo.png\",\"width\":300,\"height\":64,\"caption\":\"POLO+10 GmbH\"},\"image\":{\"@id\":\"https:\/\/poloplus10.com\/#\/schema\/logo\/image\/\"}}]}<\/script>\n<!-- \/ Yoast SEO plugin. -->","yoast_head_json":{"title":"Turniermagazine - POLO+10","robots":{"index":"index","follow":"follow","max-snippet":"max-snippet:-1","max-image-preview":"max-image-preview:large","max-video-preview":"max-video-preview:-1"},"canonical":"https:\/\/poloplus10.com\/de\/advertising-rates\/turniermagazine\/","og_locale":"de_DE","og_type":"article","og_title":"Turniermagazine - POLO+10","og_description":"Turniermagazine In Zusammenarbeit mit etlichen Veranstaltern produziert POLO+10 seit vielen Jahren f\u00fcr zahlreiche renommierte Turniere eigene Turniermagazine. POLO+10 als Full-Service-Anbieter \u00fcbernimmt die gesamte Produktion des Turniermagazins bis hin zu Druck&hellip;","og_url":"https:\/\/poloplus10.com\/de\/advertising-rates\/turniermagazine\/","og_site_name":"POLO+10","article_modified_time":"2025-01-31T12:27:11+00:00","twitter_card":"summary_large_image","twitter_misc":{"Gesch\u00e4tzte Lesezeit":"1\u00a0Minute"},"schema":{"@context":"https:\/\/schema.org","@graph":[{"@type":"WebPage","@id":"https:\/\/poloplus10.com\/de\/advertising-rates\/turniermagazine\/","url":"https:\/\/poloplus10.com\/de\/advertising-rates\/turniermagazine\/","name":"Turniermagazine - POLO+10","isPartOf":{"@id":"https:\/\/poloplus10.com\/#website"},"datePublished":"2021-10-11T13:01:43+00:00","dateModified":"2025-01-31T12:27:11+00:00","breadcrumb":{"@id":"https:\/\/poloplus10.com\/de\/advertising-rates\/turniermagazine\/#breadcrumb"},"inLanguage":"de","potentialAction":[{"@type":"ReadAction","target":["https:\/\/poloplus10.com\/de\/advertising-rates\/turniermagazine\/"]}]},{"@type":"BreadcrumbList","@id":"https:\/\/poloplus10.com\/de\/advertising-rates\/turniermagazine\/#breadcrumb","itemListElement":[{"@type":"ListItem","position":1,"name":"Home","item":"https:\/\/poloplus10.com\/"},{"@type":"ListItem","position":2,"name":"Mediadaten","item":"https:\/\/poloplus10.com\/de\/advertising-rates\/"},{"@type":"ListItem","position":3,"name":"Turniermagazine"}]},{"@type":"WebSite","@id":"https:\/\/poloplus10.com\/#website","url":"https:\/\/poloplus10.com\/","name":"POLO+10","description":"The Polo Magazine","publisher":{"@id":"https:\/\/poloplus10.com\/#organization"},"potentialAction":[{"@type":"SearchAction","target":{"@type":"EntryPoint","urlTemplate":"https:\/\/poloplus10.com\/?s={search_term_string}"},"query-input":"required name=search_term_string"}],"inLanguage":"de"},{"@type":"Organization","@id":"https:\/\/poloplus10.com\/#organization","name":"POLO+10 GmbH","url":"https:\/\/poloplus10.com\/","sameAs":[],"logo":{"@type":"ImageObject","inLanguage":"de","@id":"https:\/\/poloplus10.com\/#\/schema\/logo\/image\/","url":"https:\/\/poloplus10.demo-on.de\/wp-content\/uploads\/2021\/07\/poloplus10_logo.png","contentUrl":"https:\/\/poloplus10.demo-on.de\/wp-content\/uploads\/2021\/07\/poloplus10_logo.png","width":300,"height":64,"caption":"POLO+10 GmbH"},"image":{"@id":"https:\/\/poloplus10.com\/#\/schema\/logo\/image\/"}}]}},"_links":{"self":[{"href":"https:\/\/poloplus10.com\/de\/wp-json\/wp\/v2\/pages\/69961"}],"collection":[{"href":"https:\/\/poloplus10.com\/de\/wp-json\/wp\/v2\/pages"}],"about":[{"href":"https:\/\/poloplus10.com\/de\/wp-json\/wp\/v2\/types\/page"}],"author":[{"embeddable":true,"href":"https:\/\/poloplus10.com\/de\/wp-json\/wp\/v2\/users\/1"}],"replies":[{"embeddable":true,"href":"https:\/\/poloplus10.com\/de\/wp-json\/wp\/v2\/comments?post=69961"}],"version-history":[{"count":7,"href":"https:\/\/poloplus10.com\/de\/wp-json\/wp\/v2\/pages\/69961\/revisions"}],"predecessor-version":[{"id":101219,"href":"https:\/\/poloplus10.com\/de\/wp-json\/wp\/v2\/pages\/69961\/revisions\/101219"}],"up":[{"embeddable":true,"href":"https:\/\/poloplus10.com\/de\/wp-json\/wp\/v2\/pages\/69893"}],"wp:attachment":[{"href":"https:\/\/poloplus10.com\/de\/wp-json\/wp\/v2\/media?parent=69961"}],"curies":[{"name":"wp","href":"https:\/\/api.w.org\/{rel}","templated":true}]}}