{"id":70038,"date":"2021-10-11T15:56:21","date_gmt":"2021-10-11T13:56:21","guid":{"rendered":"https:\/\/poloplus10.com\/polo-sport\/presse\/"},"modified":"2021-10-11T15:56:22","modified_gmt":"2021-10-11T13:56:22","slug":"presse","status":"publish","type":"page","link":"https:\/\/poloplus10.com\/de\/polo-sport\/presse\/","title":{"rendered":"Presse"},"content":{"rendered":"\t\t<div data-elementor-type=\"wp-page\" data-elementor-id=\"70038\" class=\"elementor elementor-70038 elementor-69996\">\n\t\t\t\t\t\t<div class=\"elementor-inner\">\n\t\t\t\t<div class=\"elementor-section-wrap\">\n\t\t\t\t\t\t\t\t\t<section class=\"elementor-section elementor-top-section elementor-element elementor-element-ad8b82c elementor-section-boxed elementor-section-height-default elementor-section-height-default\" data-id=\"ad8b82c\" data-element_type=\"section\">\n\t\t\t\t\t\t<div class=\"elementor-container elementor-column-gap-default\">\n\t\t\t\t\t\t\t<div class=\"elementor-row\">\n\t\t\t\t\t<div class=\"elementor-column elementor-col-100 elementor-top-column elementor-element elementor-element-2309b7c\" data-id=\"2309b7c\" data-element_type=\"column\">\n\t\t\t<div class=\"elementor-column-wrap elementor-element-populated\">\n\t\t\t\t\t\t\t<div class=\"elementor-widget-wrap\">\n\t\t\t\t\t\t<div class=\"elementor-element elementor-element-08281f0 elementor-widget elementor-widget-heading\" data-id=\"08281f0\" data-element_type=\"widget\" data-widget_type=\"heading.default\">\n\t\t\t\t<div class=\"elementor-widget-container\">\n\t\t\t<h1 id=\"presse\" class=\"elementor-heading-title elementor-size-default\">Presse<\/h1>\t\t<\/div>\n\t\t\t\t<\/div>\n\t\t\t\t<div class=\"elementor-element elementor-element-66ab649 elementor-widget-divider--view-line elementor-widget elementor-widget-divider\" data-id=\"66ab649\" data-element_type=\"widget\" data-widget_type=\"divider.default\">\n\t\t\t\t<div class=\"elementor-widget-container\">\n\t\t\t\t\t<div class=\"elementor-divider\">\n\t\t\t<span class=\"elementor-divider-separator\">\n\t\t\t\t\t\t<\/span>\n\t\t<\/div>\n\t\t\t\t<\/div>\n\t\t\t\t<\/div>\n\t\t\t\t<div class=\"elementor-element elementor-element-cc34274 elementor-widget elementor-widget-heading\" data-id=\"cc34274\" data-element_type=\"widget\" data-widget_type=\"heading.default\">\n\t\t\t\t<div class=\"elementor-widget-container\">\n\t\t\t<span class=\"elementor-heading-title elementor-size-medium\">Play Harder: Polo \u2013 Rasant, extrem, gef\u00e4hrlich. Der wohl exklusivste Mannschaftssport der Welt fasziniert immer mehr Wirtschaftsf\u00fchrer.<\/span>\t\t<\/div>\n\t\t\t\t<\/div>\n\t\t\t\t<div class=\"elementor-element elementor-element-a608257 elementor-widget elementor-widget-image\" data-id=\"a608257\" data-element_type=\"widget\" data-widget_type=\"image.default\">\n\t\t\t\t<div class=\"elementor-widget-container\">\n\t\t\t\t\t\t\t\t<div class=\"elementor-image\">\n\t\t\t\t\t\t\t\t\t<figure class=\"wp-caption\">\n\t\t\t\t\t\t\t\t\t\t\t<a href=\"https:\/\/poloplus10.com\/wp-content\/uploads\/2021\/10\/Manager-Magazin-Polo-2013-4-1.pdf\" target=\"_blank\">\n\t\t\t\t\t\t\t<img decoding=\"async\" width=\"118\" height=\"156\" src=\"https:\/\/poloplus10.com\/wp-content\/uploads\/2021\/10\/manager_magazin_polo_2013_4.jpg\" class=\"attachment-large size-large\" alt=\"\" loading=\"lazy\" srcset=\"https:\/\/poloplus10.com\/wp-content\/uploads\/2021\/10\/manager_magazin_polo_2013_4.jpg 118w, https:\/\/poloplus10.com\/wp-content\/uploads\/2021\/10\/manager_magazin_polo_2013_4-90x120.jpg 90w\" sizes=\"(max-width: 118px) 100vw, 118px\" \/>\t\t\t\t\t\t\t\t<\/a>\n\t\t\t\t\t\t\t\t\t\t\t<figcaption class=\"widget-image-caption wp-caption-text\">Manager Magazin 4\/2013 (3 MB)<\/figcaption>\n\t\t\t\t\t\t\t\t\t\t<\/figure>\n\t\t\t\t\t\t\t\t<\/div>\n\t\t\t\t\t\t<\/div>\n\t\t\t\t<\/div>\n\t\t\t\t\t\t<\/div>\n\t\t\t\t\t<\/div>\n\t\t<\/div>\n\t\t\t\t\t\t\t\t<\/div>\n\t\t\t\t\t<\/div>\n\t\t<\/section>\n\t\t\t\t<section class=\"elementor-section elementor-top-section elementor-element elementor-element-c604824 elementor-section-boxed elementor-section-height-default elementor-section-height-default\" data-id=\"c604824\" data-element_type=\"section\">\n\t\t\t\t\t\t<div class=\"elementor-container elementor-column-gap-default\">\n\t\t\t\t\t\t\t<div class=\"elementor-row\">\n\t\t\t\t\t<div class=\"elementor-column elementor-col-100 elementor-top-column elementor-element elementor-element-b8c718b\" data-id=\"b8c718b\" data-element_type=\"column\">\n\t\t\t<div class=\"elementor-column-wrap elementor-element-populated\">\n\t\t\t\t\t\t\t<div class=\"elementor-widget-wrap\">\n\t\t\t\t\t\t<div class=\"elementor-element elementor-element-c320d86 elementor-widget elementor-widget-heading\" data-id=\"c320d86\" data-element_type=\"widget\" data-widget_type=\"heading.default\">\n\t\t\t\t<div class=\"elementor-widget-container\">\n\t\t\t<span class=\"elementor-heading-title elementor-size-medium\">Renaissance des Polospiels<\/span>\t\t<\/div>\n\t\t\t\t<\/div>\n\t\t\t\t<div class=\"elementor-element elementor-element-79f2d92 elementor-widget elementor-widget-image\" data-id=\"79f2d92\" data-element_type=\"widget\" data-widget_type=\"image.default\">\n\t\t\t\t<div class=\"elementor-widget-container\">\n\t\t\t\t\t\t\t\t<div class=\"elementor-image\">\n\t\t\t\t\t\t\t\t\t<figure class=\"wp-caption\">\n\t\t\t\t\t\t\t\t\t\t\t<a href=\"https:\/\/poloplus10.com\/wp-content\/uploads\/2021\/10\/xpress.pdf\" target=\"_blank\">\n\t\t\t\t\t\t\t<img decoding=\"async\" width=\"118\" height=\"156\" src=\"https:\/\/poloplus10.com\/wp-content\/uploads\/2021\/10\/x-press-4-2011-deutsche-bank.jpg\" class=\"attachment-large size-large\" alt=\"\" loading=\"lazy\" srcset=\"https:\/\/poloplus10.com\/wp-content\/uploads\/2021\/10\/x-press-4-2011-deutsche-bank.jpg 118w, https:\/\/poloplus10.com\/wp-content\/uploads\/2021\/10\/x-press-4-2011-deutsche-bank-90x120.jpg 90w\" sizes=\"(max-width: 118px) 100vw, 118px\" \/>\t\t\t\t\t\t\t\t<\/a>\n\t\t\t\t\t\t\t\t\t\t\t<figcaption class=\"widget-image-caption wp-caption-text\">X-press 04\/11 \u2013 Investment Magazine of Deutsche Bank (897 kB)<\/figcaption>\n\t\t\t\t\t\t\t\t\t\t<\/figure>\n\t\t\t\t\t\t\t\t<\/div>\n\t\t\t\t\t\t<\/div>\n\t\t\t\t<\/div>\n\t\t\t\t\t\t<\/div>\n\t\t\t\t\t<\/div>\n\t\t<\/div>\n\t\t\t\t\t\t\t\t<\/div>\n\t\t\t\t\t<\/div>\n\t\t<\/section>\n\t\t\t\t<section class=\"elementor-section elementor-top-section elementor-element elementor-element-5462812 elementor-section-boxed elementor-section-height-default elementor-section-height-default\" data-id=\"5462812\" data-element_type=\"section\">\n\t\t\t\t\t\t<div class=\"elementor-container elementor-column-gap-default\">\n\t\t\t\t\t\t\t<div class=\"elementor-row\">\n\t\t\t\t\t<div class=\"elementor-column elementor-col-100 elementor-top-column elementor-element elementor-element-db97e44\" data-id=\"db97e44\" data-element_type=\"column\">\n\t\t\t<div class=\"elementor-column-wrap elementor-element-populated\">\n\t\t\t\t\t\t\t<div class=\"elementor-widget-wrap\">\n\t\t\t\t\t\t<div class=\"elementor-element elementor-element-8240a01 elementor-widget elementor-widget-heading\" data-id=\"8240a01\" data-element_type=\"widget\" data-widget_type=\"heading.default\">\n\t\t\t\t<div class=\"elementor-widget-container\">\n\t\t\t<span class=\"elementor-heading-title elementor-size-medium\">Das Dosierte Leben Nummer 68 \/ Reh-Zension \u00fcber Polo+10 Ausgabe Nr. II\/2010<\/span>\t\t<\/div>\n\t\t\t\t<\/div>\n\t\t\t\t<div class=\"elementor-element elementor-element-d8367c8 elementor-widget elementor-widget-text-editor\" data-id=\"d8367c8\" data-element_type=\"widget\" data-widget_type=\"text-editor.default\">\n\t\t\t\t<div class=\"elementor-widget-container\">\n\t\t\t\t\t\t\t\t<div class=\"elementor-text-editor elementor-clearfix\">\n\t\t\t\t<p>Diese Ausgabe \u2013 sie beinhaltet wieder eine \u00e4sthetische und informative Melange \u00fcber den eleganten Sport der Welt und entsprechende Anzeigen hochklassiger G\u00fcter und Leistungen \u2013 ist schon alleine deswegen ein besonderer Genuss auf h\u00f6chstem Niveau, weil der vision\u00e4re Mail\u00e4nder Maler Mauro Bergonzoli f\u00fcr die Gestaltung der Titelseite verantwortlich zeichnet (sic!) und auch eine Riesenreportage \u00fcber ihn das Heft bereichert. Neben zwei- leider nicht herausnehmbaren \u2013 durchgestalteten Doppelseiten erhalten wir viele Informationen, so auch die, dass man sich auf Herm\u00e8s-T\u00fccher von ihm freuen darf! Franziska Gr\u00e4fin Fugger, seine Partnerin in allen Belangen, und er sind wirkliche Kunst=Leben=Liebe-Beweiser. Ganz gro\u00df!<\/p>\n\t\t\t\t\t<\/div>\n\t\t\t\t\t\t<\/div>\n\t\t\t\t<\/div>\n\t\t\t\t\t\t<\/div>\n\t\t\t\t\t<\/div>\n\t\t<\/div>\n\t\t\t\t\t\t\t\t<\/div>\n\t\t\t\t\t<\/div>\n\t\t<\/section>\n\t\t\t\t<section class=\"elementor-section elementor-top-section elementor-element elementor-element-b250379 elementor-section-boxed elementor-section-height-default elementor-section-height-default\" data-id=\"b250379\" data-element_type=\"section\">\n\t\t\t\t\t\t<div class=\"elementor-container elementor-column-gap-default\">\n\t\t\t\t\t\t\t<div class=\"elementor-row\">\n\t\t\t\t\t<div class=\"elementor-column elementor-col-100 elementor-top-column elementor-element elementor-element-47c8b1c\" data-id=\"47c8b1c\" data-element_type=\"column\">\n\t\t\t<div class=\"elementor-column-wrap elementor-element-populated\">\n\t\t\t\t\t\t\t<div class=\"elementor-widget-wrap\">\n\t\t\t\t\t\t<div class=\"elementor-element elementor-element-6759a52 elementor-widget elementor-widget-heading\" data-id=\"6759a52\" data-element_type=\"widget\" data-widget_type=\"heading.default\">\n\t\t\t\t<div class=\"elementor-widget-container\">\n\t\t\t<span class=\"elementor-heading-title elementor-size-medium\">Polo-Familie Winter<\/span>\t\t<\/div>\n\t\t\t\t<\/div>\n\t\t\t\t<div class=\"elementor-element elementor-element-ffb3e5b elementor-widget elementor-widget-image\" data-id=\"ffb3e5b\" data-element_type=\"widget\" data-widget_type=\"image.default\">\n\t\t\t\t<div class=\"elementor-widget-container\">\n\t\t\t\t\t\t\t\t<div class=\"elementor-image\">\n\t\t\t\t\t\t\t\t\t<figure class=\"wp-caption\">\n\t\t\t\t\t\t\t\t\t\t\t<a href=\"https:\/\/poloplus10.com\/wp-content\/uploads\/2021\/10\/Feine-Welt-2-2010.pdf\" target=\"_blank\">\n\t\t\t\t\t\t\t<img decoding=\"async\" width=\"126\" height=\"156\" src=\"https:\/\/poloplus10.com\/wp-content\/uploads\/2021\/10\/Feine-Welt-Familie-Winter.jpg\" class=\"attachment-full size-full\" alt=\"\" loading=\"lazy\" srcset=\"https:\/\/poloplus10.com\/wp-content\/uploads\/2021\/10\/Feine-Welt-Familie-Winter.jpg 126w, https:\/\/poloplus10.com\/wp-content\/uploads\/2021\/10\/Feine-Welt-Familie-Winter-120x149.jpg 120w, https:\/\/poloplus10.com\/wp-content\/uploads\/2021\/10\/Feine-Welt-Familie-Winter-90x111.jpg 90w\" sizes=\"(max-width: 126px) 100vw, 126px\" \/>\t\t\t\t\t\t\t\t<\/a>\n\t\t\t\t\t\t\t\t\t\t\t<figcaption class=\"widget-image-caption wp-caption-text\">Feine Welt 2\/2010 (7,4 MB)<\/figcaption>\n\t\t\t\t\t\t\t\t\t\t<\/figure>\n\t\t\t\t\t\t\t\t<\/div>\n\t\t\t\t\t\t<\/div>\n\t\t\t\t<\/div>\n\t\t\t\t\t\t<\/div>\n\t\t\t\t\t<\/div>\n\t\t<\/div>\n\t\t\t\t\t\t\t\t<\/div>\n\t\t\t\t\t<\/div>\n\t\t<\/section>\n\t\t\t\t<section class=\"elementor-section elementor-top-section elementor-element elementor-element-5883ecf elementor-section-boxed elementor-section-height-default elementor-section-height-default\" data-id=\"5883ecf\" data-element_type=\"section\">\n\t\t\t\t\t\t<div class=\"elementor-container elementor-column-gap-default\">\n\t\t\t\t\t\t\t<div class=\"elementor-row\">\n\t\t\t\t\t<div class=\"elementor-column elementor-col-100 elementor-top-column elementor-element elementor-element-959a88b\" data-id=\"959a88b\" data-element_type=\"column\">\n\t\t\t<div class=\"elementor-column-wrap elementor-element-populated\">\n\t\t\t\t\t\t\t<div class=\"elementor-widget-wrap\">\n\t\t\t\t\t\t<div class=\"elementor-element elementor-element-c86ecc0 elementor-widget elementor-widget-heading\" data-id=\"c86ecc0\" data-element_type=\"widget\" data-widget_type=\"heading.default\">\n\t\t\t\t<div class=\"elementor-widget-container\">\n\t\t\t<span class=\"elementor-heading-title elementor-size-medium\">Constantin von Hohenstein empfiehlt die Lekt\u00fcre von Polo+10<\/span>\t\t<\/div>\n\t\t\t\t<\/div>\n\t\t\t\t<div class=\"elementor-element elementor-element-979cce9 elementor-widget elementor-widget-text-editor\" data-id=\"979cce9\" data-element_type=\"widget\" data-widget_type=\"text-editor.default\">\n\t\t\t\t<div class=\"elementor-widget-container\">\n\t\t\t\t\t\t\t\t<div class=\"elementor-text-editor elementor-clearfix\">\n\t\t\t\t<p>Hohensteins Welt: Das ABC eines modernen Gentleman (erschienen im Chevalier Verlag)<\/p>\n\t\t\t\t\t<\/div>\n\t\t\t\t\t\t<\/div>\n\t\t\t\t<\/div>\n\t\t\t\t<div class=\"elementor-element elementor-element-10d7c29 elementor-widget elementor-widget-image\" data-id=\"10d7c29\" data-element_type=\"widget\" data-widget_type=\"image.default\">\n\t\t\t\t<div class=\"elementor-widget-container\">\n\t\t\t\t\t\t\t\t<div class=\"elementor-image\">\n\t\t\t\t\t\t\t\t\t\t\t\t\t<a href=\"https:\/\/poloplus10.com\/wp-content\/uploads\/2021\/10\/hohensteins-welt.jpg\" data-elementor-open-lightbox=\"yes\" e-action-hash=\"#elementor-action%3Aaction%3Dlightbox%26settings%3DeyJpZCI6NzAwMjksInVybCI6Imh0dHBzOlwvXC9wb2xvcGx1czEwLmNvbVwvd3AtY29udGVudFwvdXBsb2Fkc1wvMjAyMVwvMTBcL2hvaGVuc3RlaW5zLXdlbHQuanBnIn0%3D\">\n\t\t\t\t\t\t\t<img decoding=\"async\" width=\"204\" height=\"156\" src=\"https:\/\/poloplus10.com\/wp-content\/uploads\/2021\/10\/hohensteins-welt.jpg\" class=\"attachment-full size-full\" alt=\"\" loading=\"lazy\" srcset=\"https:\/\/poloplus10.com\/wp-content\/uploads\/2021\/10\/hohensteins-welt.jpg 204w, https:\/\/poloplus10.com\/wp-content\/uploads\/2021\/10\/hohensteins-welt-120x92.jpg 120w, https:\/\/poloplus10.com\/wp-content\/uploads\/2021\/10\/hohensteins-welt-90x68.jpg 90w\" sizes=\"(max-width: 204px) 100vw, 204px\" \/>\t\t\t\t\t\t\t\t<\/a>\n\t\t\t\t\t\t\t\t\t\t\t\t\t\t<\/div>\n\t\t\t\t\t\t<\/div>\n\t\t\t\t<\/div>\n\t\t\t\t\t\t<\/div>\n\t\t\t\t\t<\/div>\n\t\t<\/div>\n\t\t\t\t\t\t\t\t<\/div>\n\t\t\t\t\t<\/div>\n\t\t<\/section>\n\t\t\t\t<section class=\"elementor-section elementor-top-section elementor-element elementor-element-2e78799 elementor-section-boxed elementor-section-height-default elementor-section-height-default\" data-id=\"2e78799\" data-element_type=\"section\">\n\t\t\t\t\t\t<div class=\"elementor-container elementor-column-gap-default\">\n\t\t\t\t\t\t\t<div class=\"elementor-row\">\n\t\t\t\t\t<div class=\"elementor-column elementor-col-100 elementor-top-column elementor-element elementor-element-9faf60b\" data-id=\"9faf60b\" data-element_type=\"column\">\n\t\t\t<div class=\"elementor-column-wrap elementor-element-populated\">\n\t\t\t\t\t\t\t<div class=\"elementor-widget-wrap\">\n\t\t\t\t\t\t<div class=\"elementor-element elementor-element-0a115f7 elementor-widget elementor-widget-heading\" data-id=\"0a115f7\" data-element_type=\"widget\" data-widget_type=\"heading.default\">\n\t\t\t\t<div class=\"elementor-widget-container\">\n\t\t\t<span class=\"elementor-heading-title elementor-size-medium\">Reh-Zensionen \u00fcber Polo+10 Ausgabe Nr. I\/2007<\/span>\t\t<\/div>\n\t\t\t\t<\/div>\n\t\t\t\t<div class=\"elementor-element elementor-element-c1f40ea elementor-widget elementor-widget-text-editor\" data-id=\"c1f40ea\" data-element_type=\"widget\" data-widget_type=\"text-editor.default\">\n\t\t\t\t<div class=\"elementor-widget-container\">\n\t\t\t\t\t\t\t\t<div class=\"elementor-text-editor elementor-clearfix\">\n\t\t\t\t<p>\u201eL\u00e4ndergrenzen, Menschen, Ideen \u2013 die Polowelt h\u00e4lt nichts von Schranken. Polo+10 auch nicht\u201c verspricht Chefredakteurin Stefanie St\u00fcting im Editorial des hervorragenden Magazins, dass nun auch das offizielle Magazin des Deutschen Poloverbandes ist. \u00c4sthetik pur \u2013 der edelste Sport wird entsprechend in Szene gesetzt, wobei neben Turnieren, Trends und Tipps auch Lebensstil und Sponsoren gew\u00fcrdigt werden. So wird der tadschikische K\u00fcnstler Robert Hettich vorgestellt, da er Polo in \u00d6l malt und die Cowboystiefel der Marke Stallion Boots (\u201eSachen, die von Maschinen hergestellt werden, haben keine Seele\u201c) werden w\u00fcrdig pr\u00e4sentiert. Selbst die Anzeigen sind eine Augenweide \u2013 f\u00fcr Privatbanken das richtige Werbemedium\u2026<\/p>\n\t\t\t\t\t<\/div>\n\t\t\t\t\t\t<\/div>\n\t\t\t\t<\/div>\n\t\t\t\t\t\t<\/div>\n\t\t\t\t\t<\/div>\n\t\t<\/div>\n\t\t\t\t\t\t\t\t<\/div>\n\t\t\t\t\t<\/div>\n\t\t<\/section>\n\t\t\t\t\t\t\t\t\t<\/div>\n\t\t\t<\/div>\n\t\t\t\t\t<\/div>\n\t\t","protected":false},"excerpt":{"rendered":"<p>Presse Play Harder: Polo \u2013 Rasant, extrem, gef\u00e4hrlich. Der wohl exklusivste Mannschaftssport der Welt fasziniert immer mehr Wirtschaftsf\u00fchrer. Manager Magazin 4\/2013 (3 MB) Renaissance des Polospiels X-press 04\/11 \u2013 Investment&hellip;<\/p>\n","protected":false},"author":1,"featured_media":0,"parent":68245,"menu_order":0,"comment_status":"closed","ping_status":"closed","template":"","meta":{"_monsterinsights_skip_tracking":false,"_monsterinsights_sitenote_active":false,"_monsterinsights_sitenote_note":"","_monsterinsights_sitenote_category":0},"acf":[],"yoast_head":"<!-- This site is optimized with the Yoast SEO plugin v19.6.1 - https:\/\/yoast.com\/wordpress\/plugins\/seo\/ -->\n<title>Presse - POLO+10<\/title>\n<meta name=\"robots\" content=\"index, follow, max-snippet:-1, max-image-preview:large, max-video-preview:-1\" \/>\n<link rel=\"canonical\" href=\"https:\/\/poloplus10.com\/de\/polo-sport\/presse\/\" \/>\n<meta property=\"og:locale\" content=\"de_DE\" \/>\n<meta property=\"og:type\" content=\"article\" \/>\n<meta property=\"og:title\" content=\"Presse - POLO+10\" \/>\n<meta property=\"og:description\" content=\"Presse Play Harder: Polo \u2013 Rasant, extrem, gef\u00e4hrlich. Der wohl exklusivste Mannschaftssport der Welt fasziniert immer mehr Wirtschaftsf\u00fchrer. Manager Magazin 4\/2013 (3 MB) Renaissance des Polospiels X-press 04\/11 \u2013 Investment&hellip;\" \/>\n<meta property=\"og:url\" content=\"https:\/\/poloplus10.com\/de\/polo-sport\/presse\/\" \/>\n<meta property=\"og:site_name\" content=\"POLO+10\" \/>\n<meta property=\"article:modified_time\" content=\"2021-10-11T13:56:22+00:00\" \/>\n<meta property=\"og:image\" content=\"https:\/\/poloplus10.com\/wp-content\/uploads\/2021\/10\/manager_magazin_polo_2013_4.jpg\" \/>\n<meta name=\"twitter:card\" content=\"summary_large_image\" \/>\n<meta name=\"twitter:label1\" content=\"Gesch\u00e4tzte Lesezeit\" \/>\n\t<meta name=\"twitter:data1\" content=\"1\u00a0Minute\" \/>\n<script type=\"application\/ld+json\" class=\"yoast-schema-graph\">{\"@context\":\"https:\/\/schema.org\",\"@graph\":[{\"@type\":\"WebPage\",\"@id\":\"https:\/\/poloplus10.com\/de\/polo-sport\/presse\/\",\"url\":\"https:\/\/poloplus10.com\/de\/polo-sport\/presse\/\",\"name\":\"Presse - POLO+10\",\"isPartOf\":{\"@id\":\"https:\/\/poloplus10.com\/#website\"},\"datePublished\":\"2021-10-11T13:56:21+00:00\",\"dateModified\":\"2021-10-11T13:56:22+00:00\",\"breadcrumb\":{\"@id\":\"https:\/\/poloplus10.com\/de\/polo-sport\/presse\/#breadcrumb\"},\"inLanguage\":\"de\",\"potentialAction\":[{\"@type\":\"ReadAction\",\"target\":[\"https:\/\/poloplus10.com\/de\/polo-sport\/presse\/\"]}]},{\"@type\":\"BreadcrumbList\",\"@id\":\"https:\/\/poloplus10.com\/de\/polo-sport\/presse\/#breadcrumb\",\"itemListElement\":[{\"@type\":\"ListItem\",\"position\":1,\"name\":\"Home\",\"item\":\"https:\/\/poloplus10.com\/\"},{\"@type\":\"ListItem\",\"position\":2,\"name\":\"Polo-Sport\",\"item\":\"https:\/\/poloplus10.com\/de\/polo-sport\/\"},{\"@type\":\"ListItem\",\"position\":3,\"name\":\"Presse\"}]},{\"@type\":\"WebSite\",\"@id\":\"https:\/\/poloplus10.com\/#website\",\"url\":\"https:\/\/poloplus10.com\/\",\"name\":\"POLO+10\",\"description\":\"The Polo Magazine\",\"publisher\":{\"@id\":\"https:\/\/poloplus10.com\/#organization\"},\"potentialAction\":[{\"@type\":\"SearchAction\",\"target\":{\"@type\":\"EntryPoint\",\"urlTemplate\":\"https:\/\/poloplus10.com\/?s={search_term_string}\"},\"query-input\":\"required name=search_term_string\"}],\"inLanguage\":\"de\"},{\"@type\":\"Organization\",\"@id\":\"https:\/\/poloplus10.com\/#organization\",\"name\":\"POLO+10 GmbH\",\"url\":\"https:\/\/poloplus10.com\/\",\"sameAs\":[],\"logo\":{\"@type\":\"ImageObject\",\"inLanguage\":\"de\",\"@id\":\"https:\/\/poloplus10.com\/#\/schema\/logo\/image\/\",\"url\":\"https:\/\/poloplus10.demo-on.de\/wp-content\/uploads\/2021\/07\/poloplus10_logo.png\",\"contentUrl\":\"https:\/\/poloplus10.demo-on.de\/wp-content\/uploads\/2021\/07\/poloplus10_logo.png\",\"width\":300,\"height\":64,\"caption\":\"POLO+10 GmbH\"},\"image\":{\"@id\":\"https:\/\/poloplus10.com\/#\/schema\/logo\/image\/\"}}]}<\/script>\n<!-- \/ Yoast SEO plugin. -->","yoast_head_json":{"title":"Presse - POLO+10","robots":{"index":"index","follow":"follow","max-snippet":"max-snippet:-1","max-image-preview":"max-image-preview:large","max-video-preview":"max-video-preview:-1"},"canonical":"https:\/\/poloplus10.com\/de\/polo-sport\/presse\/","og_locale":"de_DE","og_type":"article","og_title":"Presse - POLO+10","og_description":"Presse Play Harder: Polo \u2013 Rasant, extrem, gef\u00e4hrlich. Der wohl exklusivste Mannschaftssport der Welt fasziniert immer mehr Wirtschaftsf\u00fchrer. Manager Magazin 4\/2013 (3 MB) Renaissance des Polospiels X-press 04\/11 \u2013 Investment&hellip;","og_url":"https:\/\/poloplus10.com\/de\/polo-sport\/presse\/","og_site_name":"POLO+10","article_modified_time":"2021-10-11T13:56:22+00:00","og_image":[{"url":"https:\/\/poloplus10.com\/wp-content\/uploads\/2021\/10\/manager_magazin_polo_2013_4.jpg"}],"twitter_card":"summary_large_image","twitter_misc":{"Gesch\u00e4tzte Lesezeit":"1\u00a0Minute"},"schema":{"@context":"https:\/\/schema.org","@graph":[{"@type":"WebPage","@id":"https:\/\/poloplus10.com\/de\/polo-sport\/presse\/","url":"https:\/\/poloplus10.com\/de\/polo-sport\/presse\/","name":"Presse - POLO+10","isPartOf":{"@id":"https:\/\/poloplus10.com\/#website"},"datePublished":"2021-10-11T13:56:21+00:00","dateModified":"2021-10-11T13:56:22+00:00","breadcrumb":{"@id":"https:\/\/poloplus10.com\/de\/polo-sport\/presse\/#breadcrumb"},"inLanguage":"de","potentialAction":[{"@type":"ReadAction","target":["https:\/\/poloplus10.com\/de\/polo-sport\/presse\/"]}]},{"@type":"BreadcrumbList","@id":"https:\/\/poloplus10.com\/de\/polo-sport\/presse\/#breadcrumb","itemListElement":[{"@type":"ListItem","position":1,"name":"Home","item":"https:\/\/poloplus10.com\/"},{"@type":"ListItem","position":2,"name":"Polo-Sport","item":"https:\/\/poloplus10.com\/de\/polo-sport\/"},{"@type":"ListItem","position":3,"name":"Presse"}]},{"@type":"WebSite","@id":"https:\/\/poloplus10.com\/#website","url":"https:\/\/poloplus10.com\/","name":"POLO+10","description":"The Polo Magazine","publisher":{"@id":"https:\/\/poloplus10.com\/#organization"},"potentialAction":[{"@type":"SearchAction","target":{"@type":"EntryPoint","urlTemplate":"https:\/\/poloplus10.com\/?s={search_term_string}"},"query-input":"required name=search_term_string"}],"inLanguage":"de"},{"@type":"Organization","@id":"https:\/\/poloplus10.com\/#organization","name":"POLO+10 GmbH","url":"https:\/\/poloplus10.com\/","sameAs":[],"logo":{"@type":"ImageObject","inLanguage":"de","@id":"https:\/\/poloplus10.com\/#\/schema\/logo\/image\/","url":"https:\/\/poloplus10.demo-on.de\/wp-content\/uploads\/2021\/07\/poloplus10_logo.png","contentUrl":"https:\/\/poloplus10.demo-on.de\/wp-content\/uploads\/2021\/07\/poloplus10_logo.png","width":300,"height":64,"caption":"POLO+10 GmbH"},"image":{"@id":"https:\/\/poloplus10.com\/#\/schema\/logo\/image\/"}}]}},"_links":{"self":[{"href":"https:\/\/poloplus10.com\/de\/wp-json\/wp\/v2\/pages\/70038"}],"collection":[{"href":"https:\/\/poloplus10.com\/de\/wp-json\/wp\/v2\/pages"}],"about":[{"href":"https:\/\/poloplus10.com\/de\/wp-json\/wp\/v2\/types\/page"}],"author":[{"embeddable":true,"href":"https:\/\/poloplus10.com\/de\/wp-json\/wp\/v2\/users\/1"}],"replies":[{"embeddable":true,"href":"https:\/\/poloplus10.com\/de\/wp-json\/wp\/v2\/comments?post=70038"}],"version-history":[{"count":1,"href":"https:\/\/poloplus10.com\/de\/wp-json\/wp\/v2\/pages\/70038\/revisions"}],"predecessor-version":[{"id":70039,"href":"https:\/\/poloplus10.com\/de\/wp-json\/wp\/v2\/pages\/70038\/revisions\/70039"}],"up":[{"embeddable":true,"href":"https:\/\/poloplus10.com\/de\/wp-json\/wp\/v2\/pages\/68245"}],"wp:attachment":[{"href":"https:\/\/poloplus10.com\/de\/wp-json\/wp\/v2\/media?parent=70038"}],"curies":[{"name":"wp","href":"https:\/\/api.w.org\/{rel}","templated":true}]}}