{"id":70244,"date":"2021-10-12T09:13:55","date_gmt":"2021-10-12T07:13:55","guid":{"rendered":"https:\/\/poloplus10.com\/10-world-polo-clubs\/"},"modified":"2025-01-31T13:14:39","modified_gmt":"2025-01-31T12:14:39","slug":"10-world-polo-clubs","status":"publish","type":"page","link":"https:\/\/poloplus10.com\/de\/10-world-polo-clubs\/","title":{"rendered":"+10 World: Polo Clubs"},"content":{"rendered":"\t\t<div data-elementor-type=\"wp-page\" data-elementor-id=\"70244\" class=\"elementor elementor-70244 elementor-65584\">\n\t\t\t\t\t\t<div class=\"elementor-inner\">\n\t\t\t\t<div class=\"elementor-section-wrap\">\n\t\t\t\t\t\t\t\t\t<section class=\"elementor-section elementor-top-section elementor-element elementor-element-41a8783 elementor-section-full_width elementor-section-height-default elementor-section-height-default\" data-id=\"41a8783\" data-element_type=\"section\">\n\t\t\t\t\t\t<div class=\"elementor-container elementor-column-gap-default\">\n\t\t\t\t\t\t\t<div class=\"elementor-row\">\n\t\t\t\t\t<div class=\"elementor-column elementor-col-100 elementor-top-column elementor-element elementor-element-08af0be\" data-id=\"08af0be\" data-element_type=\"column\">\n\t\t\t<div class=\"elementor-column-wrap elementor-element-populated\">\n\t\t\t\t\t\t\t<div class=\"elementor-widget-wrap\">\n\t\t\t\t\t\t<div class=\"elementor-element elementor-element-d8a2600 elementor-widget elementor-widget-text-editor\" data-id=\"d8a2600\" data-element_type=\"widget\" data-widget_type=\"text-editor.default\">\n\t\t\t\t<div class=\"elementor-widget-container\">\n\t\t\t\t\t\t\t\t<div class=\"elementor-text-editor elementor-clearfix\">\n\t\t\t\t<p>Polo wird in \u00fcber 90 L\u00e4ndern der Welt gespielt. Hier finden Sie alle relevanten Informationen \u00fcber Clubs und Turniere auf der ganzen Welt, getrennt nach Kontinenten und L\u00e4ndern. Wenn Sie auf die Stecknadeln in der Karte klicken, erhalten Sie weitere Informationen. Dieses Projekt befindet sich derzeit noch in der Anfangsphase. Weitere Standorte werden bald folgen.<\/p>\n\t\t\t\t\t<\/div>\n\t\t\t\t\t\t<\/div>\n\t\t\t\t<\/div>\n\t\t\t\t<div class=\"elementor-element elementor-element-330350f elementor-widget elementor-widget-shortcode\" data-id=\"330350f\" data-element_type=\"widget\" data-widget_type=\"shortcode.default\">\n\t\t\t\t<div class=\"elementor-widget-container\">\n\t\t\t\t\t<div class=\"elementor-shortcode\"><link rel='stylesheet' id='asl-plugin-css' href='https:\/\/poloplus10.com\/wp-content\/plugins\/agile-store-locator\/public\/css\/asl.css?version=4.6.32' type='text\/css' media='all' \/>\n<style type=\"text\/css\">\n  #asl-storelocator.asl-p-cont .Status_filter .onoffswitch-inner::before {content: \"Offen\" !important}\n  #asl-storelocator.asl-p-cont .Status_filter .onoffswitch-inner::after {content: \"ALL\" !important}\n  #asl-storelocator.container.storelocator-main.asl-p-cont .asl-loc-sec .asl-panel {order: 0;}\n<\/style>\n<div id=\"asl-storelocator\" class=\"container storelocator-main asl-p-cont asl-template-0 asl-layout-0 asl-bg-5 full-width  asl-text-0\">\n        \n  <div class=\"row Filter_section\">\n      <div class=\"col-xs-12 col-sm-4 search_filter\">\n          <p>Verkaufsstelle suchen<\/p>\n          <div class=\"sl-search-group\">\n            <input type=\"text\" value=\"\" data-submit=\"disable\"  tabindex=\"2\" id=\"auto-complete-search\" placeholder=\"Adresse eingeben\"  class=\"asl-search-address form-control isp_ignore\">\n            <span class=\"span-geo\"><i class=\"asl-geo icon-direction-outline\" title=\"Aktuelle Position\"><\/i><\/span>\n          <\/div>\n      <\/div>\n      <div class=\"col-xs-12 col-sm-8\">\n        <div class=\"\">\n          <div class=\"row\">\n                        <div class=\"col-sm-12 asl-advance-filters hide\">\n                <div class=\"row\">\n                  <div class=\"col-xs-4 sl-category-filter drop_box_filter\">\n                      <div class=\"asl-filter-cntrl\">\n                        <label class=\"asl-cntrl-lbl\">Category<\/label>\n                        <div class=\"categories_filter\" id=\"categories_filter\">\n                        <\/div>\n                      <\/div>\n                  <\/div>\n                                    <div class=\"col-xs-4 range_filter hide\">\n                      <div class=\"rangeFilter asl-filter-cntrl\">\n                        <label class=\"asl-cntrl-lbl\">Umgebung<\/label>\n                        <input id=\"asl-radius-slide\" type=\"text\" class=\"span2\" \/>\n                        <span class=\"rad-unit\">Radius: <span id=\"asl-radius-input\"><\/span> <span id=\"asl-dist-unit\">km<\/span><\/span>\n                      <\/div>\n                  <\/div>\n                  <div class=\"col-xs-4 col-md-2 Status_filter\">\n                      <div class=\"asl-filter-cntrl\">\n                        <label class=\"asl-cntrl-lbl\">Status<\/label>\n                        <div class=\"onoffswitch\">\n                          <input type=\"checkbox\" name=\"onoffswitch\" class=\"onoffswitch-checkbox\" id=\"asl-open-close\" checked>\n                          <label class=\"onoffswitch-label\" for=\"asl-open-close\">\n                              <span class=\"onoffswitch-inner\"><\/span>\n                              <span class=\"onoffswitch-switch\"><\/span>\n                          <\/label>\n                        <\/div>\n                      <\/div>\n                  <\/div>\n                <\/div>\n            <\/div>\n          <\/div>\n        <\/div>\n      <\/div>\n  <\/div>\n    <div class=\"row asl-loc-sec\">\n    <div class=\"col-sm-8 col-xs-12 asl-map\">\n      <div class=\"store-locator\">\n        <div id=\"asl-map-canv\"><\/div>\n        <!-- agile-modal -->\n        <div id=\"agile-modal-direction\" class=\"agile-modal fade\">\n          <div class=\"agile-modal-backdrop-in\"><\/div>\n          <div class=\"agile-modal-dialog in\">\n            <div class=\"agile-modal-content\">\n              <div class=\"agile-modal-header\">\n                <button type=\"button\" class=\"close-directions close\" data-dismiss=\"agile-modal\" aria-label=\"Close\"><span aria-hidden=\"true\">&times;<\/span><\/button>\n                <h4 id=\"route-planen\">Route planen<\/h4>\n              <\/div>\n              <div class=\"form-group\">\n                <label for=\"frm-lbl\">Von:<\/label>\n                <input type=\"text\" class=\"form-control frm-place\" id=\"frm-lbl\" placeholder=\"Adresse eingeben\">\n              <\/div>\n              <div class=\"form-group\">\n                <label for=\"frm-lbl\">Nach:<\/label>\n                <input readonly=\"true\" type=\"text\"  class=\"directions-to form-control\" id=\"to-lbl\" placeholder=\"Prepopulated Destination Address\">\n              <\/div>\n              <div class=\"form-group\">\n                <span for=\"frm-lbl\">Distanz anzeigen in<\/span>\n                <label class=\"checkbox-inline\">\n                  <input type=\"radio\" name=\"dist-type\"  id=\"rbtn-km\" value=\"0\"> km                <\/label>\n                <label class=\"checkbox-inline\">\n                  <input type=\"radio\" name=\"dist-type\" checked id=\"rbtn-mile\" value=\"1\"> Meile                <\/label>\n              <\/div>\n              <div class=\"form-group\">\n                <button type=\"submit\" class=\"btn btn-default btn-submit\">Route planen<\/button>\n              <\/div>\n            <\/div>\n          <\/div>\n        <\/div>\n\n        <div id=\"asl-geolocation-agile-modal\" class=\"agile-modal fade\">\n          <div class=\"agile-modal-backdrop-in\"><\/div>\n          <div class=\"agile-modal-dialog in\">\n            <div class=\"agile-modal-content\">\n              <button type=\"button\" class=\"close-directions close\" data-dismiss=\"agile-modal\" aria-label=\"Close\"><span aria-hidden=\"true\">&times;<\/span><\/button>\n                            <div class=\"form-group\">\n                <h4 id=\"aktuelle-position-verwenden-um-die-naechste-verkaufsstelle-anzuzeigen\">Aktuelle Position verwenden um die n\u00e4chste Verkaufsstelle anzuzeigen<\/h4>\n              <\/div>\n              <div class=\"form-group text-center\">\n                <button type=\"button\" id=\"asl-btn-geolocation\" class=\"btn btn-block btn-default\">Position verwenden<\/button>\n              <\/div>\n                          <\/div>\n          <\/div>\n        <\/div>\n        <!-- agile-modal end -->\n      <\/div>\n    <\/div>\n    <div class=\"col-sm-4 col-xs-12 asl-panel\">\n            <div class=\"Num_of_store\">\n        <span>Number Of Polo Clubs: <span class=\"count-result\">0<\/span><\/span>\n      <\/div> \n            <!--  Panel Listing -->\n      <div id=\"asl-list\" class=\"storelocator-panel\">\n        <div class=\"asl-overlay\" id=\"map-loading\">\n          <div class=\"white\"><\/div>\n          <div class=\"loading\"><img decoding=\"async\" style=\"margin-right: 10px;\" class=\"loader\" src=\"https:\/\/poloplus10.com\/wp-content\/plugins\/agile-store-locator\/public\/Logo\/loading.gif\">Laden...<\/div>\n        <\/div>\n        <div class=\"panel-cont\">\n            <div class=\"panel-inner\">\n              <div class=\"col-md-12 asl-p-0\">\n                  <ul id=\"p-statelist\"  role=\"tablist\" aria-multiselectable=\"true\">\n                  <\/ul>\n              <\/div>\n            <\/div>\n        <\/div>\n        <div class=\"directions-cont hide\">\n          <div class=\"agile-modal-header\">\n            <button type=\"button\" class=\"close\"><span aria-hidden=\"true\">&times;<\/span><\/button>\n            <h4 id=\"route-planen-2\">Route planen<\/h4>\n          <\/div>\n          <div class=\"rendered-directions\"><\/div>\n        <\/div>\n      <\/div>\n    <\/div> \n  <\/div>\n<\/div>\n<!-- This plugin is developed by \"Agile Store Locator by WordPress\" https:\/\/agilestorelocator.com -->\n\n<script id=\"tmpl_list_item\" type=\"text\/x-jsrender\">\n  <div class=\"sl-item\" data-id=\"{{:id}}\">\n    <div class=\"addr-sec\">\n      <p class=\"p-title\">{{:title}}<\/p>\n    <\/div>\n    <div class=\"row\">\n      <div class=\"{{if path}}col-md-9 col-xs-9{{else}}col-md-12{{\/if}} addr-sec\">\n        <p class=\"p-area\"><span class=\"glyphicon icon-location\"><\/span><span>{{:address}}<\/span><\/p>\n        {{if phone}}\n          <p class=\"p-area\"><span class=\"glyphicon icon-phone-outline\"><\/span><a href=\"tel:{{:phone}}\">{{:phone}}<\/a><\/p>\n        {{\/if}}\n        {{if email}}\n        <p class=\"p-area\"><span class=\"glyphicon icon-at\"><\/span><a href=\"mailto:{{:email}}\" style=\"text-transform: lowercase\">{{:email}}<\/a><\/p>\n        {{\/if}}\n        {{if fax}}\n          <p class=\"p-area\"><span class=\"glyphicon icon-fax\"><\/span> Fax:{{:fax}}<\/p>\n        {{\/if}}\n        {{if c_names}}\n        <p class=\"p-area\"><span class=\"glyphicon icon-tag\"><\/span> {{:c_names}}<\/p>\n        {{\/if}}\n        {{if open_hours}}\n        <p class=\"p-area\"><span class=\"glyphicon icon-clock-1\"><\/span> {{:open_hours}}<\/p>\n        {{\/if}}\n      <\/div>\n      {{if path}}\n      <div class=\"col-md-3 col-xs-3 sm-pl-0\">\n        <div class=\"thumb-a\">\n            <img decoding=\"async\" src=\"https:\/\/poloplus10.com\/wp-content\/uploads\/agile-store-locator\/Logo\/{{:path}}\" alt=\"logo\">\n        <\/div>\n      <\/div>\n      {{\/if}}\n    <\/div>\n    <div class=\"row mt-10\">\n        <div class=\"col-xs-6\">\n          <div class=\"p-direction\"><button type=\"button\" class=\"btn btn-asl s-direction\">Route planen<\/button><\/div>\n        <\/div>\n        {{if dist_str}}\n        <div class=\"col-xs-6\">\n            <span class=\"s-distance\">{{:dist_str}}<\/span>\n        <\/div>\n        {{\/if}}\n    <\/div>\n  <\/div>\n<\/script>\n<script id=\"asl_too_tip\" type=\"text\/x-jsrender\">\n{{if path}}\n<div class=\"image_map_popup\" style=\"display:none\"><img decoding=\"async\" src=\"{{:URL}}Logo\/{{:path}}\" \/><\/div>\n{{\/if}}\n  <h3 id=\"title\">{{:title}}<\/h3>\n  <div class=\"infowindowContent\">\n    <div class=\"info-box-cont\">\n      <div class=\"row\">\n        <div class=\"col-md-12\">\n          <div class=\"{{if path}}info-addr{{else}}info-addr w-100-p{{\/if}}\">\n            <div class=\"address\"><span class=\"glyphicon icon-location\"><\/span><span>{{:address}}<\/span><\/div>\n            {{if phone}}\n            <div class=\"phone\"><span class=\"glyphicon icon-phone-outline\"><\/span><a href=\"tel:{{:phone}}\">{{:phone}}<\/a><\/div>\n            {{\/if}}\n            {{if email}}\n            <div class=\"p-time\"><span class=\"glyphicon icon-at\"><\/span><a href=\"mailto:{{:email}}\" style=\"text-transform: lowercase\">{{:email}}<\/a><\/div>\n            {{\/if}}\n          <\/div>\n          {{if path}}\n          <div class=\"img_box\" style=\"display:none\">\n            <img decoding=\"async\" src=\"{{:URL}}Logo\/{{:path}}\" alt=\"logo\">\n          <\/div>\n          {{\/if}}\n        <\/div>\n      <\/div>\n      <div class=\"row\">\n        <div class=\"col-md-12 asl-tt-details\">\n          {{if dist_str}}\n          <div class=\"distance\">Distanz: {{:dist_str}}<\/div>\n          {{\/if}}\n        <\/div>\n      <\/div>\n    <\/div>\n  <div class=\"asl-buttons\"><\/div>\n<\/div><div class=\"arrow-down\"><\/div>\n<\/script>\n<\/div>\n\t\t\t\t<\/div>\n\t\t\t\t<\/div>\n\t\t\t\t<div class=\"elementor-element elementor-element-2d2ad8c elementor-widget elementor-widget-heading\" data-id=\"2d2ad8c\" data-element_type=\"widget\" data-widget_type=\"heading.default\">\n\t\t\t\t<div class=\"elementor-widget-container\">\n\t\t\t<span class=\"elementor-heading-title elementor-size-default\">Werden Sie Mitglied der +10 WORLD<\/span>\t\t<\/div>\n\t\t\t\t<\/div>\n\t\t\t\t<div class=\"elementor-element elementor-element-699ad9d elementor-widget elementor-widget-text-editor\" data-id=\"699ad9d\" data-element_type=\"widget\" data-widget_type=\"text-editor.default\">\n\t\t\t\t<div class=\"elementor-widget-container\">\n\t\t\t\t\t\t\t\t<div class=\"elementor-text-editor elementor-clearfix\">\n\t\t\t\t<p>POLO+10 m\u00f6chte Ihnen helfen, Ihren Club und Ihre Poloturniere durch unsere weltweiten Publikationen zu f\u00f6rdern &#8211; werden Sie Mitglied der +10 WORLD und Sie erhalten direkten Zugang zur internationalen Poloszene!<\/p>\n\t\t\t\t\t<\/div>\n\t\t\t\t\t\t<\/div>\n\t\t\t\t<\/div>\n\t\t\t\t<div class=\"elementor-element elementor-element-babb2b6 elementor-widget elementor-widget-text-editor\" data-id=\"babb2b6\" data-element_type=\"widget\" data-widget_type=\"text-editor.default\">\n\t\t\t\t<div class=\"elementor-widget-container\">\n\t\t\t\t\t\t\t\t<div class=\"elementor-text-editor elementor-clearfix\">\n\t\t\t\tF\u00fcr weitere Informationen laden Sie bitte das Media Kit herunter:\t\t\t\t\t<\/div>\n\t\t\t\t\t\t<\/div>\n\t\t\t\t<\/div>\n\t\t\t\t<div class=\"elementor-element elementor-element-5e3cfd8 elementor-icon-list--layout-traditional elementor-list-item-link-full_width elementor-widget elementor-widget-icon-list\" data-id=\"5e3cfd8\" data-element_type=\"widget\" data-widget_type=\"icon-list.default\">\n\t\t\t\t<div class=\"elementor-widget-container\">\n\t\t\t\t\t<ul class=\"elementor-icon-list-items\">\n\t\t\t\t\t\t\t<li class=\"elementor-icon-list-item\">\n\t\t\t\t\t\t\t\t\t\t\t<a href=\"https:\/\/poloplus10.com\/wp-content\/uploads\/2021\/10\/POLO10_World_Clubs.pdf\" target=\"_blank\">\n\n\t\t\t\t\t\t\t\t\t\t\t\t<span class=\"elementor-icon-list-icon\">\n\t\t\t\t\t\t\t<i aria-hidden=\"true\" class=\"fas fa-arrow-right\"><\/i>\t\t\t\t\t\t<\/span>\n\t\t\t\t\t\t\t\t\t\t<span class=\"elementor-icon-list-text\">POLO+10 WORLD CLUBS<\/span>\n\t\t\t\t\t\t\t\t\t\t\t<\/a>\n\t\t\t\t\t\t\t\t\t<\/li>\n\t\t\t\t\t\t\t\t<li class=\"elementor-icon-list-item\">\n\t\t\t\t\t\t\t\t\t\t\t<a href=\"https:\/\/poloplus10.com\/wp-content\/uploads\/2021\/10\/POLO10_World_Tournaments.pdf\" target=\"_blank\">\n\n\t\t\t\t\t\t\t\t\t\t\t\t<span class=\"elementor-icon-list-icon\">\n\t\t\t\t\t\t\t<i aria-hidden=\"true\" class=\"fas fa-arrow-right\"><\/i>\t\t\t\t\t\t<\/span>\n\t\t\t\t\t\t\t\t\t\t<span class=\"elementor-icon-list-text\">POLO+10 WORLD TOURNAMENTS<\/span>\n\t\t\t\t\t\t\t\t\t\t\t<\/a>\n\t\t\t\t\t\t\t\t\t<\/li>\n\t\t\t\t\t\t<\/ul>\n\t\t\t\t<\/div>\n\t\t\t\t<\/div>\n\t\t\t\t<div class=\"elementor-element elementor-element-6b82f61 elementor-widget elementor-widget-text-editor\" data-id=\"6b82f61\" data-element_type=\"widget\" data-widget_type=\"text-editor.default\">\n\t\t\t\t<div class=\"elementor-widget-container\">\n\t\t\t\t\t\t\t\t<div class=\"elementor-text-editor elementor-clearfix\">\n\t\t\t\t<p><strong>Kontakt<\/strong><br \/>POLO+10 GmbH<br \/>Tel.: +49 40 645 626 10<br \/>E-Mail: hello[at]twa.ag<\/p>\t\t\t\t\t<\/div>\n\t\t\t\t\t\t<\/div>\n\t\t\t\t<\/div>\n\t\t\t\t\t\t<\/div>\n\t\t\t\t\t<\/div>\n\t\t<\/div>\n\t\t\t\t\t\t\t\t<\/div>\n\t\t\t\t\t<\/div>\n\t\t<\/section>\n\t\t\t\t\t\t\t\t\t<\/div>\n\t\t\t<\/div>\n\t\t\t\t\t<\/div>\n\t\t","protected":false},"excerpt":{"rendered":"<p>Polo wird in \u00fcber 90 L\u00e4ndern der Welt gespielt. Hier finden Sie alle relevanten Informationen \u00fcber Clubs und Turniere auf der ganzen Welt, getrennt nach Kontinenten und L\u00e4ndern. Wenn Sie&hellip;<\/p>\n","protected":false},"author":1,"featured_media":0,"parent":0,"menu_order":0,"comment_status":"closed","ping_status":"closed","template":"elementor_header_footer","meta":{"_monsterinsights_skip_tracking":false,"_monsterinsights_sitenote_active":false,"_monsterinsights_sitenote_note":"","_monsterinsights_sitenote_category":0},"acf":[],"yoast_head":"<!-- This site is optimized with the Yoast SEO plugin v19.6.1 - https:\/\/yoast.com\/wordpress\/plugins\/seo\/ -->\n<title>+10 World: Polo Clubs - POLO+10<\/title>\n<meta name=\"description\" content=\"Alle relevanten Infos \u00fcber Turniere und Clubs auf der Welt \u2013 getrennt nach Kontinenten und L\u00e4ndern und auf einen Blick.\" \/>\n<meta name=\"robots\" content=\"index, follow, max-snippet:-1, max-image-preview:large, max-video-preview:-1\" \/>\n<link rel=\"canonical\" href=\"https:\/\/poloplus10.com\/es\/10-world-polo-clubs\/\" \/>\n<meta property=\"og:locale\" content=\"de_DE\" \/>\n<meta property=\"og:type\" content=\"article\" \/>\n<meta property=\"og:title\" content=\"+10 World: Polo Clubs - POLO+10\" \/>\n<meta property=\"og:description\" content=\"Alle relevanten Infos \u00fcber Turniere und Clubs auf der Welt \u2013 getrennt nach Kontinenten und L\u00e4ndern und auf einen Blick.\" \/>\n<meta property=\"og:url\" content=\"https:\/\/poloplus10.com\/es\/10-world-polo-clubs\/\" \/>\n<meta property=\"og:site_name\" content=\"POLO+10\" \/>\n<meta property=\"article:modified_time\" content=\"2025-01-31T12:14:39+00:00\" \/>\n<meta name=\"twitter:card\" content=\"summary_large_image\" \/>\n<meta name=\"twitter:label1\" content=\"Gesch\u00e4tzte Lesezeit\" \/>\n\t<meta name=\"twitter:data1\" content=\"1\u00a0Minute\" \/>\n<script type=\"application\/ld+json\" class=\"yoast-schema-graph\">{\"@context\":\"https:\/\/schema.org\",\"@graph\":[{\"@type\":\"WebPage\",\"@id\":\"https:\/\/poloplus10.com\/es\/10-world-polo-clubs\/\",\"url\":\"https:\/\/poloplus10.com\/es\/10-world-polo-clubs\/\",\"name\":\"+10 World: Polo Clubs - POLO+10\",\"isPartOf\":{\"@id\":\"https:\/\/poloplus10.com\/#website\"},\"datePublished\":\"2021-10-12T07:13:55+00:00\",\"dateModified\":\"2025-01-31T12:14:39+00:00\",\"description\":\"Alle relevanten Infos \u00fcber Turniere und Clubs auf der Welt \u2013 getrennt nach Kontinenten und L\u00e4ndern und auf einen Blick.\",\"breadcrumb\":{\"@id\":\"https:\/\/poloplus10.com\/es\/10-world-polo-clubs\/#breadcrumb\"},\"inLanguage\":\"de\",\"potentialAction\":[{\"@type\":\"ReadAction\",\"target\":[\"https:\/\/poloplus10.com\/es\/10-world-polo-clubs\/\"]}]},{\"@type\":\"BreadcrumbList\",\"@id\":\"https:\/\/poloplus10.com\/es\/10-world-polo-clubs\/#breadcrumb\",\"itemListElement\":[{\"@type\":\"ListItem\",\"position\":1,\"name\":\"Home\",\"item\":\"https:\/\/poloplus10.com\/\"},{\"@type\":\"ListItem\",\"position\":2,\"name\":\"+10 World: Polo Clubs\"}]},{\"@type\":\"WebSite\",\"@id\":\"https:\/\/poloplus10.com\/#website\",\"url\":\"https:\/\/poloplus10.com\/\",\"name\":\"POLO+10\",\"description\":\"The Polo Magazine\",\"publisher\":{\"@id\":\"https:\/\/poloplus10.com\/#organization\"},\"potentialAction\":[{\"@type\":\"SearchAction\",\"target\":{\"@type\":\"EntryPoint\",\"urlTemplate\":\"https:\/\/poloplus10.com\/?s={search_term_string}\"},\"query-input\":\"required name=search_term_string\"}],\"inLanguage\":\"de\"},{\"@type\":\"Organization\",\"@id\":\"https:\/\/poloplus10.com\/#organization\",\"name\":\"POLO+10 GmbH\",\"url\":\"https:\/\/poloplus10.com\/\",\"sameAs\":[],\"logo\":{\"@type\":\"ImageObject\",\"inLanguage\":\"de\",\"@id\":\"https:\/\/poloplus10.com\/#\/schema\/logo\/image\/\",\"url\":\"https:\/\/poloplus10.demo-on.de\/wp-content\/uploads\/2021\/07\/poloplus10_logo.png\",\"contentUrl\":\"https:\/\/poloplus10.demo-on.de\/wp-content\/uploads\/2021\/07\/poloplus10_logo.png\",\"width\":300,\"height\":64,\"caption\":\"POLO+10 GmbH\"},\"image\":{\"@id\":\"https:\/\/poloplus10.com\/#\/schema\/logo\/image\/\"}}]}<\/script>\n<!-- \/ Yoast SEO plugin. -->","yoast_head_json":{"title":"+10 World: Polo Clubs - POLO+10","description":"Alle relevanten Infos \u00fcber Turniere und Clubs auf der Welt \u2013 getrennt nach Kontinenten und L\u00e4ndern und auf einen Blick.","robots":{"index":"index","follow":"follow","max-snippet":"max-snippet:-1","max-image-preview":"max-image-preview:large","max-video-preview":"max-video-preview:-1"},"canonical":"https:\/\/poloplus10.com\/es\/10-world-polo-clubs\/","og_locale":"de_DE","og_type":"article","og_title":"+10 World: Polo Clubs - POLO+10","og_description":"Alle relevanten Infos \u00fcber Turniere und Clubs auf der Welt \u2013 getrennt nach Kontinenten und L\u00e4ndern und auf einen Blick.","og_url":"https:\/\/poloplus10.com\/es\/10-world-polo-clubs\/","og_site_name":"POLO+10","article_modified_time":"2025-01-31T12:14:39+00:00","twitter_card":"summary_large_image","twitter_misc":{"Gesch\u00e4tzte Lesezeit":"1\u00a0Minute"},"schema":{"@context":"https:\/\/schema.org","@graph":[{"@type":"WebPage","@id":"https:\/\/poloplus10.com\/es\/10-world-polo-clubs\/","url":"https:\/\/poloplus10.com\/es\/10-world-polo-clubs\/","name":"+10 World: Polo Clubs - POLO+10","isPartOf":{"@id":"https:\/\/poloplus10.com\/#website"},"datePublished":"2021-10-12T07:13:55+00:00","dateModified":"2025-01-31T12:14:39+00:00","description":"Alle relevanten Infos \u00fcber Turniere und Clubs auf der Welt \u2013 getrennt nach Kontinenten und L\u00e4ndern und auf einen Blick.","breadcrumb":{"@id":"https:\/\/poloplus10.com\/es\/10-world-polo-clubs\/#breadcrumb"},"inLanguage":"de","potentialAction":[{"@type":"ReadAction","target":["https:\/\/poloplus10.com\/es\/10-world-polo-clubs\/"]}]},{"@type":"BreadcrumbList","@id":"https:\/\/poloplus10.com\/es\/10-world-polo-clubs\/#breadcrumb","itemListElement":[{"@type":"ListItem","position":1,"name":"Home","item":"https:\/\/poloplus10.com\/"},{"@type":"ListItem","position":2,"name":"+10 World: Polo Clubs"}]},{"@type":"WebSite","@id":"https:\/\/poloplus10.com\/#website","url":"https:\/\/poloplus10.com\/","name":"POLO+10","description":"The Polo Magazine","publisher":{"@id":"https:\/\/poloplus10.com\/#organization"},"potentialAction":[{"@type":"SearchAction","target":{"@type":"EntryPoint","urlTemplate":"https:\/\/poloplus10.com\/?s={search_term_string}"},"query-input":"required name=search_term_string"}],"inLanguage":"de"},{"@type":"Organization","@id":"https:\/\/poloplus10.com\/#organization","name":"POLO+10 GmbH","url":"https:\/\/poloplus10.com\/","sameAs":[],"logo":{"@type":"ImageObject","inLanguage":"de","@id":"https:\/\/poloplus10.com\/#\/schema\/logo\/image\/","url":"https:\/\/poloplus10.demo-on.de\/wp-content\/uploads\/2021\/07\/poloplus10_logo.png","contentUrl":"https:\/\/poloplus10.demo-on.de\/wp-content\/uploads\/2021\/07\/poloplus10_logo.png","width":300,"height":64,"caption":"POLO+10 GmbH"},"image":{"@id":"https:\/\/poloplus10.com\/#\/schema\/logo\/image\/"}}]}},"_links":{"self":[{"href":"https:\/\/poloplus10.com\/de\/wp-json\/wp\/v2\/pages\/70244"}],"collection":[{"href":"https:\/\/poloplus10.com\/de\/wp-json\/wp\/v2\/pages"}],"about":[{"href":"https:\/\/poloplus10.com\/de\/wp-json\/wp\/v2\/types\/page"}],"author":[{"embeddable":true,"href":"https:\/\/poloplus10.com\/de\/wp-json\/wp\/v2\/users\/1"}],"replies":[{"embeddable":true,"href":"https:\/\/poloplus10.com\/de\/wp-json\/wp\/v2\/comments?post=70244"}],"version-history":[{"count":11,"href":"https:\/\/poloplus10.com\/de\/wp-json\/wp\/v2\/pages\/70244\/revisions"}],"predecessor-version":[{"id":101192,"href":"https:\/\/poloplus10.com\/de\/wp-json\/wp\/v2\/pages\/70244\/revisions\/101192"}],"wp:attachment":[{"href":"https:\/\/poloplus10.com\/de\/wp-json\/wp\/v2\/media?parent=70244"}],"curies":[{"name":"wp","href":"https:\/\/api.w.org\/{rel}","templated":true}]}}