{"id":68286,"date":"2021-07-08T14:28:22","date_gmt":"2021-07-08T12:28:22","guid":{"rendered":"https:\/\/poloplus10.com\/legal-notice\/"},"modified":"2025-01-31T11:41:57","modified_gmt":"2025-01-31T10:41:57","slug":"legales","status":"publish","type":"page","link":"https:\/\/poloplus10.com\/es\/legales\/","title":{"rendered":"Legales"},"content":{"rendered":"\t\t<div data-elementor-type=\"wp-page\" data-elementor-id=\"68286\" class=\"elementor elementor-68286 elementor-65526\">\n\t\t\t\t\t\t<div class=\"elementor-inner\">\n\t\t\t\t<div class=\"elementor-section-wrap\">\n\t\t\t\t\t\t\t\t\t<section class=\"elementor-section elementor-top-section elementor-element elementor-element-78053b4d elementor-section-boxed elementor-section-height-default elementor-section-height-default\" data-id=\"78053b4d\" data-element_type=\"section\">\n\t\t\t\t\t\t<div class=\"elementor-container elementor-column-gap-default\">\n\t\t\t\t\t\t\t<div class=\"elementor-row\">\n\t\t\t\t\t<div class=\"elementor-column elementor-col-100 elementor-top-column elementor-element elementor-element-6df76434\" data-id=\"6df76434\" data-element_type=\"column\">\n\t\t\t<div class=\"elementor-column-wrap elementor-element-populated\">\n\t\t\t\t\t\t\t<div class=\"elementor-widget-wrap\">\n\t\t\t\t\t\t<div class=\"elementor-element elementor-element-24682ccf elementor-widget elementor-widget-text-editor\" data-id=\"24682ccf\" data-element_type=\"widget\" data-widget_type=\"text-editor.default\">\n\t\t\t\t<div class=\"elementor-widget-container\">\n\t\t\t\t\t\t\t\t<div class=\"elementor-text-editor elementor-clearfix\">\n\t\t\t\t<h4 id=\"polo10-la-revista-de-polo\">POLO+10 La Revista de Polo<\/h4>\n<p>POLO+10 GmbH<br>Wexstra\u00dfe 39, 20355 Hamburg \/ Alemania<br>Tel +49 40 \u2013 645 626 10<br>hello[at]twa.ag<br><a href=\"https:\/\/www.poloplus10.com\/es\" target=\"_blank\" rel=\"noreferrer noopener\">www.poloplus10.com\/es<\/a><\/p>\n<h4 id=\"fundador-editor-ceo\">Fundador \/ Editor \/ CEO<\/h4>\n<p>Thomas Wirth (<a style=\"background-color: #ffffff;\" href=\"mailto:tw@twa.ag\" target=\"_blank\" rel=\"noopener\">tw@twa.ag<\/a>)<\/p>\n<h4 id=\"redaccion\">Redacci\u00f3n<\/h4>\n<p>Thomas Wirth,<br>Elina Ahnert, Naomi Kr\u00fcger<\/p>\n<h4 id=\"direccion-de-arte\">Direcci\u00f3n de Arte<\/h4>\n<p>Natalia Simonsen&nbsp;(<a href=\"mailto:simonsen@poloplus10.com\">simonsen@twa.ag<\/a>)<\/p>\n<h4 id=\"layout\">Layout<\/h4>\n<p>Sophia Torman, John Blackstone<\/p>\n<h4 id=\"marketing\">Marketing<\/h4>\n<p>Celine Steinke (hello[at]twa.ag)<br>Julia Riewald (<a href=\"mailto:julia.riewald@poloplus10.com\">julia.riewald@poloplus10.com<\/a>)<\/p>\n<h4 id=\"asesoria-veterinaria\">Asesor\u00eda veterinaria<\/h4>\n<p>Dr. med. vet. Lena Horn&nbsp;(<a href=\"mailto:lena@poloplus10.com\">lena@poloplus10.com<\/a>)<\/p>\n<h4 id=\"tecnologia-del-deporte\">Tecnolog\u00eda del deporte<\/h4>\n<p>Carlos Velazquez<\/p>\n<h4 id=\"administracion-de-suscripiones\">Administraci\u00f3n de suscripiones<\/h4>\n<p>Anna M\u00fcller (hello[at]twa.ag)<\/p>\n<h4 id=\"listado-de-tarifas-para-avisos\">Listado de tarifas para avisos<\/h4>\n<h4 id=\"\">&nbsp;<\/h4>\n<h4 id=\"polo-n-31-de-15-3-2024\">POLO: n\u00b0 31 de 15.3.2024<\/h4>\n<h4 id=\"suscripcion-a-polo10\">Suscripci\u00f3n a Polo+10<\/h4>\n<p>Suscripci\u00f3n (dos ediciones al a\u00f1o)&nbsp;con la siguiente publicaci\u00f3n por el precio de 75,00 \u20ac (92,00 US $) al a\u00f1o, incluyendo gastos de env\u00edo. La suscripci\u00f3n es v\u00e1lida durante un a\u00f1o y finaliza sin previo aviso, siendo una suscripci\u00f3n ilimitada que puede ser cancelada en cualquier momento despu\u00e9s del primer a\u00f1o transcurrido. La suscripci\u00f3n puede ser cancelada de forma escrita en un periodo de dos semanas. Tambi\u00e9n puede leer POLO+10 en l\u00ednea. Obtenga sus ediciones digitales por 25 euros por a\u00f1o (hello[at]twa.ag).<\/p>\n<h4 id=\"polo10-es-una-marca-registrada-nr-304-25-306polo10-gmbh-todos-los-derechos-reservados\">Polo+10 es una marca registrada (Nr. 304 25 306)<br>POLO+10 GmbH. Todos los derechos reservados.<\/h4>\n<p>POLO+10 es el official socio cooperador de la Federaci\u00f3n Internacional de Polo (FIP), Asociaci\u00f3n Alemana de Polo (DPV), Asociaci\u00f3n Austr\u00edaca de Polo (APA), Asociacion de Polo de Europa Central (CEPA), Polo Club de Luxemburgo, la&nbsp;Federaci\u00f3n Mexicana de Polo y la Asociaci\u00f3n de Polo de Sud\u00e1frica.<\/p>\n<p>Registro Local de Hamburg<br>N\u00famero de registro HRB 165840<br>N\u00famero para impuestos 217\/5772\/2257<\/p>\n<hr>\n<p>As the copyright law provides \u2013 a utilization of the copyright protected contributions, particularly by copy or distribution also in electronic form, as well als saving database systems or rather internet or intranets is inadmissible and punishable without a previous consent of the POLO+10 GmbH.<\/p>\n<h4 id=\"references-and-links\">References and links<\/h4>\n<p>As the regional local court of Hamburg in May the 12th in 1998 decided, if you link to site you are jointly responsible for the content of that linked site. That can be prevented, if you specifically dissociates yourself from the contant. On this site links got linked to others sites on the internet. At that time, the linked sites did not show any illegal content. For all these links the following applies:<\/p>\n<p>Hereby the POLO+10 GmbH expressly states, that it has no impact on the future design and content of the linked sites. Therefore the POLO+10 GmbH formaly dissociates itself for all content which are linked to this site. This declaration applies to all links and for all content, guest books, forums and mailing lists of sites which are refering to declared banners and links.<\/p>\n<h4 id=\"copyright-and-tradmark-law\">Copyright and Tradmark law<\/h4>\n<p>All on this website refered und used brands as well as trademarks belong to their registered owners. The copyright for publicated objects produced by the POLO+10 GmbH himself remains on the part of the POLO+10 GmbH website. The duplication or use of such graphics, texts, sound documents or other electronic or printed publications is not permitted and will be prosecuted without POLO+10 GmbH\u2019s express consent.<\/p>\n<h4 id=\"the-use-of-facebook-social-plugins\">The use of Facebook Social Plugins<\/h4>\n<p>Our website uses Social Plugins (\u201cPlugins\u201c) of the social network&nbsp;<a href=\"http:\/\/www.facebook.com\/\" target=\"_blank\" rel=\"noreferrer noopener\">facebook.com<\/a>, which are operated by Facebook Inc., 1601 S. California Ave, Palo Alto, CA 94304, USA (\u201cFacebook\u201d). All plugins are marked with the logo of Facbook or with the accessory \u201eFacebook Social Plugin\u201c.<\/p>\n<p>If you visit a page on our website which contains such plugins, your browser will build up a direct connection to the servers of Facebook. The content of the social plugins is transmitted directly from Facebook to your browser, and is then embedded into the web page.<\/p>\n<p>Through integrating of the plugin, Facebook obtains the information that you called up the relevant page on our internet site. Are you logged in at Facebook, Facebook may also assign your visit to your Facebook account. If you interact with the plugins, for example, if you activate the \u201eLike\u201c button or enter a comment, the corresponding information will be transmitted directly from your browser to Facebook and saved there.<\/p>\n<p>The purpose and scope of the data collection and the ongoing processing and use of the data by Facebook as well as your rights and settings option related to this to protect your private sphere are shown in the&nbsp;<a href=\"http:\/\/www.facebook.com\/policy.php\" target=\"_blank\" rel=\"noreferrer noopener\">Facebook data protection information<\/a>.<\/p>\n<p>If you do not wish Facebook to collect data about you via Internet presence, you must log out from Facebook before visiting our website.<\/p>\n<h4 id=\"google-analytics\">Google Analytics<\/h4>\n<p>This website uses Google Analytics, a web analytics service provided by Google, Inc. (\u201cGoogle\u201c). Google Analytics uses so called \u201ccookies\u201c, which are textfiles saved on the computer of the user in order to analyse the usage of the website. The information created by the cookie concerning your use of the website (including your IP address) is transmitted to a Google server in the USA and saved there.<\/p>\n<p>Google will use this information to evaluate your use of the website, to produce reports concerning the website activities for the website operator and to produce additional services associated with the use of the internet and website. Google may also transfer this information to third parties if this is legally permitted or if third parties process this data on behalf of Google. Google will never associate your IP address with any other Google data of Google, Inc. (\u201cGoogle\u201c).<\/p>\n<p>You can prevent the installation of cookies on your computer by adjusting your browser accordingly, however we must point out that in this case not all functions of the web site will be available to you in their full capacity. By using this site you agree to the pocessing of the data collected about you by Google in the manner described fort he aforementioned purpose and agree with.<\/p>\n<h4 id=\"salvatorius-clause\">Salvatorius clause<\/h4>\n<p>To the extent that parts or individual phrases of this text do not, no longer, or do not fully correspond to the applicable legal environment, the contents and validity of the remaining sections of this text will not be affected.<\/p>\t\t\t\t\t<\/div>\n\t\t\t\t\t\t<\/div>\n\t\t\t\t<\/div>\n\t\t\t\t\t\t<\/div>\n\t\t\t\t\t<\/div>\n\t\t<\/div>\n\t\t\t\t\t\t\t\t<\/div>\n\t\t\t\t\t<\/div>\n\t\t<\/section>\n\t\t\t\t\t\t\t\t\t<\/div>\n\t\t\t<\/div>\n\t\t\t\t\t<\/div>\n\t\t","protected":false},"excerpt":{"rendered":"<p>POLO+10 La Revista de Polo POLO+10 GmbHWexstra\u00dfe 39, 20355 Hamburg \/ AlemaniaTel +49 40 \u2013 645 626 10hello[at]twa.agwww.poloplus10.com\/es Fundador \/ Editor \/ CEO Thomas Wirth (tw@twa.ag) Redacci\u00f3n Thomas Wirth,Elina Ahnert,&hellip;<\/p>\n","protected":false},"author":1,"featured_media":0,"parent":0,"menu_order":0,"comment_status":"closed","ping_status":"closed","template":"","meta":{"_monsterinsights_skip_tracking":false,"_monsterinsights_sitenote_active":false,"_monsterinsights_sitenote_note":"","_monsterinsights_sitenote_category":0},"acf":[],"yoast_head":"<!-- This site is optimized with the Yoast SEO plugin v19.6.1 - https:\/\/yoast.com\/wordpress\/plugins\/seo\/ -->\n<title>Legales - POLO+10<\/title>\n<meta name=\"robots\" content=\"index, follow, max-snippet:-1, max-image-preview:large, max-video-preview:-1\" \/>\n<link rel=\"canonical\" href=\"https:\/\/poloplus10.com\/de\/impressum\/\" \/>\n<meta property=\"og:locale\" content=\"es_ES\" \/>\n<meta property=\"og:type\" content=\"article\" \/>\n<meta property=\"og:title\" content=\"Legales - POLO+10\" \/>\n<meta property=\"og:description\" content=\"POLO+10 La Revista de Polo POLO+10 GmbHWexstra\u00dfe 39, 20355 Hamburg \/ AlemaniaTel +49 40 \u2013 645 626 10hello[at]twa.agwww.poloplus10.com\/es Fundador \/ Editor \/ CEO Thomas Wirth (tw@twa.ag) Redacci\u00f3n Thomas Wirth,Elina Ahnert,&hellip;\" \/>\n<meta property=\"og:url\" content=\"https:\/\/poloplus10.com\/de\/impressum\/\" \/>\n<meta property=\"og:site_name\" content=\"POLO+10\" \/>\n<meta property=\"article:modified_time\" content=\"2025-01-31T10:41:57+00:00\" \/>\n<meta name=\"twitter:card\" content=\"summary_large_image\" \/>\n<meta name=\"twitter:label1\" content=\"Tiempo de lectura\" \/>\n\t<meta name=\"twitter:data1\" content=\"5 minutos\" \/>\n<script type=\"application\/ld+json\" class=\"yoast-schema-graph\">{\"@context\":\"https:\/\/schema.org\",\"@graph\":[{\"@type\":\"WebPage\",\"@id\":\"https:\/\/poloplus10.com\/de\/impressum\/\",\"url\":\"https:\/\/poloplus10.com\/de\/impressum\/\",\"name\":\"Legales - POLO+10\",\"isPartOf\":{\"@id\":\"https:\/\/poloplus10.com\/#website\"},\"datePublished\":\"2021-07-08T12:28:22+00:00\",\"dateModified\":\"2025-01-31T10:41:57+00:00\",\"breadcrumb\":{\"@id\":\"https:\/\/poloplus10.com\/de\/impressum\/#breadcrumb\"},\"inLanguage\":\"es\",\"potentialAction\":[{\"@type\":\"ReadAction\",\"target\":[\"https:\/\/poloplus10.com\/de\/impressum\/\"]}]},{\"@type\":\"BreadcrumbList\",\"@id\":\"https:\/\/poloplus10.com\/de\/impressum\/#breadcrumb\",\"itemListElement\":[{\"@type\":\"ListItem\",\"position\":1,\"name\":\"Home\",\"item\":\"https:\/\/poloplus10.com\/\"},{\"@type\":\"ListItem\",\"position\":2,\"name\":\"Legales\"}]},{\"@type\":\"WebSite\",\"@id\":\"https:\/\/poloplus10.com\/#website\",\"url\":\"https:\/\/poloplus10.com\/\",\"name\":\"POLO+10\",\"description\":\"The Polo Magazine\",\"publisher\":{\"@id\":\"https:\/\/poloplus10.com\/#organization\"},\"potentialAction\":[{\"@type\":\"SearchAction\",\"target\":{\"@type\":\"EntryPoint\",\"urlTemplate\":\"https:\/\/poloplus10.com\/?s={search_term_string}\"},\"query-input\":\"required name=search_term_string\"}],\"inLanguage\":\"es\"},{\"@type\":\"Organization\",\"@id\":\"https:\/\/poloplus10.com\/#organization\",\"name\":\"POLO+10 GmbH\",\"url\":\"https:\/\/poloplus10.com\/\",\"sameAs\":[],\"logo\":{\"@type\":\"ImageObject\",\"inLanguage\":\"es\",\"@id\":\"https:\/\/poloplus10.com\/#\/schema\/logo\/image\/\",\"url\":\"https:\/\/poloplus10.demo-on.de\/wp-content\/uploads\/2021\/07\/poloplus10_logo.png\",\"contentUrl\":\"https:\/\/poloplus10.demo-on.de\/wp-content\/uploads\/2021\/07\/poloplus10_logo.png\",\"width\":300,\"height\":64,\"caption\":\"POLO+10 GmbH\"},\"image\":{\"@id\":\"https:\/\/poloplus10.com\/#\/schema\/logo\/image\/\"}}]}<\/script>\n<!-- \/ Yoast SEO plugin. -->","yoast_head_json":{"title":"Legales - POLO+10","robots":{"index":"index","follow":"follow","max-snippet":"max-snippet:-1","max-image-preview":"max-image-preview:large","max-video-preview":"max-video-preview:-1"},"canonical":"https:\/\/poloplus10.com\/de\/impressum\/","og_locale":"es_ES","og_type":"article","og_title":"Legales - POLO+10","og_description":"POLO+10 La Revista de Polo POLO+10 GmbHWexstra\u00dfe 39, 20355 Hamburg \/ AlemaniaTel +49 40 \u2013 645 626 10hello[at]twa.agwww.poloplus10.com\/es Fundador \/ Editor \/ CEO Thomas Wirth (tw@twa.ag) Redacci\u00f3n Thomas Wirth,Elina Ahnert,&hellip;","og_url":"https:\/\/poloplus10.com\/de\/impressum\/","og_site_name":"POLO+10","article_modified_time":"2025-01-31T10:41:57+00:00","twitter_card":"summary_large_image","twitter_misc":{"Tiempo de lectura":"5 minutos"},"schema":{"@context":"https:\/\/schema.org","@graph":[{"@type":"WebPage","@id":"https:\/\/poloplus10.com\/de\/impressum\/","url":"https:\/\/poloplus10.com\/de\/impressum\/","name":"Legales - POLO+10","isPartOf":{"@id":"https:\/\/poloplus10.com\/#website"},"datePublished":"2021-07-08T12:28:22+00:00","dateModified":"2025-01-31T10:41:57+00:00","breadcrumb":{"@id":"https:\/\/poloplus10.com\/de\/impressum\/#breadcrumb"},"inLanguage":"es","potentialAction":[{"@type":"ReadAction","target":["https:\/\/poloplus10.com\/de\/impressum\/"]}]},{"@type":"BreadcrumbList","@id":"https:\/\/poloplus10.com\/de\/impressum\/#breadcrumb","itemListElement":[{"@type":"ListItem","position":1,"name":"Home","item":"https:\/\/poloplus10.com\/"},{"@type":"ListItem","position":2,"name":"Legales"}]},{"@type":"WebSite","@id":"https:\/\/poloplus10.com\/#website","url":"https:\/\/poloplus10.com\/","name":"POLO+10","description":"The Polo Magazine","publisher":{"@id":"https:\/\/poloplus10.com\/#organization"},"potentialAction":[{"@type":"SearchAction","target":{"@type":"EntryPoint","urlTemplate":"https:\/\/poloplus10.com\/?s={search_term_string}"},"query-input":"required name=search_term_string"}],"inLanguage":"es"},{"@type":"Organization","@id":"https:\/\/poloplus10.com\/#organization","name":"POLO+10 GmbH","url":"https:\/\/poloplus10.com\/","sameAs":[],"logo":{"@type":"ImageObject","inLanguage":"es","@id":"https:\/\/poloplus10.com\/#\/schema\/logo\/image\/","url":"https:\/\/poloplus10.demo-on.de\/wp-content\/uploads\/2021\/07\/poloplus10_logo.png","contentUrl":"https:\/\/poloplus10.demo-on.de\/wp-content\/uploads\/2021\/07\/poloplus10_logo.png","width":300,"height":64,"caption":"POLO+10 GmbH"},"image":{"@id":"https:\/\/poloplus10.com\/#\/schema\/logo\/image\/"}}]}},"_links":{"self":[{"href":"https:\/\/poloplus10.com\/es\/wp-json\/wp\/v2\/pages\/68286"}],"collection":[{"href":"https:\/\/poloplus10.com\/es\/wp-json\/wp\/v2\/pages"}],"about":[{"href":"https:\/\/poloplus10.com\/es\/wp-json\/wp\/v2\/types\/page"}],"author":[{"embeddable":true,"href":"https:\/\/poloplus10.com\/es\/wp-json\/wp\/v2\/users\/1"}],"replies":[{"embeddable":true,"href":"https:\/\/poloplus10.com\/es\/wp-json\/wp\/v2\/comments?post=68286"}],"version-history":[{"count":26,"href":"https:\/\/poloplus10.com\/es\/wp-json\/wp\/v2\/pages\/68286\/revisions"}],"predecessor-version":[{"id":101144,"href":"https:\/\/poloplus10.com\/es\/wp-json\/wp\/v2\/pages\/68286\/revisions\/101144"}],"wp:attachment":[{"href":"https:\/\/poloplus10.com\/es\/wp-json\/wp\/v2\/media?parent=68286"}],"curies":[{"name":"wp","href":"https:\/\/api.w.org\/{rel}","templated":true}]}}