{"id":68395,"date":"2021-10-05T13:33:31","date_gmt":"2021-10-05T11:33:31","guid":{"rendered":"https:\/\/poloplus10.com\/polo-101\/"},"modified":"2022-11-25T15:41:36","modified_gmt":"2022-11-25T14:41:36","slug":"polo-101","status":"publish","type":"page","link":"https:\/\/poloplus10.com\/es\/polo-sport\/polo-101\/","title":{"rendered":"Polo 1&#215;1"},"content":{"rendered":"\t\t<div data-elementor-type=\"wp-page\" data-elementor-id=\"68395\" class=\"elementor elementor-68395 elementor-65257\">\n\t\t\t\t\t\t<div class=\"elementor-inner\">\n\t\t\t\t<div class=\"elementor-section-wrap\">\n\t\t\t\t\t\t\t\t\t<section class=\"elementor-section elementor-top-section elementor-element elementor-element-11e6104e elementor-section-boxed elementor-section-height-default elementor-section-height-default\" data-id=\"11e6104e\" data-element_type=\"section\">\n\t\t\t\t\t\t<div class=\"elementor-container elementor-column-gap-default\">\n\t\t\t\t\t\t\t<div class=\"elementor-row\">\n\t\t\t\t\t<div class=\"elementor-column elementor-col-100 elementor-top-column elementor-element elementor-element-5bc98586\" data-id=\"5bc98586\" data-element_type=\"column\">\n\t\t\t<div class=\"elementor-column-wrap elementor-element-populated\">\n\t\t\t\t\t\t\t<div class=\"elementor-widget-wrap\">\n\t\t\t\t\t\t<div class=\"elementor-element elementor-element-d2c7ed2 elementor-widget elementor-widget-heading\" data-id=\"d2c7ed2\" data-element_type=\"widget\" data-widget_type=\"heading.default\">\n\t\t\t\t<div class=\"elementor-widget-container\">\n\t\t\t<h1 id=\"polo-1x1\" class=\"elementor-heading-title elementor-size-default\">Polo 1x1<\/h1>\t\t<\/div>\n\t\t\t\t<\/div>\n\t\t\t\t<div class=\"elementor-element elementor-element-f0ca513 elementor-widget-divider--view-line elementor-widget elementor-widget-divider\" data-id=\"f0ca513\" data-element_type=\"widget\" data-widget_type=\"divider.default\">\n\t\t\t\t<div class=\"elementor-widget-container\">\n\t\t\t\t\t<div class=\"elementor-divider\">\n\t\t\t<span class=\"elementor-divider-separator\">\n\t\t\t\t\t\t<\/span>\n\t\t<\/div>\n\t\t\t\t<\/div>\n\t\t\t\t<\/div>\n\t\t\t\t<div class=\"elementor-element elementor-element-7859dc51 elementor-widget elementor-widget-text-editor\" data-id=\"7859dc51\" data-element_type=\"widget\" data-widget_type=\"text-editor.default\">\n\t\t\t\t<div class=\"elementor-widget-container\">\n\t\t\t\t\t\t\t\t<div class=\"elementor-text-editor elementor-clearfix\">\n\t\t\t\t\n<h2 id=\"los-fundamentos-del-polo\">Los fundamentos del polo<\/h2>\n\n<p>Con el conocimiento de las reglas b\u00e1sicas, incluso un reci\u00e9n llegado al polo puede participar en la acci\u00f3n en el campo. A continuaci\u00f3n se presentan los fundamentos a simple vista.<\/p>\n\n<p>\u00a0<\/p>\n\n<figure class=\"wp-block-image size-full\"><img decoding=\"async\" loading=\"lazy\" width=\"580\" height=\"406\" class=\"wp-image-67875\" src=\"https:\/\/poloplus10.com\/wp-content\/uploads\/2021\/09\/polo1x1.jpg\" alt=\"\" srcset=\"https:\/\/poloplus10.com\/wp-content\/uploads\/2021\/09\/polo1x1.jpg 580w, https:\/\/poloplus10.com\/wp-content\/uploads\/2021\/09\/polo1x1-120x84.jpg 120w, https:\/\/poloplus10.com\/wp-content\/uploads\/2021\/09\/polo1x1-90x63.jpg 90w, https:\/\/poloplus10.com\/wp-content\/uploads\/2021\/09\/polo1x1-320x224.jpg 320w, https:\/\/poloplus10.com\/wp-content\/uploads\/2021\/09\/polo1x1-560x392.jpg 560w\" sizes=\"(max-width: 580px) 100vw, 580px\" \/>\n<figcaption>\u00a9 Jacques Toffi<\/figcaption>\n<\/figure>\n\n<h3 id=\"el-equipo\">El equipo<\/h3>\n\n<p>A cada uno de los cuatro jugadores se le asigna una posici\u00f3n numerada del 1 al 4. El n\u00ba 1 es el atacante, el n\u00ba 2 es un centrocampista, el n\u00ba 3 es el enlace t\u00e1ctico del equipo, y el n\u00ba 4 (tambi\u00e9n conocido como el &#8220;defensa&#8221;) es el defensor de la posici\u00f3n m\u00e1s retrasada. Mientras que el n\u00fam. 1 y el n\u00ba 2 juegan en la delantera, el 3 y el 4 se encargan de la defensa.<\/p>\n\n<h3 id=\"el-campo\">El campo<\/h3>\n\n<p>El campo de polo tiene 300 yardas de largo y 200 yardas de ancho o el equivalente a unos 270m x 180m. Los postes de la porter\u00eda, de 3 metros de altura, est\u00e1n separados por 8 yardas (aproximadamente 7,2 metros) y son plegables por razones de seguridad. Un gol es v\u00e1lido cada vez que el bal\u00f3n pasa por la porter\u00eda, independientemente de la altura a la que se golpee el bal\u00f3n.<\/p>\n\n<h3 id=\"el-juego\">El juego<\/h3>\n\n<p>Un partido tiene de cuatro a ocho periodos de juego conocidos como chukkas. Un chukka dura siete minutos y medio y el reloj se detiene cada vez que hay una interrupci\u00f3n. En Alemania suele haber cuatro chukkas por partido. Los descansos entre cada chukka duran entre tres y cinco minutos y es cuando los jugadores tienen que cambiar de bando. Se cambia de lado cada vez que se marca un gol, lo que puede resultar un poco confuso para los espectadores de polo por primera vez. El juego no se detiene si un jugador se cae del caballo, pero no se lesiona. Sin embargo, el juego se interrumpe si un caballo se lesiona, si la brida se enreda o si el vendaje de un caballo se desprende.<\/p>\n\n<h3 id=\"handicap\">Handicap<\/h3>\n\n<p>Cada jugador se clasifica individualmente -como en el golf- en una escala de h\u00e1ndicap que va de -2 (principiantes) a +10. S\u00f3lo hay un pu\u00f1ado de jugadores en todo el mundo con un h\u00e1ndicap de 10. Alrededor del 90% de los jugadores est\u00e1n clasificados en un rango de h\u00e1ndicap de 0 a 2. El h\u00e1ndicap del equipo es la suma de los h\u00e1ndicaps de los jugadores. La diferencia de goles (&#8220;goles de h\u00e1ndicap&#8221;) entre dos equipos se concede al equipo con menor puntuaci\u00f3n antes de que comience el juego.<\/p>\n\n<h3 id=\"linea-de-la-pelota\">L\u00ednea de la pelota<\/h3>\n\n<p>La l\u00ednea del bal\u00f3n y el derecho de paso constituyen los fundamentos del juego. La l\u00ednea del bal\u00f3n es la trayectoria imaginaria que se espera que siga el bal\u00f3n en movimiento. Esta l\u00ednea no puede ser cruzada por el adversario. Un jugador que va directamente tras una pelota que ha golpeado, o el primer jugador que se coloque en la l\u00ednea de una pelota rodante o voladora, sin obstaculizar a los dem\u00e1s, no puede ser interceptado por ning\u00fan otro jugador, ya que esto podr\u00eda perjudicar al jugador o al poni.<\/p>\n\n<h3 id=\"el-mazo-y-la-pelota\">El mazo y la pelota<\/h3>\n\n<p>El mazo (tambi\u00e9n conocido como vara) suele ser de bamb\u00fa o de sauce y s\u00f3lo puede sujetarse con la mano derecha. Dependiendo de la altura del poni con el que se juega y del jinete, los mazos miden entre 122 cm y 137 cm de largo. La pelota se golpea con la cabeza del mazo. La pelota, que tradicionalmente es de bamb\u00fa comprimido y hoy en d\u00eda principalmente de pl\u00e1stico, tiene un di\u00e1metro de unos diez cent\u00edmetros y pesa unos 130 gramos. Una pelota apenas golpeada puede alcanzar una velocidad de 130 km\/h.<\/p>\n\n<h3 id=\"enganche\">Enganche<\/h3>\n\n<p>El enganche es una jugada defensiva com\u00fan. Significa que un jugador puede bloquear el swing del adversario utilizando su mazo para enganchar el mazo del adversario que est\u00e1 haciendo el swing. Un jugador puede enganchar s\u00f3lo si se encuentra en el lado en el que se realiza el swing o directamente detr\u00e1s de un oponente. La regla m\u00e1s importante en el polo es siempre la seguridad del caballo.<\/p>\n\n<h3 id=\"cambio-de-lado-despues-de-cada-gol\">Cambio de lado despu\u00e9s de cada gol<\/h3>\n\n<p>Una de las reglas m\u00e1s importantes: los equipos cambian de lado despu\u00e9s de cada gol. Esta regla tiene su origen en las calurosas y soleadas colonias de la India, donde el polo se jugaba por la tarde debido a las altas temperaturas del d\u00eda. Como el sol est\u00e1 bajo por la tarde, era una desventaja considerable jugar contra el sol.<\/p>\n\n<h3 id=\"tirar-a-la-basura\">Tirar a la basura<\/h3>\n\n<p>El &#8220;Throw In&#8221; se realiza despu\u00e9s de cada gol. Ambos equipos se alinean en la mitad del campo, de cara al \u00e1rbitro, respectivamente en direcci\u00f3n a la porter\u00eda contraria. El \u00e1rbitro lanza el bal\u00f3n entre los dos equipos para reanudar el juego. Los &#8220;Throw Ins&#8221; tambi\u00e9n pueden producirse durante el partido o al comienzo de cada chukka, siempre en el lugar donde ha terminado el chukka anterior.<\/p>\n\t\t\t\t\t<\/div>\n\t\t\t\t\t\t<\/div>\n\t\t\t\t<\/div>\n\t\t\t\t\t\t<\/div>\n\t\t\t\t\t<\/div>\n\t\t<\/div>\n\t\t\t\t\t\t\t\t<\/div>\n\t\t\t\t\t<\/div>\n\t\t<\/section>\n\t\t\t\t\t\t\t\t\t<\/div>\n\t\t\t<\/div>\n\t\t\t\t\t<\/div>\n\t\t","protected":false},"excerpt":{"rendered":"<p>Polo 1&#215;1 Los fundamentos del polo Con el conocimiento de las reglas b\u00e1sicas, incluso un reci\u00e9n llegado al polo puede participar en la acci\u00f3n en el campo. A continuaci\u00f3n se&hellip;<\/p>\n","protected":false},"author":1,"featured_media":0,"parent":68397,"menu_order":0,"comment_status":"closed","ping_status":"closed","template":"","meta":{"_monsterinsights_skip_tracking":false,"_monsterinsights_sitenote_active":false,"_monsterinsights_sitenote_note":"","_monsterinsights_sitenote_category":0},"acf":[],"yoast_head":"<!-- This site is optimized with the Yoast SEO plugin v19.6.1 - https:\/\/yoast.com\/wordpress\/plugins\/seo\/ -->\n<title>Polo 1x1 - POLO+10<\/title>\n<meta name=\"description\" content=\"Si todav\u00eda eres completamente nuevo en el fascinante mundo del polo, en esta secci\u00f3n encontrar\u00e1s todas las reglas b\u00e1sicas de este r\u00e1pido deporte de un vistazo.\" \/>\n<meta name=\"robots\" content=\"index, follow, max-snippet:-1, max-image-preview:large, max-video-preview:-1\" \/>\n<link rel=\"canonical\" href=\"https:\/\/poloplus10.com\/es\/polo-sport\/polo-101\/\" \/>\n<meta property=\"og:locale\" content=\"es_ES\" \/>\n<meta property=\"og:type\" content=\"article\" \/>\n<meta property=\"og:title\" content=\"Polo 1x1 - POLO+10\" \/>\n<meta property=\"og:description\" content=\"Si todav\u00eda eres completamente nuevo en el fascinante mundo del polo, en esta secci\u00f3n encontrar\u00e1s todas las reglas b\u00e1sicas de este r\u00e1pido deporte de un vistazo.\" \/>\n<meta property=\"og:url\" content=\"https:\/\/poloplus10.com\/es\/polo-sport\/polo-101\/\" \/>\n<meta property=\"og:site_name\" content=\"POLO+10\" \/>\n<meta property=\"article:modified_time\" content=\"2022-11-25T14:41:36+00:00\" \/>\n<meta property=\"og:image\" content=\"https:\/\/poloplus10.com\/wp-content\/uploads\/2021\/09\/polo1x1.jpg\" \/>\n<meta name=\"twitter:card\" content=\"summary_large_image\" \/>\n<script type=\"application\/ld+json\" class=\"yoast-schema-graph\">{\"@context\":\"https:\/\/schema.org\",\"@graph\":[{\"@type\":\"WebPage\",\"@id\":\"https:\/\/poloplus10.com\/es\/polo-sport\/polo-101\/\",\"url\":\"https:\/\/poloplus10.com\/es\/polo-sport\/polo-101\/\",\"name\":\"Polo 1x1 - POLO+10\",\"isPartOf\":{\"@id\":\"https:\/\/poloplus10.com\/#website\"},\"datePublished\":\"2021-10-05T11:33:31+00:00\",\"dateModified\":\"2022-11-25T14:41:36+00:00\",\"description\":\"Si todav\u00eda eres completamente nuevo en el fascinante mundo del polo, en esta secci\u00f3n encontrar\u00e1s todas las reglas b\u00e1sicas de este r\u00e1pido deporte de un vistazo.\",\"breadcrumb\":{\"@id\":\"https:\/\/poloplus10.com\/es\/polo-sport\/polo-101\/#breadcrumb\"},\"inLanguage\":\"es\",\"potentialAction\":[{\"@type\":\"ReadAction\",\"target\":[\"https:\/\/poloplus10.com\/es\/polo-sport\/polo-101\/\"]}]},{\"@type\":\"BreadcrumbList\",\"@id\":\"https:\/\/poloplus10.com\/es\/polo-sport\/polo-101\/#breadcrumb\",\"itemListElement\":[{\"@type\":\"ListItem\",\"position\":1,\"name\":\"Home\",\"item\":\"https:\/\/poloplus10.com\/\"},{\"@type\":\"ListItem\",\"position\":2,\"name\":\"Acerca del Polo\",\"item\":\"https:\/\/poloplus10.com\/es\/polo-sport\/\"},{\"@type\":\"ListItem\",\"position\":3,\"name\":\"Polo 1&#215;1\"}]},{\"@type\":\"WebSite\",\"@id\":\"https:\/\/poloplus10.com\/#website\",\"url\":\"https:\/\/poloplus10.com\/\",\"name\":\"POLO+10\",\"description\":\"The Polo Magazine\",\"publisher\":{\"@id\":\"https:\/\/poloplus10.com\/#organization\"},\"potentialAction\":[{\"@type\":\"SearchAction\",\"target\":{\"@type\":\"EntryPoint\",\"urlTemplate\":\"https:\/\/poloplus10.com\/?s={search_term_string}\"},\"query-input\":\"required name=search_term_string\"}],\"inLanguage\":\"es\"},{\"@type\":\"Organization\",\"@id\":\"https:\/\/poloplus10.com\/#organization\",\"name\":\"POLO+10 GmbH\",\"url\":\"https:\/\/poloplus10.com\/\",\"sameAs\":[],\"logo\":{\"@type\":\"ImageObject\",\"inLanguage\":\"es\",\"@id\":\"https:\/\/poloplus10.com\/#\/schema\/logo\/image\/\",\"url\":\"https:\/\/poloplus10.demo-on.de\/wp-content\/uploads\/2021\/07\/poloplus10_logo.png\",\"contentUrl\":\"https:\/\/poloplus10.demo-on.de\/wp-content\/uploads\/2021\/07\/poloplus10_logo.png\",\"width\":300,\"height\":64,\"caption\":\"POLO+10 GmbH\"},\"image\":{\"@id\":\"https:\/\/poloplus10.com\/#\/schema\/logo\/image\/\"}}]}<\/script>\n<!-- \/ Yoast SEO plugin. -->","yoast_head_json":{"title":"Polo 1x1 - POLO+10","description":"Si todav\u00eda eres completamente nuevo en el fascinante mundo del polo, en esta secci\u00f3n encontrar\u00e1s todas las reglas b\u00e1sicas de este r\u00e1pido deporte de un vistazo.","robots":{"index":"index","follow":"follow","max-snippet":"max-snippet:-1","max-image-preview":"max-image-preview:large","max-video-preview":"max-video-preview:-1"},"canonical":"https:\/\/poloplus10.com\/es\/polo-sport\/polo-101\/","og_locale":"es_ES","og_type":"article","og_title":"Polo 1x1 - POLO+10","og_description":"Si todav\u00eda eres completamente nuevo en el fascinante mundo del polo, en esta secci\u00f3n encontrar\u00e1s todas las reglas b\u00e1sicas de este r\u00e1pido deporte de un vistazo.","og_url":"https:\/\/poloplus10.com\/es\/polo-sport\/polo-101\/","og_site_name":"POLO+10","article_modified_time":"2022-11-25T14:41:36+00:00","og_image":[{"url":"https:\/\/poloplus10.com\/wp-content\/uploads\/2021\/09\/polo1x1.jpg"}],"twitter_card":"summary_large_image","schema":{"@context":"https:\/\/schema.org","@graph":[{"@type":"WebPage","@id":"https:\/\/poloplus10.com\/es\/polo-sport\/polo-101\/","url":"https:\/\/poloplus10.com\/es\/polo-sport\/polo-101\/","name":"Polo 1x1 - POLO+10","isPartOf":{"@id":"https:\/\/poloplus10.com\/#website"},"datePublished":"2021-10-05T11:33:31+00:00","dateModified":"2022-11-25T14:41:36+00:00","description":"Si todav\u00eda eres completamente nuevo en el fascinante mundo del polo, en esta secci\u00f3n encontrar\u00e1s todas las reglas b\u00e1sicas de este r\u00e1pido deporte de un vistazo.","breadcrumb":{"@id":"https:\/\/poloplus10.com\/es\/polo-sport\/polo-101\/#breadcrumb"},"inLanguage":"es","potentialAction":[{"@type":"ReadAction","target":["https:\/\/poloplus10.com\/es\/polo-sport\/polo-101\/"]}]},{"@type":"BreadcrumbList","@id":"https:\/\/poloplus10.com\/es\/polo-sport\/polo-101\/#breadcrumb","itemListElement":[{"@type":"ListItem","position":1,"name":"Home","item":"https:\/\/poloplus10.com\/"},{"@type":"ListItem","position":2,"name":"Acerca del Polo","item":"https:\/\/poloplus10.com\/es\/polo-sport\/"},{"@type":"ListItem","position":3,"name":"Polo 1&#215;1"}]},{"@type":"WebSite","@id":"https:\/\/poloplus10.com\/#website","url":"https:\/\/poloplus10.com\/","name":"POLO+10","description":"The Polo Magazine","publisher":{"@id":"https:\/\/poloplus10.com\/#organization"},"potentialAction":[{"@type":"SearchAction","target":{"@type":"EntryPoint","urlTemplate":"https:\/\/poloplus10.com\/?s={search_term_string}"},"query-input":"required name=search_term_string"}],"inLanguage":"es"},{"@type":"Organization","@id":"https:\/\/poloplus10.com\/#organization","name":"POLO+10 GmbH","url":"https:\/\/poloplus10.com\/","sameAs":[],"logo":{"@type":"ImageObject","inLanguage":"es","@id":"https:\/\/poloplus10.com\/#\/schema\/logo\/image\/","url":"https:\/\/poloplus10.demo-on.de\/wp-content\/uploads\/2021\/07\/poloplus10_logo.png","contentUrl":"https:\/\/poloplus10.demo-on.de\/wp-content\/uploads\/2021\/07\/poloplus10_logo.png","width":300,"height":64,"caption":"POLO+10 GmbH"},"image":{"@id":"https:\/\/poloplus10.com\/#\/schema\/logo\/image\/"}}]}},"_links":{"self":[{"href":"https:\/\/poloplus10.com\/es\/wp-json\/wp\/v2\/pages\/68395"}],"collection":[{"href":"https:\/\/poloplus10.com\/es\/wp-json\/wp\/v2\/pages"}],"about":[{"href":"https:\/\/poloplus10.com\/es\/wp-json\/wp\/v2\/types\/page"}],"author":[{"embeddable":true,"href":"https:\/\/poloplus10.com\/es\/wp-json\/wp\/v2\/users\/1"}],"replies":[{"embeddable":true,"href":"https:\/\/poloplus10.com\/es\/wp-json\/wp\/v2\/comments?post=68395"}],"version-history":[{"count":12,"href":"https:\/\/poloplus10.com\/es\/wp-json\/wp\/v2\/pages\/68395\/revisions"}],"predecessor-version":[{"id":85377,"href":"https:\/\/poloplus10.com\/es\/wp-json\/wp\/v2\/pages\/68395\/revisions\/85377"}],"up":[{"embeddable":true,"href":"https:\/\/poloplus10.com\/es\/wp-json\/wp\/v2\/pages\/68397"}],"wp:attachment":[{"href":"https:\/\/poloplus10.com\/es\/wp-json\/wp\/v2\/media?parent=68395"}],"curies":[{"name":"wp","href":"https:\/\/api.w.org\/{rel}","templated":true}]}}