{"id":68397,"date":"2021-10-05T13:38:24","date_gmt":"2021-10-05T11:38:24","guid":{"rendered":"https:\/\/poloplus10.com\/polo-sport\/"},"modified":"2022-11-25T15:40:50","modified_gmt":"2022-11-25T14:40:50","slug":"polo-sport","status":"publish","type":"page","link":"https:\/\/poloplus10.com\/es\/polo-sport\/","title":{"rendered":"Acerca del Polo"},"content":{"rendered":"\t\t<div data-elementor-type=\"wp-page\" data-elementor-id=\"68397\" class=\"elementor elementor-68397 elementor-65255\">\n\t\t\t\t\t\t<div class=\"elementor-inner\">\n\t\t\t\t<div class=\"elementor-section-wrap\">\n\t\t\t\t\t\t\t\t\t<section class=\"elementor-section elementor-top-section elementor-element elementor-element-29966912 elementor-section-boxed elementor-section-height-default elementor-section-height-default\" data-id=\"29966912\" data-element_type=\"section\">\n\t\t\t\t\t\t<div class=\"elementor-container elementor-column-gap-default\">\n\t\t\t\t\t\t\t<div class=\"elementor-row\">\n\t\t\t\t\t<div class=\"elementor-column elementor-col-100 elementor-top-column elementor-element elementor-element-779359cd\" data-id=\"779359cd\" data-element_type=\"column\">\n\t\t\t<div class=\"elementor-column-wrap elementor-element-populated\">\n\t\t\t\t\t\t\t<div class=\"elementor-widget-wrap\">\n\t\t\t\t\t\t<div class=\"elementor-element elementor-element-2bee895 elementor-widget elementor-widget-heading\" data-id=\"2bee895\" data-element_type=\"widget\" data-widget_type=\"heading.default\">\n\t\t\t\t<div class=\"elementor-widget-container\">\n\t\t\t<h1 id=\"acerca-del-polo\" class=\"elementor-heading-title elementor-size-default\">Acerca del Polo<\/h1>\t\t<\/div>\n\t\t\t\t<\/div>\n\t\t\t\t<div class=\"elementor-element elementor-element-a0f9807 elementor-widget-divider--view-line elementor-widget elementor-widget-divider\" data-id=\"a0f9807\" data-element_type=\"widget\" data-widget_type=\"divider.default\">\n\t\t\t\t<div class=\"elementor-widget-container\">\n\t\t\t\t\t<div class=\"elementor-divider\">\n\t\t\t<span class=\"elementor-divider-separator\">\n\t\t\t\t\t\t<\/span>\n\t\t<\/div>\n\t\t\t\t<\/div>\n\t\t\t\t<\/div>\n\t\t\t\t<div class=\"elementor-element elementor-element-1edefd6 elementor-widget elementor-widget-text-editor\" data-id=\"1edefd6\" data-element_type=\"widget\" data-widget_type=\"text-editor.default\">\n\t\t\t\t<div class=\"elementor-widget-container\">\n\t\t\t\t\t\t\t\t<div class=\"elementor-text-editor elementor-clearfix\">\n\t\t\t\t<p>Pasi\u00f3n y elegancia<br \/>\nEl polo es un juego para t\u00e9cnicos, t\u00e1cticos y luchadores en\u00e9rgicos. Los jugadores que no pueden discernir intuitivamente el flujo del juego y mantener la vista en los compa\u00f1eros bien posicionados dif\u00edcilmente pueden esperar llegar incluso al nivel de un jugador medio. Velocidad, agilidad y nervios de acero: estos son los atributos de un buen caballo de polo. La cr\u00eda de estos caballos se est\u00e1 convirtiendo r\u00e1pidamente en una ciencia en s\u00ed misma.<\/p>\n<p><figure id=\"attachment_67869\" aria-describedby=\"caption-attachment-67869\" style=\"width: 580px\" class=\"wp-caption alignleft\"><img decoding=\"async\" loading=\"lazy\" class=\"size-full wp-image-67869\" src=\"https:\/\/poloplus10.com\/wp-content\/uploads\/2021\/09\/poloinfo.jpg\" alt=\"\" width=\"580\" height=\"406\" srcset=\"https:\/\/poloplus10.com\/wp-content\/uploads\/2021\/09\/poloinfo.jpg 580w, https:\/\/poloplus10.com\/wp-content\/uploads\/2021\/09\/poloinfo-120x84.jpg 120w, https:\/\/poloplus10.com\/wp-content\/uploads\/2021\/09\/poloinfo-90x63.jpg 90w, https:\/\/poloplus10.com\/wp-content\/uploads\/2021\/09\/poloinfo-320x224.jpg 320w, https:\/\/poloplus10.com\/wp-content\/uploads\/2021\/09\/poloinfo-560x392.jpg 560w\" sizes=\"(max-width: 580px) 100vw, 580px\" \/><figcaption id=\"caption-attachment-67869\" class=\"wp-caption-text\">\u00a9 Jacques Toffi<\/figcaption><\/figure><\/p>\n<p>A diferencia de las grandes naciones de polo, como Argentina, Gran Breta\u00f1a y Estados Unidos, la escena del polo en Alemania es todav\u00eda bastante peque\u00f1a. Sin embargo, en los \u00faltimos a\u00f1os tambi\u00e9n se han producido algunos avances. Cada vez m\u00e1s, el juego se est\u00e1 liberando de su condici\u00f3n de nicho y han surgido nuevos clubes. El atractivo del polo es tal que un n\u00famero cada vez mayor de aficionados ya no se conforman con experimentar la fascinante mezcla de t\u00e9cnica, velocidad y trabajo en equipo desde la barrera y prefieren subirse a la silla para participar activamente en este din\u00e1mico deporte. Cada vez es m\u00e1s habitual tomar prestados los caballos para las clases de polo que ofrecen los instructores profesionales y las escuelas de polo est\u00e1n prosperando.<\/p>\n<p>El creciente n\u00famero de espectadores en los grandes torneos tambi\u00e9n habla por s\u00ed mismo. El n\u00famero de seguidores del polo est\u00e1 creciendo. Es esencial que los nuevos participantes tengan algunos conocimientos b\u00e1sicos de polo, incluso si s\u00f3lo quieren observar los partidos al margen de la temporada. Por lo tanto, echaremos un r\u00e1pido vistazo a algunos datos clave sobre este juego centenario que sigue ejerciendo su fascinaci\u00f3n para muchos.<\/p>\n<p>El campo tiene unas siete veces el tama\u00f1o de un campo de f\u00fatbol habitual. Sin embargo, el tama\u00f1o de un campo de polo puede variar, como suele ocurrir. Los postes de mimbre de las porter\u00edas, que son plegables por razones de seguridad, marcan las porter\u00edas abiertas de 7,32 metros de ancho. Los equipos est\u00e1n formados por cuatro jugadores cada uno. Un partido suele tener cuatro periodos de juego, conocidos como chukkas, cada uno de los cuales dura siete minutos y medio. Al igual que en el hockey sobre hielo, lo \u00fanico que cuenta es el tiempo real de juego, por lo que el reloj se detiene cada vez que hay juego sucio. Aunque se espera que los jugadores jueguen el partido completo sin sustituciones, los caballos de polo no pueden jugar en chukkas consecutivos. La seguridad del caballo es primordial en el polo. Si, por ejemplo, el vendaje de un poni se desprende, se hace sonar el silbato para detener el juego. Sin embargo, el juego no se detiene si un jugador sufre una ca\u00edda inofensiva. En resumen: un jugador de polo que participa en un torneo debe tener al menos dos ponis de polo. Cuatro ponis es un n\u00famero profesional, mientras que cinco son ideales por si acaso. Algunos jugadores llevan incluso seis ponis.<\/p>\n<p>Los equipos cambian de lado despu\u00e9s de cada gol. A muchos espectadores y a algunos principiantes del polo les irrita esta regla, que tiene su origen en las colonias calurosas y soleadas, donde era una desventaja considerable jugar contra el sol. La regla tambi\u00e9n asegura que el c\u00e9sped en la boca de gol del equipo m\u00e1s d\u00e9bil no se da\u00f1e permanentemente en los partidos unilaterales en los que un equipo domina el juego. Al igual que en el golf, en el polo -que fue una disciplina ol\u00edmpica entre 1908 y 1936- los jugadores se clasifican en h\u00e1ndicaps que pueden mejorar con los goles marcados o las victorias en los torneos. Los h\u00e1ndicaps van desde -2 para los principiantes hasta un rar\u00edsimo +10 goles para los mejores jugadores. Sin embargo, muchos jugadores argentinos se clasificar\u00edan mucho m\u00e1s all\u00e1 del l\u00edmite de 10 goles, si las reglas se lo permitieran.<\/p>\n<p>Los mejores jugadores alemanes se clasifican con +4 y +5. La clasificaci\u00f3n es crucial para la creaci\u00f3n de equipos de polo, ya que los h\u00e1ndicaps de los cuatro jugadores se suman para obtener el llamado h\u00e1ndicap de equipo. Los torneos de h\u00e1ndicap van desde el &#8220;Low Goal&#8221; al &#8220;High Goal&#8221; con las respectivas restricciones y l\u00edmites de h\u00e1ndicap. El polo es un juego para t\u00e1cticos y t\u00e9cnicos. La acrobacia tambi\u00e9n puede formar parte de \u00e9l, ya que consiste en correr a gran velocidad mientras se golpea una pelota de 130 gramos y 7,5 cm de di\u00e1metro a todo galope, apuntando a la porter\u00eda del adversario. La cobertura adecuada del adversario, la supervisi\u00f3n t\u00e1ctica y la precisi\u00f3n son la clave del \u00e9xito. La experiencia ha demostrado que los jugadores que no pueden discernir intuitivamente el flujo del juego y mantener la vista en compa\u00f1eros bien posicionados dif\u00edcilmente pueden esperar llegar a ser jugadores medios. La experiencia tambi\u00e9n ha demostrado que, especialmente cuando los jinetes son principiantes, la mayor\u00eda de las veces los ponis reaccionan m\u00e1s r\u00e1pido a los cambios y a la evoluci\u00f3n del juego.<\/p>\n<p>La cr\u00eda de ponis de polo tambi\u00e9n tiene su secreto y su historia. Rosewater, el semental ingl\u00e9s de pura raza, y sus hijos son los ancestros del poni de polo actual. Mucho antes de que se oyera hablar del polo en Europa, este juego de ritmo r\u00e1pido era muy popular en Asia. Los oficiales brit\u00e1nicos, que estaban destinados en la India a finales del siglo XIX, se interesaron por el juego y continuaron jug\u00e1ndolo incluso cuando regresaron a casa. Las primeras reglas del polo fueron redactadas por el Hurlingham Polo Club, fundado en el Reino Unido en 1876. Hasta el d\u00eda de hoy, estas reglas son las que se utilizan en el polo internacional.<\/p>\n<p>Desde el Reino Unido, el juego lleg\u00f3 a Estados Unidos, donde se estableci\u00f3 el sistema de h\u00e1ndicap. El sistema se adopt\u00f3 entonces en Inglaterra y la India en 1910. Los brit\u00e1nicos tambi\u00e9n llevaron el juego a Sudam\u00e9rica, donde se adopt\u00f3 con mucho entusiasmo. Los argentinos se enamoraron perdidamente del juego. Mientras Europa luchaba en sus guerras en el siglo XX y prestaba menos atenci\u00f3n al polo, los sudamericanos superaban a todos los dem\u00e1s en t\u00e9cnica y habilidades para convertirse en las estrellas mundiales indiscutibles del polo. Hoy en d\u00eda cuentan con el mayor n\u00famero de jugadores de 10 goles.<\/p>\n<p>&nbsp;<\/p>\n\t\t\t\t\t<\/div>\n\t\t\t\t\t\t<\/div>\n\t\t\t\t<\/div>\n\t\t\t\t\t\t<\/div>\n\t\t\t\t\t<\/div>\n\t\t<\/div>\n\t\t\t\t\t\t\t\t<\/div>\n\t\t\t\t\t<\/div>\n\t\t<\/section>\n\t\t\t\t\t\t\t\t\t<\/div>\n\t\t\t<\/div>\n\t\t\t\t\t<\/div>\n\t\t","protected":false},"excerpt":{"rendered":"<p>Acerca del Polo Pasi\u00f3n y elegancia El polo es un juego para t\u00e9cnicos, t\u00e1cticos y luchadores en\u00e9rgicos. Los jugadores que no pueden discernir intuitivamente el flujo del juego y mantener&hellip;<\/p>\n","protected":false},"author":1,"featured_media":0,"parent":0,"menu_order":0,"comment_status":"closed","ping_status":"closed","template":"","meta":{"_monsterinsights_skip_tracking":false,"_monsterinsights_sitenote_active":false,"_monsterinsights_sitenote_note":"","_monsterinsights_sitenote_category":0},"acf":[],"yoast_head":"<!-- This site is optimized with the Yoast SEO plugin v19.6.1 - https:\/\/yoast.com\/wordpress\/plugins\/seo\/ -->\n<title>Acerca del Polo - POLO+10<\/title>\n<meta name=\"description\" content=\"\u00bfQu\u00e9 es lo que hace que el deporte del polo sea tan fascinante, apasionado y elegante? Aqu\u00ed encontrar\u00e1 las respuestas.\" \/>\n<meta name=\"robots\" content=\"index, follow, max-snippet:-1, max-image-preview:large, max-video-preview:-1\" \/>\n<link rel=\"canonical\" href=\"https:\/\/poloplus10.com\/es\/polo-sport\/\" \/>\n<meta property=\"og:locale\" content=\"es_ES\" \/>\n<meta property=\"og:type\" content=\"article\" \/>\n<meta property=\"og:title\" content=\"Acerca del Polo - POLO+10\" \/>\n<meta property=\"og:description\" content=\"\u00bfQu\u00e9 es lo que hace que el deporte del polo sea tan fascinante, apasionado y elegante? Aqu\u00ed encontrar\u00e1 las respuestas.\" \/>\n<meta property=\"og:url\" content=\"https:\/\/poloplus10.com\/es\/polo-sport\/\" \/>\n<meta property=\"og:site_name\" content=\"POLO+10\" \/>\n<meta property=\"article:modified_time\" content=\"2022-11-25T14:40:50+00:00\" \/>\n<meta property=\"og:image\" content=\"https:\/\/poloplus10.com\/wp-content\/uploads\/2021\/09\/poloinfo.jpg\" \/>\n<meta name=\"twitter:card\" content=\"summary_large_image\" \/>\n<meta name=\"twitter:label1\" content=\"Tiempo de lectura\" \/>\n\t<meta name=\"twitter:data1\" content=\"5 minutos\" \/>\n<script type=\"application\/ld+json\" class=\"yoast-schema-graph\">{\"@context\":\"https:\/\/schema.org\",\"@graph\":[{\"@type\":\"WebPage\",\"@id\":\"https:\/\/poloplus10.com\/es\/polo-sport\/\",\"url\":\"https:\/\/poloplus10.com\/es\/polo-sport\/\",\"name\":\"Acerca del Polo - POLO+10\",\"isPartOf\":{\"@id\":\"https:\/\/poloplus10.com\/#website\"},\"datePublished\":\"2021-10-05T11:38:24+00:00\",\"dateModified\":\"2022-11-25T14:40:50+00:00\",\"description\":\"\u00bfQu\u00e9 es lo que hace que el deporte del polo sea tan fascinante, apasionado y elegante? Aqu\u00ed encontrar\u00e1 las respuestas.\",\"breadcrumb\":{\"@id\":\"https:\/\/poloplus10.com\/es\/polo-sport\/#breadcrumb\"},\"inLanguage\":\"es\",\"potentialAction\":[{\"@type\":\"ReadAction\",\"target\":[\"https:\/\/poloplus10.com\/es\/polo-sport\/\"]}]},{\"@type\":\"BreadcrumbList\",\"@id\":\"https:\/\/poloplus10.com\/es\/polo-sport\/#breadcrumb\",\"itemListElement\":[{\"@type\":\"ListItem\",\"position\":1,\"name\":\"Home\",\"item\":\"https:\/\/poloplus10.com\/\"},{\"@type\":\"ListItem\",\"position\":2,\"name\":\"Acerca del Polo\"}]},{\"@type\":\"WebSite\",\"@id\":\"https:\/\/poloplus10.com\/#website\",\"url\":\"https:\/\/poloplus10.com\/\",\"name\":\"POLO+10\",\"description\":\"The Polo Magazine\",\"publisher\":{\"@id\":\"https:\/\/poloplus10.com\/#organization\"},\"potentialAction\":[{\"@type\":\"SearchAction\",\"target\":{\"@type\":\"EntryPoint\",\"urlTemplate\":\"https:\/\/poloplus10.com\/?s={search_term_string}\"},\"query-input\":\"required name=search_term_string\"}],\"inLanguage\":\"es\"},{\"@type\":\"Organization\",\"@id\":\"https:\/\/poloplus10.com\/#organization\",\"name\":\"POLO+10 GmbH\",\"url\":\"https:\/\/poloplus10.com\/\",\"sameAs\":[],\"logo\":{\"@type\":\"ImageObject\",\"inLanguage\":\"es\",\"@id\":\"https:\/\/poloplus10.com\/#\/schema\/logo\/image\/\",\"url\":\"https:\/\/poloplus10.demo-on.de\/wp-content\/uploads\/2021\/07\/poloplus10_logo.png\",\"contentUrl\":\"https:\/\/poloplus10.demo-on.de\/wp-content\/uploads\/2021\/07\/poloplus10_logo.png\",\"width\":300,\"height\":64,\"caption\":\"POLO+10 GmbH\"},\"image\":{\"@id\":\"https:\/\/poloplus10.com\/#\/schema\/logo\/image\/\"}}]}<\/script>\n<!-- \/ Yoast SEO plugin. -->","yoast_head_json":{"title":"Acerca del Polo - POLO+10","description":"\u00bfQu\u00e9 es lo que hace que el deporte del polo sea tan fascinante, apasionado y elegante? Aqu\u00ed encontrar\u00e1 las respuestas.","robots":{"index":"index","follow":"follow","max-snippet":"max-snippet:-1","max-image-preview":"max-image-preview:large","max-video-preview":"max-video-preview:-1"},"canonical":"https:\/\/poloplus10.com\/es\/polo-sport\/","og_locale":"es_ES","og_type":"article","og_title":"Acerca del Polo - POLO+10","og_description":"\u00bfQu\u00e9 es lo que hace que el deporte del polo sea tan fascinante, apasionado y elegante? Aqu\u00ed encontrar\u00e1 las respuestas.","og_url":"https:\/\/poloplus10.com\/es\/polo-sport\/","og_site_name":"POLO+10","article_modified_time":"2022-11-25T14:40:50+00:00","og_image":[{"url":"https:\/\/poloplus10.com\/wp-content\/uploads\/2021\/09\/poloinfo.jpg"}],"twitter_card":"summary_large_image","twitter_misc":{"Tiempo de lectura":"5 minutos"},"schema":{"@context":"https:\/\/schema.org","@graph":[{"@type":"WebPage","@id":"https:\/\/poloplus10.com\/es\/polo-sport\/","url":"https:\/\/poloplus10.com\/es\/polo-sport\/","name":"Acerca del Polo - POLO+10","isPartOf":{"@id":"https:\/\/poloplus10.com\/#website"},"datePublished":"2021-10-05T11:38:24+00:00","dateModified":"2022-11-25T14:40:50+00:00","description":"\u00bfQu\u00e9 es lo que hace que el deporte del polo sea tan fascinante, apasionado y elegante? Aqu\u00ed encontrar\u00e1 las respuestas.","breadcrumb":{"@id":"https:\/\/poloplus10.com\/es\/polo-sport\/#breadcrumb"},"inLanguage":"es","potentialAction":[{"@type":"ReadAction","target":["https:\/\/poloplus10.com\/es\/polo-sport\/"]}]},{"@type":"BreadcrumbList","@id":"https:\/\/poloplus10.com\/es\/polo-sport\/#breadcrumb","itemListElement":[{"@type":"ListItem","position":1,"name":"Home","item":"https:\/\/poloplus10.com\/"},{"@type":"ListItem","position":2,"name":"Acerca del Polo"}]},{"@type":"WebSite","@id":"https:\/\/poloplus10.com\/#website","url":"https:\/\/poloplus10.com\/","name":"POLO+10","description":"The Polo Magazine","publisher":{"@id":"https:\/\/poloplus10.com\/#organization"},"potentialAction":[{"@type":"SearchAction","target":{"@type":"EntryPoint","urlTemplate":"https:\/\/poloplus10.com\/?s={search_term_string}"},"query-input":"required name=search_term_string"}],"inLanguage":"es"},{"@type":"Organization","@id":"https:\/\/poloplus10.com\/#organization","name":"POLO+10 GmbH","url":"https:\/\/poloplus10.com\/","sameAs":[],"logo":{"@type":"ImageObject","inLanguage":"es","@id":"https:\/\/poloplus10.com\/#\/schema\/logo\/image\/","url":"https:\/\/poloplus10.demo-on.de\/wp-content\/uploads\/2021\/07\/poloplus10_logo.png","contentUrl":"https:\/\/poloplus10.demo-on.de\/wp-content\/uploads\/2021\/07\/poloplus10_logo.png","width":300,"height":64,"caption":"POLO+10 GmbH"},"image":{"@id":"https:\/\/poloplus10.com\/#\/schema\/logo\/image\/"}}]}},"_links":{"self":[{"href":"https:\/\/poloplus10.com\/es\/wp-json\/wp\/v2\/pages\/68397"}],"collection":[{"href":"https:\/\/poloplus10.com\/es\/wp-json\/wp\/v2\/pages"}],"about":[{"href":"https:\/\/poloplus10.com\/es\/wp-json\/wp\/v2\/types\/page"}],"author":[{"embeddable":true,"href":"https:\/\/poloplus10.com\/es\/wp-json\/wp\/v2\/users\/1"}],"replies":[{"embeddable":true,"href":"https:\/\/poloplus10.com\/es\/wp-json\/wp\/v2\/comments?post=68397"}],"version-history":[{"count":4,"href":"https:\/\/poloplus10.com\/es\/wp-json\/wp\/v2\/pages\/68397\/revisions"}],"predecessor-version":[{"id":85133,"href":"https:\/\/poloplus10.com\/es\/wp-json\/wp\/v2\/pages\/68397\/revisions\/85133"}],"wp:attachment":[{"href":"https:\/\/poloplus10.com\/es\/wp-json\/wp\/v2\/media?parent=68397"}],"curies":[{"name":"wp","href":"https:\/\/api.w.org\/{rel}","templated":true}]}}