{"id":68770,"date":"2021-10-05T15:01:14","date_gmt":"2021-10-05T13:01:14","guid":{"rendered":"https:\/\/poloplus10.com\/polo-sport\/campo-de-juego\/"},"modified":"2022-11-25T15:42:23","modified_gmt":"2022-11-25T14:42:23","slug":"campo-de-juego","status":"publish","type":"page","link":"https:\/\/poloplus10.com\/es\/polo-sport\/campo-de-juego\/","title":{"rendered":"Campo de juego"},"content":{"rendered":"\t\t<div data-elementor-type=\"wp-page\" data-elementor-id=\"68770\" class=\"elementor elementor-68770 elementor-65259\">\n\t\t\t\t\t\t<div class=\"elementor-inner\">\n\t\t\t\t<div class=\"elementor-section-wrap\">\n\t\t\t\t\t\t\t\t\t<section class=\"elementor-section elementor-top-section elementor-element elementor-element-4583ed14 elementor-section-boxed elementor-section-height-default elementor-section-height-default\" data-id=\"4583ed14\" data-element_type=\"section\">\n\t\t\t\t\t\t<div class=\"elementor-container elementor-column-gap-default\">\n\t\t\t\t\t\t\t<div class=\"elementor-row\">\n\t\t\t\t\t<div class=\"elementor-column elementor-col-100 elementor-top-column elementor-element elementor-element-a240939\" data-id=\"a240939\" data-element_type=\"column\">\n\t\t\t<div class=\"elementor-column-wrap elementor-element-populated\">\n\t\t\t\t\t\t\t<div class=\"elementor-widget-wrap\">\n\t\t\t\t\t\t<div class=\"elementor-element elementor-element-42c4e65 elementor-widget elementor-widget-heading\" data-id=\"42c4e65\" data-element_type=\"widget\" data-widget_type=\"heading.default\">\n\t\t\t\t<div class=\"elementor-widget-container\">\n\t\t\t<h1 id=\"campo-de-juego\" class=\"elementor-heading-title elementor-size-default\">Campo de juego<\/h1>\t\t<\/div>\n\t\t\t\t<\/div>\n\t\t\t\t<div class=\"elementor-element elementor-element-9ce9c4a elementor-widget-divider--view-line elementor-widget elementor-widget-divider\" data-id=\"9ce9c4a\" data-element_type=\"widget\" data-widget_type=\"divider.default\">\n\t\t\t\t<div class=\"elementor-widget-container\">\n\t\t\t\t\t<div class=\"elementor-divider\">\n\t\t\t<span class=\"elementor-divider-separator\">\n\t\t\t\t\t\t<\/span>\n\t\t<\/div>\n\t\t\t\t<\/div>\n\t\t\t\t<\/div>\n\t\t\t\t<div class=\"elementor-element elementor-element-7b6f6fc9 elementor-widget elementor-widget-text-editor\" data-id=\"7b6f6fc9\" data-element_type=\"widget\" data-widget_type=\"text-editor.default\">\n\t\t\t\t<div class=\"elementor-widget-container\">\n\t\t\t\t\t\t\t\t<div class=\"elementor-text-editor elementor-clearfix\">\n\t\t\t\t\n<h2 id=\"linea-de-la-pelota\">L\u00ednea de la pelota<\/h2>\n\n<p>La regla n\u00famero uno en el polo es la &#8220;L\u00ednea de la Pelota&#8221; &#8211; el derecho de paso.<\/p>\n\n<figure class=\"wp-block-image size-large\"><img decoding=\"async\" loading=\"lazy\" width=\"750\" height=\"540\" src=\"https:\/\/poloplus10.com\/wp-content\/uploads\/2021\/07\/playing-field-line-of-the-ball.jpg\" alt=\"\" class=\"wp-image-65260\" srcset=\"https:\/\/poloplus10.com\/wp-content\/uploads\/2021\/07\/playing-field-line-of-the-ball.jpg 750w, https:\/\/poloplus10.com\/wp-content\/uploads\/2021\/07\/playing-field-line-of-the-ball-120x86.jpg 120w, https:\/\/poloplus10.com\/wp-content\/uploads\/2021\/07\/playing-field-line-of-the-ball-90x65.jpg 90w, https:\/\/poloplus10.com\/wp-content\/uploads\/2021\/07\/playing-field-line-of-the-ball-320x230.jpg 320w, https:\/\/poloplus10.com\/wp-content\/uploads\/2021\/07\/playing-field-line-of-the-ball-560x403.jpg 560w\" sizes=\"(max-width: 750px) 100vw, 750px\" \/><figcaption>\u00a9 2004 POLO+10 The Polo Magazine, www.poloplus10.com<\/figcaption><\/figure>\n\n<p>Visto desde la barrera virtual, la t\u00e1ctica y la t\u00e9cnica se hacen evidentes. Tras unos instantes de observaci\u00f3n, queda claro que s\u00f3lo es posible un ataque exitoso con un bal\u00f3n &#8220;seguro&#8221;. De lo contrario, el siguiente compa\u00f1ero est\u00e1 mejor situado para jugar la pelota, ya que un ataque espectacular a gran velocidad s\u00f3lo podr\u00eda acabar en una carrera infructuosa hacia ninguna parte. Por lo tanto, el polo se juega siempre &#8220;en l\u00ednea&#8221; desde el n\u00fam. 4 en el fondo hasta el no. 1 frente a la porter\u00eda contraria y viceversa. El n\u00ba 3 es el capit\u00e1n y suele ser el mejor jugador del equipo. Coordina el juego, el n\u00ba 1 se concentra en la zona de la porter\u00eda contraria, y el n\u00ba 2 se ocupa del centro del campo, mientras que el n\u00ba 4 se encarga de la defensa. 4 se encarga de la defensa. Esta configuraci\u00f3n es constante durante todo el partido.<\/p>\n\n<p>Un partido resultar\u00e1 bueno y emocionante si los adversarios est\u00e1n igualados y se cubren mutuamente. La l\u00ednea del bal\u00f3n y el consiguiente derecho de paso son los argumentos decisivos y m\u00e1s citados que rigen el juego y lo que constituye una falta. El golpe de un adversario se puede frustrar mediante un &#8220;gancho&#8221; o un &#8220;ride off&#8221;, que, a diferencia del &#8220;bloqueo&#8221; en el f\u00fatbol, es similar al body check en el hockey sobre hielo.<\/p>\n\n<p>Un partido tiene de cuatro a ocho periodos de juego llamados chukkas. Un chukka dura siete minutos y medio y el reloj se detiene cada vez que hay una interrupci\u00f3n. En Alemania suele haber cuatro chukkas por partido. Los descansos entre cada chukka duran entre tres y cinco minutos y es cuando los jugadores tienen que cambiar de bando. Se cambia de lado cada vez que se marca un gol, lo que puede resultar un poco confuso para los espectadores de polo por primera vez. El juego no se detiene si un jugador se cae del caballo, pero no se lesiona. Sin embargo, el juego se interrumpe si un caballo se lesiona, si la brida se enreda o si el vendaje de un caballo se desprende.<\/p>\n\n<p>Un tiro de penalti (un golpe realizado a una distancia determinada de una porter\u00eda con o sin personal) se concede al equipo del jugador que ha cometido la falta. La mayor\u00eda de los jugadores de alto nivel, al igual que los jugadores de baloncesto, consiguen convertir casi todos los penaltis concedidos. Hoy en d\u00eda, los directores t\u00e9cnicos o entrenadores, que observan y coordinan el juego, son casi las personas m\u00e1s importantes en las bandas. Antes de un partido, el entrenador se re\u00fane con los jugadores para planificar el juego hasta el m\u00e1s m\u00ednimo detalle. Todos los jugadores, incluidos los del equipo contrario, son calificados en cuanto a sus habilidades, caballos jugados, posici\u00f3n, puntos fuertes y d\u00e9biles.<\/p>\n\n<hr class=\"wp-block-separator is-style-wide\"\/>\n\n<h2 id=\"lo-correcto-y-lo-incorrecto\">Lo correcto y lo incorrecto<\/h2>\n\n<p>Una reacci\u00f3n r\u00e1pida y una evaluaci\u00f3n casi refleja de las situaciones son la esencia del juego t\u00e1ctico y de la seguridad. Los dos ejemplos siguientes ponen de relieve las reacciones correctas e incorrectas en una situaci\u00f3n determinada.<\/p>\n\n<figure class=\"wp-block-image size-large\"><img decoding=\"async\" loading=\"lazy\" width=\"750\" height=\"540\" src=\"https:\/\/poloplus10.com\/wp-content\/uploads\/2021\/07\/playing-field-right-wrong.jpg\" alt=\"\" class=\"wp-image-65263\" srcset=\"https:\/\/poloplus10.com\/wp-content\/uploads\/2021\/07\/playing-field-right-wrong.jpg 750w, https:\/\/poloplus10.com\/wp-content\/uploads\/2021\/07\/playing-field-right-wrong-120x86.jpg 120w, https:\/\/poloplus10.com\/wp-content\/uploads\/2021\/07\/playing-field-right-wrong-90x65.jpg 90w, https:\/\/poloplus10.com\/wp-content\/uploads\/2021\/07\/playing-field-right-wrong-320x230.jpg 320w, https:\/\/poloplus10.com\/wp-content\/uploads\/2021\/07\/playing-field-right-wrong-560x403.jpg 560w\" sizes=\"(max-width: 750px) 100vw, 750px\" \/><figcaption>\u00a9 2004 POLO+10 The Polo Magazine, www.poloplus10.com<\/figcaption><\/figure>\n\n<h3 id=\"situacion-1-mitad-izquierda-del-campo\">Situaci\u00f3n 1 (mitad izquierda del campo).<\/h3>\n\n<p>Un jugador no golpea la pelota con suficiente fuerza e intenta golpearla de nuevo reduciendo la velocidad o cambiando bruscamente de direcci\u00f3n. Otro jugador est\u00e1 directamente detr\u00e1s del primer jugador en posici\u00f3n de juego.<\/p>\n\n<h3 id=\"equivocado-porque\">Equivocado porque:<\/h3>\n\n<p>Un jugador golpea mal la pelota y hace un segundo intento reduciendo la velocidad o cambiando bruscamente de direcci\u00f3n. Hay otros jugadores justo detr\u00e1s de \u00e9l en posici\u00f3n de golpear la pelota.<\/p>\n\n<h3 id=\"si\">S\u00ed:<\/h3>\n\n<p>Si un jugador se equivoca en un golpe, debe continuar a la misma velocidad sin intentar un segundo golpe. Deber\u00e1 dejar que un compa\u00f1ero reciba el siguiente golpe o, si el tiempo lo permite, dar la vuelta y acercarse desde el fondo del campo para intentar otro golpe.<\/p>\n\n<h3 id=\"situacion-2\">Situaci\u00f3n 2<\/h3>\n\n<p>Al intentar devolver el bal\u00f3n en un tiro de fuera de juego, un jugador se interpone en el camino de un adversario que est\u00e1 en posesi\u00f3n del bal\u00f3n en su fuera de juego.<\/p>\n\n<h3 id=\"equivocado-porque-2\">Equivocado porque:<\/h3>\n\n<p>El defensor infringe el derecho de paso del adversario de forma no s\u00f3lo peligrosa, sino tambi\u00e9n antideportiva. Ha cruzado la l\u00ednea del adversario dejando muy poco espacio entre ambos y, por tanto, se pone a s\u00ed mismo y al otro jugador en peligro.<\/p>\n\n<h3 id=\"si-2\">S\u00ed:<\/h3>\n\n<p>Para cubrir a su oponente de forma correcta y eficaz, el defensor debe esperar hasta que pueda superar a su oponente y golpear el bal\u00f3n en la direcci\u00f3n opuesta al juego.<\/p>\n\n<hr class=\"wp-block-separator is-style-wide\"\/>\n\n<h2 id=\"faltas\">Faltas<\/h2>\n\n<p>Al igual que en otros juegos de pelota, en el polo hay una variedad de penalizaciones por faltas. Es importante entenderlas para poder seguir mejor un partido. Polo+10 explica las diferentes situaciones de falta seg\u00fan el reglamento oficial de la Asociaci\u00f3n Alemana de Polo.<\/p>\n\n<figure class=\"wp-block-image size-large\"><img decoding=\"async\" loading=\"lazy\" width=\"750\" height=\"542\" src=\"https:\/\/poloplus10.com\/wp-content\/uploads\/2021\/07\/playing-field-fouls.jpg\" alt=\"\" class=\"wp-image-65266\" srcset=\"https:\/\/poloplus10.com\/wp-content\/uploads\/2021\/07\/playing-field-fouls.jpg 750w, https:\/\/poloplus10.com\/wp-content\/uploads\/2021\/07\/playing-field-fouls-120x87.jpg 120w, https:\/\/poloplus10.com\/wp-content\/uploads\/2021\/07\/playing-field-fouls-90x65.jpg 90w, https:\/\/poloplus10.com\/wp-content\/uploads\/2021\/07\/playing-field-fouls-320x231.jpg 320w, https:\/\/poloplus10.com\/wp-content\/uploads\/2021\/07\/playing-field-fouls-560x405.jpg 560w\" sizes=\"(max-width: 750px) 100vw, 750px\" \/><figcaption>\u00a9 2004 POLO+10 The Polo Magazine, www.poloplus10.com<\/figcaption><\/figure>\n\n<p>Es importante tener en cuenta lo siguiente: ROW &#8211; Right-of-Way (derecho de paso) y LOB &#8211; Line of the Ball (l\u00ednea del bal\u00f3n) no son id\u00e9nticos ni intercambiables. Un jugador en la l\u00ednea del bal\u00f3n siempre tiene el derecho de paso.<\/p>\n\n<h3 id=\"las-siguientes-acciones-estan-prohibidas-y-constituyen-una-falta\">Las siguientes acciones est\u00e1n prohibidas y constituyen una falta:<\/h3>\n\n<ol><li>Jugar en un \u00e1ngulo que podr\u00eda ser un peligro para el poni y el jugador.<\/li><li>Jugar a una velocidad superior a la del adversario.<\/li><li>Cabalgar hacia el caballo del oponente por detr\u00e1s de la silla de montar. Los oponentes solo pueden jugar hasta la altura de los hombros del poni.<\/li><li>Se cruzan en el camino de un jugador al galope en un intento de obligarle a reducir la velocidad.<\/li><li>Parada lateral, tirar del caballo del oponente u otros actos similares que pongan al poni en riesgo de caer.<\/li><li>Infracci\u00f3n del derecho de paso.<\/li><li>Galopar de frente hacia un adversario con el fin de intimidarlo u obligarlo a parar o perder el bal\u00f3n, incluso sin hacer falta o cruzar la l\u00ednea del bal\u00f3n.<\/li><li>Crear el llamado &#8220;s\u00e1ndwich&#8221; por el que dos compa\u00f1eros obligan a un jugador del equipo contrario a pasar al centro.<\/li><li>Montar intencionadamente en el golpe de rev\u00e9s o delantero del rival.<\/li><li>Conducir fuera de las l\u00edneas laterales o de demarcaci\u00f3n de las porter\u00edas. Montar de manera que pueda perjudicar al \u00e1rbitro.<\/li><\/ol>\n\n<p>Los penaltis y los golpes libres se ejecutan a una distancia de 30, 40 y 60 yardas.<\/p>\n\t\t\t\t\t<\/div>\n\t\t\t\t\t\t<\/div>\n\t\t\t\t<\/div>\n\t\t\t\t\t\t<\/div>\n\t\t\t\t\t<\/div>\n\t\t<\/div>\n\t\t\t\t\t\t\t\t<\/div>\n\t\t\t\t\t<\/div>\n\t\t<\/section>\n\t\t\t\t\t\t\t\t\t<\/div>\n\t\t\t<\/div>\n\t\t\t\t\t<\/div>\n\t\t","protected":false},"excerpt":{"rendered":"<p>Campo de juego L\u00ednea de la pelota La regla n\u00famero uno en el polo es la &#8220;L\u00ednea de la Pelota&#8221; &#8211; el derecho de paso. \u00a9 2004 POLO+10 The Polo&hellip;<\/p>\n","protected":false},"author":1,"featured_media":0,"parent":68397,"menu_order":0,"comment_status":"closed","ping_status":"closed","template":"","meta":{"_monsterinsights_skip_tracking":false,"_monsterinsights_sitenote_active":false,"_monsterinsights_sitenote_note":"","_monsterinsights_sitenote_category":0},"acf":[],"yoast_head":"<!-- This site is optimized with the Yoast SEO plugin v19.6.1 - https:\/\/yoast.com\/wordpress\/plugins\/seo\/ -->\n<title>Campo de juego - POLO+10<\/title>\n<meta name=\"description\" content=\"Toda la informaci\u00f3n sobre los Derechos e Incorrecciones; lo que hay que hacer y lo que no hay que hacer en el campo de polo - informativa y compactamente preparada para usted en POLO+10.\" \/>\n<meta name=\"robots\" content=\"index, follow, max-snippet:-1, max-image-preview:large, max-video-preview:-1\" \/>\n<link rel=\"canonical\" href=\"https:\/\/poloplus10.com\/es\/polo-sport\/campo-de-juego\/\" \/>\n<meta property=\"og:locale\" content=\"es_ES\" \/>\n<meta property=\"og:type\" content=\"article\" \/>\n<meta property=\"og:title\" content=\"Campo de juego - POLO+10\" \/>\n<meta property=\"og:description\" content=\"Toda la informaci\u00f3n sobre los Derechos e Incorrecciones; lo que hay que hacer y lo que no hay que hacer en el campo de polo - informativa y compactamente preparada para usted en POLO+10.\" \/>\n<meta property=\"og:url\" content=\"https:\/\/poloplus10.com\/es\/polo-sport\/campo-de-juego\/\" \/>\n<meta property=\"og:site_name\" content=\"POLO+10\" \/>\n<meta property=\"article:modified_time\" content=\"2022-11-25T14:42:23+00:00\" \/>\n<meta property=\"og:image\" content=\"https:\/\/poloplus10.com\/wp-content\/uploads\/2021\/07\/playing-field-line-of-the-ball.jpg\" \/>\n<meta name=\"twitter:card\" content=\"summary_large_image\" \/>\n<meta name=\"twitter:label1\" content=\"Tiempo de lectura\" \/>\n\t<meta name=\"twitter:data1\" content=\"6 minutos\" \/>\n<script type=\"application\/ld+json\" class=\"yoast-schema-graph\">{\"@context\":\"https:\/\/schema.org\",\"@graph\":[{\"@type\":\"WebPage\",\"@id\":\"https:\/\/poloplus10.com\/es\/polo-sport\/campo-de-juego\/\",\"url\":\"https:\/\/poloplus10.com\/es\/polo-sport\/campo-de-juego\/\",\"name\":\"Campo de juego - POLO+10\",\"isPartOf\":{\"@id\":\"https:\/\/poloplus10.com\/#website\"},\"datePublished\":\"2021-10-05T13:01:14+00:00\",\"dateModified\":\"2022-11-25T14:42:23+00:00\",\"description\":\"Toda la informaci\u00f3n sobre los Derechos e Incorrecciones; lo que hay que hacer y lo que no hay que hacer en el campo de polo - informativa y compactamente preparada para usted en POLO+10.\",\"breadcrumb\":{\"@id\":\"https:\/\/poloplus10.com\/es\/polo-sport\/campo-de-juego\/#breadcrumb\"},\"inLanguage\":\"es\",\"potentialAction\":[{\"@type\":\"ReadAction\",\"target\":[\"https:\/\/poloplus10.com\/es\/polo-sport\/campo-de-juego\/\"]}]},{\"@type\":\"BreadcrumbList\",\"@id\":\"https:\/\/poloplus10.com\/es\/polo-sport\/campo-de-juego\/#breadcrumb\",\"itemListElement\":[{\"@type\":\"ListItem\",\"position\":1,\"name\":\"Home\",\"item\":\"https:\/\/poloplus10.com\/\"},{\"@type\":\"ListItem\",\"position\":2,\"name\":\"Acerca del Polo\",\"item\":\"https:\/\/poloplus10.com\/es\/polo-sport\/\"},{\"@type\":\"ListItem\",\"position\":3,\"name\":\"Campo de juego\"}]},{\"@type\":\"WebSite\",\"@id\":\"https:\/\/poloplus10.com\/#website\",\"url\":\"https:\/\/poloplus10.com\/\",\"name\":\"POLO+10\",\"description\":\"The Polo Magazine\",\"publisher\":{\"@id\":\"https:\/\/poloplus10.com\/#organization\"},\"potentialAction\":[{\"@type\":\"SearchAction\",\"target\":{\"@type\":\"EntryPoint\",\"urlTemplate\":\"https:\/\/poloplus10.com\/?s={search_term_string}\"},\"query-input\":\"required name=search_term_string\"}],\"inLanguage\":\"es\"},{\"@type\":\"Organization\",\"@id\":\"https:\/\/poloplus10.com\/#organization\",\"name\":\"POLO+10 GmbH\",\"url\":\"https:\/\/poloplus10.com\/\",\"sameAs\":[],\"logo\":{\"@type\":\"ImageObject\",\"inLanguage\":\"es\",\"@id\":\"https:\/\/poloplus10.com\/#\/schema\/logo\/image\/\",\"url\":\"https:\/\/poloplus10.demo-on.de\/wp-content\/uploads\/2021\/07\/poloplus10_logo.png\",\"contentUrl\":\"https:\/\/poloplus10.demo-on.de\/wp-content\/uploads\/2021\/07\/poloplus10_logo.png\",\"width\":300,\"height\":64,\"caption\":\"POLO+10 GmbH\"},\"image\":{\"@id\":\"https:\/\/poloplus10.com\/#\/schema\/logo\/image\/\"}}]}<\/script>\n<!-- \/ Yoast SEO plugin. -->","yoast_head_json":{"title":"Campo de juego - POLO+10","description":"Toda la informaci\u00f3n sobre los Derechos e Incorrecciones; lo que hay que hacer y lo que no hay que hacer en el campo de polo - informativa y compactamente preparada para usted en POLO+10.","robots":{"index":"index","follow":"follow","max-snippet":"max-snippet:-1","max-image-preview":"max-image-preview:large","max-video-preview":"max-video-preview:-1"},"canonical":"https:\/\/poloplus10.com\/es\/polo-sport\/campo-de-juego\/","og_locale":"es_ES","og_type":"article","og_title":"Campo de juego - POLO+10","og_description":"Toda la informaci\u00f3n sobre los Derechos e Incorrecciones; lo que hay que hacer y lo que no hay que hacer en el campo de polo - informativa y compactamente preparada para usted en POLO+10.","og_url":"https:\/\/poloplus10.com\/es\/polo-sport\/campo-de-juego\/","og_site_name":"POLO+10","article_modified_time":"2022-11-25T14:42:23+00:00","og_image":[{"url":"https:\/\/poloplus10.com\/wp-content\/uploads\/2021\/07\/playing-field-line-of-the-ball.jpg"}],"twitter_card":"summary_large_image","twitter_misc":{"Tiempo de lectura":"6 minutos"},"schema":{"@context":"https:\/\/schema.org","@graph":[{"@type":"WebPage","@id":"https:\/\/poloplus10.com\/es\/polo-sport\/campo-de-juego\/","url":"https:\/\/poloplus10.com\/es\/polo-sport\/campo-de-juego\/","name":"Campo de juego - POLO+10","isPartOf":{"@id":"https:\/\/poloplus10.com\/#website"},"datePublished":"2021-10-05T13:01:14+00:00","dateModified":"2022-11-25T14:42:23+00:00","description":"Toda la informaci\u00f3n sobre los Derechos e Incorrecciones; lo que hay que hacer y lo que no hay que hacer en el campo de polo - informativa y compactamente preparada para usted en POLO+10.","breadcrumb":{"@id":"https:\/\/poloplus10.com\/es\/polo-sport\/campo-de-juego\/#breadcrumb"},"inLanguage":"es","potentialAction":[{"@type":"ReadAction","target":["https:\/\/poloplus10.com\/es\/polo-sport\/campo-de-juego\/"]}]},{"@type":"BreadcrumbList","@id":"https:\/\/poloplus10.com\/es\/polo-sport\/campo-de-juego\/#breadcrumb","itemListElement":[{"@type":"ListItem","position":1,"name":"Home","item":"https:\/\/poloplus10.com\/"},{"@type":"ListItem","position":2,"name":"Acerca del Polo","item":"https:\/\/poloplus10.com\/es\/polo-sport\/"},{"@type":"ListItem","position":3,"name":"Campo de juego"}]},{"@type":"WebSite","@id":"https:\/\/poloplus10.com\/#website","url":"https:\/\/poloplus10.com\/","name":"POLO+10","description":"The Polo Magazine","publisher":{"@id":"https:\/\/poloplus10.com\/#organization"},"potentialAction":[{"@type":"SearchAction","target":{"@type":"EntryPoint","urlTemplate":"https:\/\/poloplus10.com\/?s={search_term_string}"},"query-input":"required name=search_term_string"}],"inLanguage":"es"},{"@type":"Organization","@id":"https:\/\/poloplus10.com\/#organization","name":"POLO+10 GmbH","url":"https:\/\/poloplus10.com\/","sameAs":[],"logo":{"@type":"ImageObject","inLanguage":"es","@id":"https:\/\/poloplus10.com\/#\/schema\/logo\/image\/","url":"https:\/\/poloplus10.demo-on.de\/wp-content\/uploads\/2021\/07\/poloplus10_logo.png","contentUrl":"https:\/\/poloplus10.demo-on.de\/wp-content\/uploads\/2021\/07\/poloplus10_logo.png","width":300,"height":64,"caption":"POLO+10 GmbH"},"image":{"@id":"https:\/\/poloplus10.com\/#\/schema\/logo\/image\/"}}]}},"_links":{"self":[{"href":"https:\/\/poloplus10.com\/es\/wp-json\/wp\/v2\/pages\/68770"}],"collection":[{"href":"https:\/\/poloplus10.com\/es\/wp-json\/wp\/v2\/pages"}],"about":[{"href":"https:\/\/poloplus10.com\/es\/wp-json\/wp\/v2\/types\/page"}],"author":[{"embeddable":true,"href":"https:\/\/poloplus10.com\/es\/wp-json\/wp\/v2\/users\/1"}],"replies":[{"embeddable":true,"href":"https:\/\/poloplus10.com\/es\/wp-json\/wp\/v2\/comments?post=68770"}],"version-history":[{"count":5,"href":"https:\/\/poloplus10.com\/es\/wp-json\/wp\/v2\/pages\/68770\/revisions"}],"predecessor-version":[{"id":85378,"href":"https:\/\/poloplus10.com\/es\/wp-json\/wp\/v2\/pages\/68770\/revisions\/85378"}],"up":[{"embeddable":true,"href":"https:\/\/poloplus10.com\/es\/wp-json\/wp\/v2\/pages\/68397"}],"wp:attachment":[{"href":"https:\/\/poloplus10.com\/es\/wp-json\/wp\/v2\/media?parent=68770"}],"curies":[{"name":"wp","href":"https:\/\/api.w.org\/{rel}","templated":true}]}}