{"id":69963,"date":"2021-10-11T15:02:34","date_gmt":"2021-10-11T13:02:34","guid":{"rendered":"https:\/\/poloplus10.com\/advertising-rates\/revistas-de-torneos\/"},"modified":"2025-01-31T13:27:36","modified_gmt":"2025-01-31T12:27:36","slug":"revistas-de-torneos","status":"publish","type":"page","link":"https:\/\/poloplus10.com\/es\/advertising-rates\/revistas-de-torneos\/","title":{"rendered":"Revistas de Torneos"},"content":{"rendered":"\t\t<div data-elementor-type=\"wp-page\" data-elementor-id=\"69963\" class=\"elementor elementor-69963 elementor-69797\">\n\t\t\t\t\t\t<div class=\"elementor-inner\">\n\t\t\t\t<div class=\"elementor-section-wrap\">\n\t\t\t\t\t\t\t\t\t<section class=\"elementor-section elementor-top-section elementor-element elementor-element-6572b5e elementor-section-boxed elementor-section-height-default elementor-section-height-default\" data-id=\"6572b5e\" data-element_type=\"section\">\n\t\t\t\t\t\t<div class=\"elementor-container elementor-column-gap-default\">\n\t\t\t\t\t\t\t<div class=\"elementor-row\">\n\t\t\t\t\t<div class=\"elementor-column elementor-col-100 elementor-top-column elementor-element elementor-element-9ad0f78\" data-id=\"9ad0f78\" data-element_type=\"column\">\n\t\t\t<div class=\"elementor-column-wrap elementor-element-populated\">\n\t\t\t\t\t\t\t<div class=\"elementor-widget-wrap\">\n\t\t\t\t\t\t<div class=\"elementor-element elementor-element-9efae0c elementor-widget elementor-widget-heading\" data-id=\"9efae0c\" data-element_type=\"widget\" data-widget_type=\"heading.default\">\n\t\t\t\t<div class=\"elementor-widget-container\">\n\t\t\t<h1 id=\"revistas-de-torneos\" class=\"elementor-heading-title elementor-size-default\">Revistas de Torneos<\/h1>\t\t<\/div>\n\t\t\t\t<\/div>\n\t\t\t\t<div class=\"elementor-element elementor-element-fc60cbf elementor-widget-divider--view-line elementor-widget elementor-widget-divider\" data-id=\"fc60cbf\" data-element_type=\"widget\" data-widget_type=\"divider.default\">\n\t\t\t\t<div class=\"elementor-widget-container\">\n\t\t\t\t\t<div class=\"elementor-divider\">\n\t\t\t<span class=\"elementor-divider-separator\">\n\t\t\t\t\t\t<\/span>\n\t\t<\/div>\n\t\t\t\t<\/div>\n\t\t\t\t<\/div>\n\t\t\t\t<div class=\"elementor-element elementor-element-5b06700 elementor-widget elementor-widget-heading\" data-id=\"5b06700\" data-element_type=\"widget\" data-widget_type=\"heading.default\">\n\t\t\t\t<div class=\"elementor-widget-container\">\n\t\t\t<span class=\"elementor-heading-title elementor-size-medium\">En conexi\u00f3n con los organizadores m\u00e1s famosos de torneos en la regi\u00f3n de habla alemana, POLO+10 publica revistas de edici\u00f3n especial para torneos para los m\u00e1s exclusivos eventos, que incluyen, entre otros: Sylt, Hamburg,Berlin, D\u00fcsseldorf, Munich, Gut Aspern, Gut Basthorst cerca de Hamburgo, Frankfurt y Ascona en Suiza.<\/span>\t\t<\/div>\n\t\t\t\t<\/div>\n\t\t\t\t<div class=\"elementor-element elementor-element-5fe8b3d elementor-widget elementor-widget-text-editor\" data-id=\"5fe8b3d\" data-element_type=\"widget\" data-widget_type=\"text-editor.default\">\n\t\t\t\t<div class=\"elementor-widget-container\">\n\t\t\t\t\t\t\t\t<div class=\"elementor-text-editor elementor-clearfix\">\n\t\t\t\t<p>Desde 2004 POLO+10 est\u00e1 profundamente arraigado en la escena del polo, hoy en d\u00eda POLO+10 es la mayor plataforma medi\u00e1tica del deporte internacional del polo en el mundo. Adem\u00e1s, POLO+10 es reconocida por la creaci\u00f3n y producci\u00f3n de revistas de torneos de alta calidad. Muchos de los grandes organizadores de torneos de todo el mundo son nuestros clientes en lo que se refiere a productos impresos, pero tambi\u00e9n en lo que se refiere a relaciones p\u00fablicas y cobertura online en los canales de las redes sociales.<\/p>\n<p>Traducci\u00f3n realizada con la versi\u00f3n gratuita del traductor www.DeepL.com\/Translator<\/p>\n\t\t\t\t\t<\/div>\n\t\t\t\t\t\t<\/div>\n\t\t\t\t<\/div>\n\t\t\t\t<div class=\"elementor-element elementor-element-1c65891 elementor-widget elementor-widget-text-editor\" data-id=\"1c65891\" data-element_type=\"widget\" data-widget_type=\"text-editor.default\">\n\t\t\t\t<div class=\"elementor-widget-container\">\n\t\t\t\t\t\t\t\t<div class=\"elementor-text-editor elementor-clearfix\">\n\t\t\t\t<p>Para informaci\u00f3n adicional sobre las ediciones de torneos por favor, cont\u00e1ctenos:<\/p>\n\t\t\t\t\t<\/div>\n\t\t\t\t\t\t<\/div>\n\t\t\t\t<\/div>\n\t\t\t\t<div class=\"elementor-element elementor-element-115f618 elementor-icon-list--layout-traditional elementor-list-item-link-full_width elementor-widget elementor-widget-icon-list\" data-id=\"115f618\" data-element_type=\"widget\" data-widget_type=\"icon-list.default\">\n\t\t\t\t<div class=\"elementor-widget-container\">\n\t\t\t\t\t<ul class=\"elementor-icon-list-items\">\n\t\t\t\t\t\t\t<li class=\"elementor-icon-list-item\">\n\t\t\t\t\t\t\t\t\t\t<span class=\"elementor-icon-list-text\">POLO + 10 GmbH<\/span>\n\t\t\t\t\t\t\t\t\t<\/li>\n\t\t\t\t\t\t\t\t<li class=\"elementor-icon-list-item\">\n\t\t\t\t\t\t\t\t\t\t\t<span class=\"elementor-icon-list-icon\">\n\t\t\t\t\t\t\t<i aria-hidden=\"true\" class=\"fas fa-envelope\"><\/i>\t\t\t\t\t\t<\/span>\n\t\t\t\t\t\t\t\t\t\t<span class=\"elementor-icon-list-text\">hello[at]twa.ag<\/span>\n\t\t\t\t\t\t\t\t\t<\/li>\n\t\t\t\t\t\t<\/ul>\n\t\t\t\t<\/div>\n\t\t\t\t<\/div>\n\t\t\t\t\t\t<\/div>\n\t\t\t\t\t<\/div>\n\t\t<\/div>\n\t\t\t\t\t\t\t\t<\/div>\n\t\t\t\t\t<\/div>\n\t\t<\/section>\n\t\t\t\t\t\t\t\t\t<\/div>\n\t\t\t<\/div>\n\t\t\t\t\t<\/div>\n\t\t","protected":false},"excerpt":{"rendered":"<p>Revistas de Torneos En conexi\u00f3n con los organizadores m\u00e1s famosos de torneos en la regi\u00f3n de habla alemana, POLO+10 publica revistas de edici\u00f3n especial para torneos para los m\u00e1s exclusivos&hellip;<\/p>\n","protected":false},"author":1,"featured_media":0,"parent":69894,"menu_order":0,"comment_status":"closed","ping_status":"closed","template":"","meta":{"_monsterinsights_skip_tracking":false,"_monsterinsights_sitenote_active":false,"_monsterinsights_sitenote_note":"","_monsterinsights_sitenote_category":0},"acf":[],"yoast_head":"<!-- This site is optimized with the Yoast SEO plugin v19.6.1 - https:\/\/yoast.com\/wordpress\/plugins\/seo\/ -->\n<title>Revistas de Torneos - POLO+10<\/title>\n<meta name=\"robots\" content=\"index, follow, max-snippet:-1, max-image-preview:large, max-video-preview:-1\" \/>\n<link rel=\"canonical\" href=\"https:\/\/poloplus10.com\/de\/advertising-rates\/turniermagazine\/\" \/>\n<meta property=\"og:locale\" content=\"es_ES\" \/>\n<meta property=\"og:type\" content=\"article\" \/>\n<meta property=\"og:title\" content=\"Revistas de Torneos - POLO+10\" \/>\n<meta property=\"og:description\" content=\"Revistas de Torneos En conexi\u00f3n con los organizadores m\u00e1s famosos de torneos en la regi\u00f3n de habla alemana, POLO+10 publica revistas de edici\u00f3n especial para torneos para los m\u00e1s exclusivos&hellip;\" \/>\n<meta property=\"og:url\" content=\"https:\/\/poloplus10.com\/de\/advertising-rates\/turniermagazine\/\" \/>\n<meta property=\"og:site_name\" content=\"POLO+10\" \/>\n<meta property=\"article:modified_time\" content=\"2025-01-31T12:27:36+00:00\" \/>\n<meta name=\"twitter:card\" content=\"summary_large_image\" \/>\n<meta name=\"twitter:label1\" content=\"Tiempo de lectura\" \/>\n\t<meta name=\"twitter:data1\" content=\"1 minuto\" \/>\n<script type=\"application\/ld+json\" class=\"yoast-schema-graph\">{\"@context\":\"https:\/\/schema.org\",\"@graph\":[{\"@type\":\"WebPage\",\"@id\":\"https:\/\/poloplus10.com\/de\/advertising-rates\/turniermagazine\/\",\"url\":\"https:\/\/poloplus10.com\/de\/advertising-rates\/turniermagazine\/\",\"name\":\"Revistas de Torneos - POLO+10\",\"isPartOf\":{\"@id\":\"https:\/\/poloplus10.com\/#website\"},\"datePublished\":\"2021-10-11T13:02:34+00:00\",\"dateModified\":\"2025-01-31T12:27:36+00:00\",\"breadcrumb\":{\"@id\":\"https:\/\/poloplus10.com\/de\/advertising-rates\/turniermagazine\/#breadcrumb\"},\"inLanguage\":\"es\",\"potentialAction\":[{\"@type\":\"ReadAction\",\"target\":[\"https:\/\/poloplus10.com\/de\/advertising-rates\/turniermagazine\/\"]}]},{\"@type\":\"BreadcrumbList\",\"@id\":\"https:\/\/poloplus10.com\/de\/advertising-rates\/turniermagazine\/#breadcrumb\",\"itemListElement\":[{\"@type\":\"ListItem\",\"position\":1,\"name\":\"Home\",\"item\":\"https:\/\/poloplus10.com\/\"},{\"@type\":\"ListItem\",\"position\":2,\"name\":\"Advertising Rates\",\"item\":\"https:\/\/poloplus10.com\/de\/advertising-rates\/\"},{\"@type\":\"ListItem\",\"position\":3,\"name\":\"Revistas de Torneos\"}]},{\"@type\":\"WebSite\",\"@id\":\"https:\/\/poloplus10.com\/#website\",\"url\":\"https:\/\/poloplus10.com\/\",\"name\":\"POLO+10\",\"description\":\"The Polo Magazine\",\"publisher\":{\"@id\":\"https:\/\/poloplus10.com\/#organization\"},\"potentialAction\":[{\"@type\":\"SearchAction\",\"target\":{\"@type\":\"EntryPoint\",\"urlTemplate\":\"https:\/\/poloplus10.com\/?s={search_term_string}\"},\"query-input\":\"required name=search_term_string\"}],\"inLanguage\":\"es\"},{\"@type\":\"Organization\",\"@id\":\"https:\/\/poloplus10.com\/#organization\",\"name\":\"POLO+10 GmbH\",\"url\":\"https:\/\/poloplus10.com\/\",\"sameAs\":[],\"logo\":{\"@type\":\"ImageObject\",\"inLanguage\":\"es\",\"@id\":\"https:\/\/poloplus10.com\/#\/schema\/logo\/image\/\",\"url\":\"https:\/\/poloplus10.demo-on.de\/wp-content\/uploads\/2021\/07\/poloplus10_logo.png\",\"contentUrl\":\"https:\/\/poloplus10.demo-on.de\/wp-content\/uploads\/2021\/07\/poloplus10_logo.png\",\"width\":300,\"height\":64,\"caption\":\"POLO+10 GmbH\"},\"image\":{\"@id\":\"https:\/\/poloplus10.com\/#\/schema\/logo\/image\/\"}}]}<\/script>\n<!-- \/ Yoast SEO plugin. -->","yoast_head_json":{"title":"Revistas de Torneos - POLO+10","robots":{"index":"index","follow":"follow","max-snippet":"max-snippet:-1","max-image-preview":"max-image-preview:large","max-video-preview":"max-video-preview:-1"},"canonical":"https:\/\/poloplus10.com\/de\/advertising-rates\/turniermagazine\/","og_locale":"es_ES","og_type":"article","og_title":"Revistas de Torneos - POLO+10","og_description":"Revistas de Torneos En conexi\u00f3n con los organizadores m\u00e1s famosos de torneos en la regi\u00f3n de habla alemana, POLO+10 publica revistas de edici\u00f3n especial para torneos para los m\u00e1s exclusivos&hellip;","og_url":"https:\/\/poloplus10.com\/de\/advertising-rates\/turniermagazine\/","og_site_name":"POLO+10","article_modified_time":"2025-01-31T12:27:36+00:00","twitter_card":"summary_large_image","twitter_misc":{"Tiempo de lectura":"1 minuto"},"schema":{"@context":"https:\/\/schema.org","@graph":[{"@type":"WebPage","@id":"https:\/\/poloplus10.com\/de\/advertising-rates\/turniermagazine\/","url":"https:\/\/poloplus10.com\/de\/advertising-rates\/turniermagazine\/","name":"Revistas de Torneos - POLO+10","isPartOf":{"@id":"https:\/\/poloplus10.com\/#website"},"datePublished":"2021-10-11T13:02:34+00:00","dateModified":"2025-01-31T12:27:36+00:00","breadcrumb":{"@id":"https:\/\/poloplus10.com\/de\/advertising-rates\/turniermagazine\/#breadcrumb"},"inLanguage":"es","potentialAction":[{"@type":"ReadAction","target":["https:\/\/poloplus10.com\/de\/advertising-rates\/turniermagazine\/"]}]},{"@type":"BreadcrumbList","@id":"https:\/\/poloplus10.com\/de\/advertising-rates\/turniermagazine\/#breadcrumb","itemListElement":[{"@type":"ListItem","position":1,"name":"Home","item":"https:\/\/poloplus10.com\/"},{"@type":"ListItem","position":2,"name":"Advertising Rates","item":"https:\/\/poloplus10.com\/de\/advertising-rates\/"},{"@type":"ListItem","position":3,"name":"Revistas de Torneos"}]},{"@type":"WebSite","@id":"https:\/\/poloplus10.com\/#website","url":"https:\/\/poloplus10.com\/","name":"POLO+10","description":"The Polo Magazine","publisher":{"@id":"https:\/\/poloplus10.com\/#organization"},"potentialAction":[{"@type":"SearchAction","target":{"@type":"EntryPoint","urlTemplate":"https:\/\/poloplus10.com\/?s={search_term_string}"},"query-input":"required name=search_term_string"}],"inLanguage":"es"},{"@type":"Organization","@id":"https:\/\/poloplus10.com\/#organization","name":"POLO+10 GmbH","url":"https:\/\/poloplus10.com\/","sameAs":[],"logo":{"@type":"ImageObject","inLanguage":"es","@id":"https:\/\/poloplus10.com\/#\/schema\/logo\/image\/","url":"https:\/\/poloplus10.demo-on.de\/wp-content\/uploads\/2021\/07\/poloplus10_logo.png","contentUrl":"https:\/\/poloplus10.demo-on.de\/wp-content\/uploads\/2021\/07\/poloplus10_logo.png","width":300,"height":64,"caption":"POLO+10 GmbH"},"image":{"@id":"https:\/\/poloplus10.com\/#\/schema\/logo\/image\/"}}]}},"_links":{"self":[{"href":"https:\/\/poloplus10.com\/es\/wp-json\/wp\/v2\/pages\/69963"}],"collection":[{"href":"https:\/\/poloplus10.com\/es\/wp-json\/wp\/v2\/pages"}],"about":[{"href":"https:\/\/poloplus10.com\/es\/wp-json\/wp\/v2\/types\/page"}],"author":[{"embeddable":true,"href":"https:\/\/poloplus10.com\/es\/wp-json\/wp\/v2\/users\/1"}],"replies":[{"embeddable":true,"href":"https:\/\/poloplus10.com\/es\/wp-json\/wp\/v2\/comments?post=69963"}],"version-history":[{"count":7,"href":"https:\/\/poloplus10.com\/es\/wp-json\/wp\/v2\/pages\/69963\/revisions"}],"predecessor-version":[{"id":101222,"href":"https:\/\/poloplus10.com\/es\/wp-json\/wp\/v2\/pages\/69963\/revisions\/101222"}],"up":[{"embeddable":true,"href":"https:\/\/poloplus10.com\/es\/wp-json\/wp\/v2\/pages\/69894"}],"wp:attachment":[{"href":"https:\/\/poloplus10.com\/es\/wp-json\/wp\/v2\/media?parent=69963"}],"curies":[{"name":"wp","href":"https:\/\/api.w.org\/{rel}","templated":true}]}}