{"id":69967,"date":"2021-10-11T15:08:18","date_gmt":"2021-10-11T13:08:18","guid":{"rendered":"https:\/\/poloplus10.com\/advertising-rates\/datos-tecnicos-para-avisos-publicitarios\/"},"modified":"2025-01-31T13:29:15","modified_gmt":"2025-01-31T12:29:15","slug":"datos-tecnicos-para-avisos-publicitarios","status":"publish","type":"page","link":"https:\/\/poloplus10.com\/es\/advertising-rates\/datos-tecnicos-para-avisos-publicitarios\/","title":{"rendered":"Datos t\u00e9cnicos para avisos publicitarios"},"content":{"rendered":"\t\t<div data-elementor-type=\"wp-page\" data-elementor-id=\"69967\" class=\"elementor elementor-69967 elementor-69799\">\n\t\t\t\t\t\t<div class=\"elementor-inner\">\n\t\t\t\t<div class=\"elementor-section-wrap\">\n\t\t\t\t\t\t\t\t\t<section class=\"elementor-section elementor-top-section elementor-element elementor-element-dd31122 elementor-section-boxed elementor-section-height-default elementor-section-height-default\" data-id=\"dd31122\" data-element_type=\"section\">\n\t\t\t\t\t\t<div class=\"elementor-container elementor-column-gap-default\">\n\t\t\t\t\t\t\t<div class=\"elementor-row\">\n\t\t\t\t\t<div class=\"elementor-column elementor-col-100 elementor-top-column elementor-element elementor-element-20511bb\" data-id=\"20511bb\" data-element_type=\"column\">\n\t\t\t<div class=\"elementor-column-wrap elementor-element-populated\">\n\t\t\t\t\t\t\t<div class=\"elementor-widget-wrap\">\n\t\t\t\t\t\t<div class=\"elementor-element elementor-element-d3390c5 elementor-widget elementor-widget-heading\" data-id=\"d3390c5\" data-element_type=\"widget\" data-widget_type=\"heading.default\">\n\t\t\t\t<div class=\"elementor-widget-container\">\n\t\t\t<h1 id=\"datos-tecnicos-para-avisos-publicitarios\" class=\"elementor-heading-title elementor-size-default\">Datos t\u00e9cnicos para avisos publicitarios<\/h1>\t\t<\/div>\n\t\t\t\t<\/div>\n\t\t\t\t<div class=\"elementor-element elementor-element-fbc90e1 elementor-widget-divider--view-line elementor-widget elementor-widget-divider\" data-id=\"fbc90e1\" data-element_type=\"widget\" data-widget_type=\"divider.default\">\n\t\t\t\t<div class=\"elementor-widget-container\">\n\t\t\t\t\t<div class=\"elementor-divider\">\n\t\t\t<span class=\"elementor-divider-separator\">\n\t\t\t\t\t\t<\/span>\n\t\t<\/div>\n\t\t\t\t<\/div>\n\t\t\t\t<\/div>\n\t\t\t\t<div class=\"elementor-element elementor-element-f3aa42f elementor-widget elementor-widget-text-editor\" data-id=\"f3aa42f\" data-element_type=\"widget\" data-widget_type=\"text-editor.default\">\n\t\t\t\t<div class=\"elementor-widget-container\">\n\t\t\t\t\t\t\t\t<div class=\"elementor-text-editor elementor-clearfix\">\n\t\t\t\t<p>Los n\u00fameros de datos t\u00e9cnicos pueden descargarse como <a href=\"https:\/\/poloplus10.com\/wp-content\/uploads\/2021\/10\/TD_POLO_10_2017.pdf\" target=\"_blank\" rel=\"noopener\">PDF data file<\/a>.<\/p>\n\t\t\t\t\t<\/div>\n\t\t\t\t\t\t<\/div>\n\t\t\t\t<\/div>\n\t\t\t\t<div class=\"elementor-element elementor-element-9c32a0b elementor-widget elementor-widget-image\" data-id=\"9c32a0b\" data-element_type=\"widget\" data-widget_type=\"image.default\">\n\t\t\t\t<div class=\"elementor-widget-container\">\n\t\t\t\t\t\t\t\t<div class=\"elementor-image\">\n\t\t\t\t\t\t\t\t\t\t\t\t<img decoding=\"async\" width=\"580\" height=\"188\" src=\"https:\/\/poloplus10.com\/wp-content\/uploads\/2021\/10\/polo10_technische_daten.jpg\" class=\"attachment-large size-large\" alt=\"\" loading=\"lazy\" srcset=\"https:\/\/poloplus10.com\/wp-content\/uploads\/2021\/10\/polo10_technische_daten.jpg 580w, https:\/\/poloplus10.com\/wp-content\/uploads\/2021\/10\/polo10_technische_daten-120x39.jpg 120w, https:\/\/poloplus10.com\/wp-content\/uploads\/2021\/10\/polo10_technische_daten-90x29.jpg 90w, https:\/\/poloplus10.com\/wp-content\/uploads\/2021\/10\/polo10_technische_daten-320x104.jpg 320w, https:\/\/poloplus10.com\/wp-content\/uploads\/2021\/10\/polo10_technische_daten-560x182.jpg 560w\" sizes=\"(max-width: 580px) 100vw, 580px\" \/>\t\t\t\t\t\t\t\t\t\t\t\t\t\t<\/div>\n\t\t\t\t\t\t<\/div>\n\t\t\t\t<\/div>\n\t\t\t\t<div class=\"elementor-element elementor-element-f4108c1 elementor-widget elementor-widget-heading\" data-id=\"f4108c1\" data-element_type=\"widget\" data-widget_type=\"heading.default\">\n\t\t\t\t<div class=\"elementor-widget-container\">\n\t\t\t<h2 id=\"formatos-de-avisos-para-todas-las-ediciones-de-polo10\" class=\"elementor-heading-title elementor-size-medium\">Formatos de avisos para todas las ediciones de POLO+10:<\/h2>\t\t<\/div>\n\t\t\t\t<\/div>\n\t\t\t\t<div class=\"elementor-element elementor-element-d2113a1 elementor-widget elementor-widget-heading\" data-id=\"d2113a1\" data-element_type=\"widget\" data-widget_type=\"heading.default\">\n\t\t\t\t<div class=\"elementor-widget-container\">\n\t\t\t<h2 id=\"formatos-de-avisos-en-corte\" class=\"elementor-heading-title elementor-size-medium\">Formatos de avisos en corte<\/h2>\t\t<\/div>\n\t\t\t\t<\/div>\n\t\t\t\t<div class=\"elementor-element elementor-element-8f368ce elementor-widget elementor-widget-text-editor\" data-id=\"8f368ce\" data-element_type=\"widget\" data-widget_type=\"text-editor.default\">\n\t\t\t\t<div class=\"elementor-widget-container\">\n\t\t\t\t\t\t\t\t<div class=\"elementor-text-editor elementor-clearfix\">\n\t\t\t\t<p>2\/1 p\u00e1gina 4C ancho 470 mm x alto 303 mm (incl. 3 mm por demas\u00eda)<br \/>\n1\/1 p\u00e1gina 4C ancho 215 mm x alto 283 mm<\/p>\n\t\t\t\t\t<\/div>\n\t\t\t\t\t\t<\/div>\n\t\t\t\t<\/div>\n\t\t\t\t<div class=\"elementor-element elementor-element-e3c60b6 elementor-widget elementor-widget-heading\" data-id=\"e3c60b6\" data-element_type=\"widget\" data-widget_type=\"heading.default\">\n\t\t\t\t<div class=\"elementor-widget-container\">\n\t\t\t<h2 id=\"formatos-de-aviso-en-area-tipo\" class=\"elementor-heading-title elementor-size-medium\">Formatos de aviso en area tipo<\/h2>\t\t<\/div>\n\t\t\t\t<\/div>\n\t\t\t\t<div class=\"elementor-element elementor-element-9761272 elementor-widget elementor-widget-text-editor\" data-id=\"9761272\" data-element_type=\"widget\" data-widget_type=\"text-editor.default\">\n\t\t\t\t<div class=\"elementor-widget-container\">\n\t\t\t\t\t\t\t\t<div class=\"elementor-text-editor elementor-clearfix\">\n\t\t\t\t<p>2\/1 p\u00e1gina 4C ancho 450 mm x alto 283 mm<br \/>\n1\/1 p\u00e1gina 4C ancho 215 mm x alto 283 mm<br \/>\n1\/2 p\u00e1gina 4C ancho 105 mm x alto 283 mm (formato vertical)<br \/>\n1\/2 p\u00e1gina 4C ancho 215 mm x alto 140 mm (formato horizontal)<br \/>\n1\/4 p\u00e1gina 4C ancho 105 mm x alto 140 mm<\/p>\n\t\t\t\t\t<\/div>\n\t\t\t\t\t\t<\/div>\n\t\t\t\t<\/div>\n\t\t\t\t<div class=\"elementor-element elementor-element-b6f070b elementor-widget elementor-widget-heading\" data-id=\"b6f070b\" data-element_type=\"widget\" data-widget_type=\"heading.default\">\n\t\t\t\t<div class=\"elementor-widget-container\">\n\t\t\t<h2 id=\"enviar-plantillas-de-avisos-en-los-siguientes-formatos\" class=\"elementor-heading-title elementor-size-medium\">Enviar plantillas de avisos en los siguientes formatos:<\/h2>\t\t<\/div>\n\t\t\t\t<\/div>\n\t\t\t\t<div class=\"elementor-element elementor-element-c29cd96 elementor-widget elementor-widget-text-editor\" data-id=\"c29cd96\" data-element_type=\"widget\" data-widget_type=\"text-editor.default\">\n\t\t\t\t<div class=\"elementor-widget-container\">\n\t\t\t\t\t\t\t\t<div class=\"elementor-text-editor elementor-clearfix\">\n\t\t\t\t<p>Archivos imprimibles: JPEG-, TIFF-, EPS- or PDF-files | PDF-files seg\u00fan im\u00e1genes PDF\/X3-Standard | , impreso y fuente en CMYK (perfil de color: FOGRA 39L\/ ISO Coated v2 300% \u2013 www.eci.org), alta resolucion (300 dpi en tama\u00f1o original) | Archivos abiertos de InDesign, Illustrator, Photoshop to CS4, enviar fuentes e im\u00e1genes de manera separada, fuentes por favor en grillas de archivos EPS. Los formatos variantes no podr\u00e1n ser utilizados!<\/p>\n<p>Archivos (de programas Offfice, OpenOffice tambi\u00e9n), que sean generados en archivos PDF con Word o PowerPoint con la ayuda de programas como \u201eAFPL Gostscrip\u201c tampoco pueden ser utilizados<\/p>\n\t\t\t\t\t<\/div>\n\t\t\t\t\t\t<\/div>\n\t\t\t\t<\/div>\n\t\t\t\t<div class=\"elementor-element elementor-element-bfb38e7 elementor-widget elementor-widget-heading\" data-id=\"bfb38e7\" data-element_type=\"widget\" data-widget_type=\"heading.default\">\n\t\t\t\t<div class=\"elementor-widget-container\">\n\t\t\t<h2 id=\"enviar-plantillas-a-la-siguiente-direccion\" class=\"elementor-heading-title elementor-size-medium\">Enviar plantillas a la siguiente direcci\u00f3n:<\/h2>\t\t<\/div>\n\t\t\t\t<\/div>\n\t\t\t\t<div class=\"elementor-element elementor-element-59bc213 elementor-icon-list--layout-traditional elementor-list-item-link-full_width elementor-widget elementor-widget-icon-list\" data-id=\"59bc213\" data-element_type=\"widget\" data-widget_type=\"icon-list.default\">\n\t\t\t\t<div class=\"elementor-widget-container\">\n\t\t\t\t\t<ul class=\"elementor-icon-list-items\">\n\t\t\t\t\t\t\t<li class=\"elementor-icon-list-item\">\n\t\t\t\t\t\t\t\t\t\t<span class=\"elementor-icon-list-text\">POLO + 10 GmbH<\/span>\n\t\t\t\t\t\t\t\t\t<\/li>\n\t\t\t\t\t\t\t\t<li class=\"elementor-icon-list-item\">\n\t\t\t\t\t\t\t\t\t\t<span class=\"elementor-icon-list-text\">Wexstr. 39, 20355 Hamburg<\/span>\n\t\t\t\t\t\t\t\t\t<\/li>\n\t\t\t\t\t\t\t\t<li class=\"elementor-icon-list-item\">\n\t\t\t\t\t\t\t\t\t\t\t<span class=\"elementor-icon-list-icon\">\n\t\t\t\t\t\t\t<i aria-hidden=\"true\" class=\"fas fa-envelope\"><\/i>\t\t\t\t\t\t<\/span>\n\t\t\t\t\t\t\t\t\t\t<span class=\"elementor-icon-list-text\">hello[at]twa.ag<\/span>\n\t\t\t\t\t\t\t\t\t<\/li>\n\t\t\t\t\t\t<\/ul>\n\t\t\t\t<\/div>\n\t\t\t\t<\/div>\n\t\t\t\t\t\t<\/div>\n\t\t\t\t\t<\/div>\n\t\t<\/div>\n\t\t\t\t\t\t\t\t<\/div>\n\t\t\t\t\t<\/div>\n\t\t<\/section>\n\t\t\t\t\t\t\t\t\t<\/div>\n\t\t\t<\/div>\n\t\t\t\t\t<\/div>\n\t\t","protected":false},"excerpt":{"rendered":"<p>Datos t\u00e9cnicos para avisos publicitarios Los n\u00fameros de datos t\u00e9cnicos pueden descargarse como PDF data file. Formatos de avisos para todas las ediciones de POLO+10: Formatos de avisos en corte&hellip;<\/p>\n","protected":false},"author":1,"featured_media":0,"parent":69894,"menu_order":0,"comment_status":"closed","ping_status":"closed","template":"","meta":{"_monsterinsights_skip_tracking":false,"_monsterinsights_sitenote_active":false,"_monsterinsights_sitenote_note":"","_monsterinsights_sitenote_category":0},"acf":[],"yoast_head":"<!-- This site is optimized with the Yoast SEO plugin v19.6.1 - https:\/\/yoast.com\/wordpress\/plugins\/seo\/ -->\n<title>Datos t\u00e9cnicos para avisos publicitarios - POLO+10<\/title>\n<meta name=\"robots\" content=\"index, follow, max-snippet:-1, max-image-preview:large, max-video-preview:-1\" \/>\n<link rel=\"canonical\" href=\"https:\/\/poloplus10.com\/de\/advertising-rates\/technische-daten\/\" \/>\n<meta property=\"og:locale\" content=\"es_ES\" \/>\n<meta property=\"og:type\" content=\"article\" \/>\n<meta property=\"og:title\" content=\"Datos t\u00e9cnicos para avisos publicitarios - POLO+10\" \/>\n<meta property=\"og:description\" content=\"Datos t\u00e9cnicos para avisos publicitarios Los n\u00fameros de datos t\u00e9cnicos pueden descargarse como PDF data file. Formatos de avisos para todas las ediciones de POLO+10: Formatos de avisos en corte&hellip;\" \/>\n<meta property=\"og:url\" content=\"https:\/\/poloplus10.com\/de\/advertising-rates\/technische-daten\/\" \/>\n<meta property=\"og:site_name\" content=\"POLO+10\" \/>\n<meta property=\"article:modified_time\" content=\"2025-01-31T12:29:15+00:00\" \/>\n<meta property=\"og:image\" content=\"https:\/\/poloplus10.com\/wp-content\/uploads\/2021\/10\/polo10_technische_daten.jpg\" \/>\n<meta name=\"twitter:card\" content=\"summary_large_image\" \/>\n<meta name=\"twitter:label1\" content=\"Tiempo de lectura\" \/>\n\t<meta name=\"twitter:data1\" content=\"2 minutos\" \/>\n<script type=\"application\/ld+json\" class=\"yoast-schema-graph\">{\"@context\":\"https:\/\/schema.org\",\"@graph\":[{\"@type\":\"WebPage\",\"@id\":\"https:\/\/poloplus10.com\/de\/advertising-rates\/technische-daten\/\",\"url\":\"https:\/\/poloplus10.com\/de\/advertising-rates\/technische-daten\/\",\"name\":\"Datos t\u00e9cnicos para avisos publicitarios - POLO+10\",\"isPartOf\":{\"@id\":\"https:\/\/poloplus10.com\/#website\"},\"datePublished\":\"2021-10-11T13:08:18+00:00\",\"dateModified\":\"2025-01-31T12:29:15+00:00\",\"breadcrumb\":{\"@id\":\"https:\/\/poloplus10.com\/de\/advertising-rates\/technische-daten\/#breadcrumb\"},\"inLanguage\":\"es\",\"potentialAction\":[{\"@type\":\"ReadAction\",\"target\":[\"https:\/\/poloplus10.com\/de\/advertising-rates\/technische-daten\/\"]}]},{\"@type\":\"BreadcrumbList\",\"@id\":\"https:\/\/poloplus10.com\/de\/advertising-rates\/technische-daten\/#breadcrumb\",\"itemListElement\":[{\"@type\":\"ListItem\",\"position\":1,\"name\":\"Home\",\"item\":\"https:\/\/poloplus10.com\/\"},{\"@type\":\"ListItem\",\"position\":2,\"name\":\"Advertising Rates\",\"item\":\"https:\/\/poloplus10.com\/de\/advertising-rates\/\"},{\"@type\":\"ListItem\",\"position\":3,\"name\":\"Datos t\u00e9cnicos para avisos publicitarios\"}]},{\"@type\":\"WebSite\",\"@id\":\"https:\/\/poloplus10.com\/#website\",\"url\":\"https:\/\/poloplus10.com\/\",\"name\":\"POLO+10\",\"description\":\"The Polo Magazine\",\"publisher\":{\"@id\":\"https:\/\/poloplus10.com\/#organization\"},\"potentialAction\":[{\"@type\":\"SearchAction\",\"target\":{\"@type\":\"EntryPoint\",\"urlTemplate\":\"https:\/\/poloplus10.com\/?s={search_term_string}\"},\"query-input\":\"required name=search_term_string\"}],\"inLanguage\":\"es\"},{\"@type\":\"Organization\",\"@id\":\"https:\/\/poloplus10.com\/#organization\",\"name\":\"POLO+10 GmbH\",\"url\":\"https:\/\/poloplus10.com\/\",\"sameAs\":[],\"logo\":{\"@type\":\"ImageObject\",\"inLanguage\":\"es\",\"@id\":\"https:\/\/poloplus10.com\/#\/schema\/logo\/image\/\",\"url\":\"https:\/\/poloplus10.demo-on.de\/wp-content\/uploads\/2021\/07\/poloplus10_logo.png\",\"contentUrl\":\"https:\/\/poloplus10.demo-on.de\/wp-content\/uploads\/2021\/07\/poloplus10_logo.png\",\"width\":300,\"height\":64,\"caption\":\"POLO+10 GmbH\"},\"image\":{\"@id\":\"https:\/\/poloplus10.com\/#\/schema\/logo\/image\/\"}}]}<\/script>\n<!-- \/ Yoast SEO plugin. -->","yoast_head_json":{"title":"Datos t\u00e9cnicos para avisos publicitarios - POLO+10","robots":{"index":"index","follow":"follow","max-snippet":"max-snippet:-1","max-image-preview":"max-image-preview:large","max-video-preview":"max-video-preview:-1"},"canonical":"https:\/\/poloplus10.com\/de\/advertising-rates\/technische-daten\/","og_locale":"es_ES","og_type":"article","og_title":"Datos t\u00e9cnicos para avisos publicitarios - POLO+10","og_description":"Datos t\u00e9cnicos para avisos publicitarios Los n\u00fameros de datos t\u00e9cnicos pueden descargarse como PDF data file. Formatos de avisos para todas las ediciones de POLO+10: Formatos de avisos en corte&hellip;","og_url":"https:\/\/poloplus10.com\/de\/advertising-rates\/technische-daten\/","og_site_name":"POLO+10","article_modified_time":"2025-01-31T12:29:15+00:00","og_image":[{"url":"https:\/\/poloplus10.com\/wp-content\/uploads\/2021\/10\/polo10_technische_daten.jpg"}],"twitter_card":"summary_large_image","twitter_misc":{"Tiempo de lectura":"2 minutos"},"schema":{"@context":"https:\/\/schema.org","@graph":[{"@type":"WebPage","@id":"https:\/\/poloplus10.com\/de\/advertising-rates\/technische-daten\/","url":"https:\/\/poloplus10.com\/de\/advertising-rates\/technische-daten\/","name":"Datos t\u00e9cnicos para avisos publicitarios - POLO+10","isPartOf":{"@id":"https:\/\/poloplus10.com\/#website"},"datePublished":"2021-10-11T13:08:18+00:00","dateModified":"2025-01-31T12:29:15+00:00","breadcrumb":{"@id":"https:\/\/poloplus10.com\/de\/advertising-rates\/technische-daten\/#breadcrumb"},"inLanguage":"es","potentialAction":[{"@type":"ReadAction","target":["https:\/\/poloplus10.com\/de\/advertising-rates\/technische-daten\/"]}]},{"@type":"BreadcrumbList","@id":"https:\/\/poloplus10.com\/de\/advertising-rates\/technische-daten\/#breadcrumb","itemListElement":[{"@type":"ListItem","position":1,"name":"Home","item":"https:\/\/poloplus10.com\/"},{"@type":"ListItem","position":2,"name":"Advertising Rates","item":"https:\/\/poloplus10.com\/de\/advertising-rates\/"},{"@type":"ListItem","position":3,"name":"Datos t\u00e9cnicos para avisos publicitarios"}]},{"@type":"WebSite","@id":"https:\/\/poloplus10.com\/#website","url":"https:\/\/poloplus10.com\/","name":"POLO+10","description":"The Polo Magazine","publisher":{"@id":"https:\/\/poloplus10.com\/#organization"},"potentialAction":[{"@type":"SearchAction","target":{"@type":"EntryPoint","urlTemplate":"https:\/\/poloplus10.com\/?s={search_term_string}"},"query-input":"required name=search_term_string"}],"inLanguage":"es"},{"@type":"Organization","@id":"https:\/\/poloplus10.com\/#organization","name":"POLO+10 GmbH","url":"https:\/\/poloplus10.com\/","sameAs":[],"logo":{"@type":"ImageObject","inLanguage":"es","@id":"https:\/\/poloplus10.com\/#\/schema\/logo\/image\/","url":"https:\/\/poloplus10.demo-on.de\/wp-content\/uploads\/2021\/07\/poloplus10_logo.png","contentUrl":"https:\/\/poloplus10.demo-on.de\/wp-content\/uploads\/2021\/07\/poloplus10_logo.png","width":300,"height":64,"caption":"POLO+10 GmbH"},"image":{"@id":"https:\/\/poloplus10.com\/#\/schema\/logo\/image\/"}}]}},"_links":{"self":[{"href":"https:\/\/poloplus10.com\/es\/wp-json\/wp\/v2\/pages\/69967"}],"collection":[{"href":"https:\/\/poloplus10.com\/es\/wp-json\/wp\/v2\/pages"}],"about":[{"href":"https:\/\/poloplus10.com\/es\/wp-json\/wp\/v2\/types\/page"}],"author":[{"embeddable":true,"href":"https:\/\/poloplus10.com\/es\/wp-json\/wp\/v2\/users\/1"}],"replies":[{"embeddable":true,"href":"https:\/\/poloplus10.com\/es\/wp-json\/wp\/v2\/comments?post=69967"}],"version-history":[{"count":7,"href":"https:\/\/poloplus10.com\/es\/wp-json\/wp\/v2\/pages\/69967\/revisions"}],"predecessor-version":[{"id":101231,"href":"https:\/\/poloplus10.com\/es\/wp-json\/wp\/v2\/pages\/69967\/revisions\/101231"}],"up":[{"embeddable":true,"href":"https:\/\/poloplus10.com\/es\/wp-json\/wp\/v2\/pages\/69894"}],"wp:attachment":[{"href":"https:\/\/poloplus10.com\/es\/wp-json\/wp\/v2\/media?parent=69967"}],"curies":[{"name":"wp","href":"https:\/\/api.w.org\/{rel}","templated":true}]}}