{"id":70040,"date":"2021-10-11T15:57:42","date_gmt":"2021-10-11T13:57:42","guid":{"rendered":"https:\/\/poloplus10.com\/polo-sport\/prensa\/"},"modified":"2021-10-11T15:57:43","modified_gmt":"2021-10-11T13:57:43","slug":"prensa","status":"publish","type":"page","link":"https:\/\/poloplus10.com\/es\/polo-sport\/prensa\/","title":{"rendered":"Prensa"},"content":{"rendered":"\t\t<div data-elementor-type=\"wp-page\" data-elementor-id=\"70040\" class=\"elementor elementor-70040 elementor-69996\">\n\t\t\t\t\t\t<div class=\"elementor-inner\">\n\t\t\t\t<div class=\"elementor-section-wrap\">\n\t\t\t\t\t\t\t\t\t<section class=\"elementor-section elementor-top-section elementor-element elementor-element-ad8b82c elementor-section-boxed elementor-section-height-default elementor-section-height-default\" data-id=\"ad8b82c\" data-element_type=\"section\">\n\t\t\t\t\t\t<div class=\"elementor-container elementor-column-gap-default\">\n\t\t\t\t\t\t\t<div class=\"elementor-row\">\n\t\t\t\t\t<div class=\"elementor-column elementor-col-100 elementor-top-column elementor-element elementor-element-2309b7c\" data-id=\"2309b7c\" data-element_type=\"column\">\n\t\t\t<div class=\"elementor-column-wrap elementor-element-populated\">\n\t\t\t\t\t\t\t<div class=\"elementor-widget-wrap\">\n\t\t\t\t\t\t<div class=\"elementor-element elementor-element-08281f0 elementor-widget elementor-widget-heading\" data-id=\"08281f0\" data-element_type=\"widget\" data-widget_type=\"heading.default\">\n\t\t\t\t<div class=\"elementor-widget-container\">\n\t\t\t<h1 id=\"el-deporte-del-polo-en-la-prensa\" class=\"elementor-heading-title elementor-size-default\">El deporte del polo en la prensa<\/h1>\t\t<\/div>\n\t\t\t\t<\/div>\n\t\t\t\t<div class=\"elementor-element elementor-element-66ab649 elementor-widget-divider--view-line elementor-widget elementor-widget-divider\" data-id=\"66ab649\" data-element_type=\"widget\" data-widget_type=\"divider.default\">\n\t\t\t\t<div class=\"elementor-widget-container\">\n\t\t\t\t\t<div class=\"elementor-divider\">\n\t\t\t<span class=\"elementor-divider-separator\">\n\t\t\t\t\t\t<\/span>\n\t\t<\/div>\n\t\t\t\t<\/div>\n\t\t\t\t<\/div>\n\t\t\t\t<div class=\"elementor-element elementor-element-cc34274 elementor-widget elementor-widget-heading\" data-id=\"cc34274\" data-element_type=\"widget\" data-widget_type=\"heading.default\">\n\t\t\t\t<div class=\"elementor-widget-container\">\n\t\t\t<span class=\"elementor-heading-title elementor-size-medium\">Juegue m\u00e1s rudo: r\u00e1pido, extremo, peligroso. Cada vez m\u00e1s l\u00edderes de la econom\u00eda son fascinados por el m\u00e1s exclusivo de los deportes de equipos del mundo.<\/span>\t\t<\/div>\n\t\t\t\t<\/div>\n\t\t\t\t<div class=\"elementor-element elementor-element-a608257 elementor-widget elementor-widget-image\" data-id=\"a608257\" data-element_type=\"widget\" data-widget_type=\"image.default\">\n\t\t\t\t<div class=\"elementor-widget-container\">\n\t\t\t\t\t\t\t\t<div class=\"elementor-image\">\n\t\t\t\t\t\t\t\t\t<figure class=\"wp-caption\">\n\t\t\t\t\t\t\t\t\t\t\t<a href=\"https:\/\/poloplus10.com\/wp-content\/uploads\/2021\/10\/Manager-Magazin-Polo-2013-4-1.pdf\" target=\"_blank\">\n\t\t\t\t\t\t\t<img decoding=\"async\" width=\"118\" height=\"156\" src=\"https:\/\/poloplus10.com\/wp-content\/uploads\/2021\/10\/manager_magazin_polo_2013_4.jpg\" class=\"attachment-large size-large\" alt=\"\" loading=\"lazy\" srcset=\"https:\/\/poloplus10.com\/wp-content\/uploads\/2021\/10\/manager_magazin_polo_2013_4.jpg 118w, https:\/\/poloplus10.com\/wp-content\/uploads\/2021\/10\/manager_magazin_polo_2013_4-90x120.jpg 90w\" sizes=\"(max-width: 118px) 100vw, 118px\" \/>\t\t\t\t\t\t\t\t<\/a>\n\t\t\t\t\t\t\t\t\t\t\t<figcaption class=\"widget-image-caption wp-caption-text\">Manager Magazin 4\/2013 (3 MB)<\/figcaption>\n\t\t\t\t\t\t\t\t\t\t<\/figure>\n\t\t\t\t\t\t\t\t<\/div>\n\t\t\t\t\t\t<\/div>\n\t\t\t\t<\/div>\n\t\t\t\t\t\t<\/div>\n\t\t\t\t\t<\/div>\n\t\t<\/div>\n\t\t\t\t\t\t\t\t<\/div>\n\t\t\t\t\t<\/div>\n\t\t<\/section>\n\t\t\t\t<section class=\"elementor-section elementor-top-section elementor-element elementor-element-c604824 elementor-section-boxed elementor-section-height-default elementor-section-height-default\" data-id=\"c604824\" data-element_type=\"section\">\n\t\t\t\t\t\t<div class=\"elementor-container elementor-column-gap-default\">\n\t\t\t\t\t\t\t<div class=\"elementor-row\">\n\t\t\t\t\t<div class=\"elementor-column elementor-col-100 elementor-top-column elementor-element elementor-element-b8c718b\" data-id=\"b8c718b\" data-element_type=\"column\">\n\t\t\t<div class=\"elementor-column-wrap elementor-element-populated\">\n\t\t\t\t\t\t\t<div class=\"elementor-widget-wrap\">\n\t\t\t\t\t\t<div class=\"elementor-element elementor-element-c320d86 elementor-widget elementor-widget-heading\" data-id=\"c320d86\" data-element_type=\"widget\" data-widget_type=\"heading.default\">\n\t\t\t\t<div class=\"elementor-widget-container\">\n\t\t\t<span class=\"elementor-heading-title elementor-size-medium\">The Renaissance of polo<\/span>\t\t<\/div>\n\t\t\t\t<\/div>\n\t\t\t\t<div class=\"elementor-element elementor-element-79f2d92 elementor-widget elementor-widget-image\" data-id=\"79f2d92\" data-element_type=\"widget\" data-widget_type=\"image.default\">\n\t\t\t\t<div class=\"elementor-widget-container\">\n\t\t\t\t\t\t\t\t<div class=\"elementor-image\">\n\t\t\t\t\t\t\t\t\t<figure class=\"wp-caption\">\n\t\t\t\t\t\t\t\t\t\t\t<a href=\"https:\/\/poloplus10.com\/wp-content\/uploads\/2021\/10\/xpress.pdf\" target=\"_blank\">\n\t\t\t\t\t\t\t<img decoding=\"async\" width=\"118\" height=\"156\" src=\"https:\/\/poloplus10.com\/wp-content\/uploads\/2021\/10\/x-press-4-2011-deutsche-bank.jpg\" class=\"attachment-large size-large\" alt=\"\" loading=\"lazy\" srcset=\"https:\/\/poloplus10.com\/wp-content\/uploads\/2021\/10\/x-press-4-2011-deutsche-bank.jpg 118w, https:\/\/poloplus10.com\/wp-content\/uploads\/2021\/10\/x-press-4-2011-deutsche-bank-90x120.jpg 90w\" sizes=\"(max-width: 118px) 100vw, 118px\" \/>\t\t\t\t\t\t\t\t<\/a>\n\t\t\t\t\t\t\t\t\t\t\t<figcaption class=\"widget-image-caption wp-caption-text\">X-press 04\/11 \u2013 Investment Magazine of Deutsche Bank (897 kB)<\/figcaption>\n\t\t\t\t\t\t\t\t\t\t<\/figure>\n\t\t\t\t\t\t\t\t<\/div>\n\t\t\t\t\t\t<\/div>\n\t\t\t\t<\/div>\n\t\t\t\t\t\t<\/div>\n\t\t\t\t\t<\/div>\n\t\t<\/div>\n\t\t\t\t\t\t\t\t<\/div>\n\t\t\t\t\t<\/div>\n\t\t<\/section>\n\t\t\t\t<section class=\"elementor-section elementor-top-section elementor-element elementor-element-5462812 elementor-section-boxed elementor-section-height-default elementor-section-height-default\" data-id=\"5462812\" data-element_type=\"section\">\n\t\t\t\t\t\t<div class=\"elementor-container elementor-column-gap-default\">\n\t\t\t\t\t\t\t<div class=\"elementor-row\">\n\t\t\t\t\t<div class=\"elementor-column elementor-col-100 elementor-top-column elementor-element elementor-element-db97e44\" data-id=\"db97e44\" data-element_type=\"column\">\n\t\t\t<div class=\"elementor-column-wrap elementor-element-populated\">\n\t\t\t\t\t\t\t<div class=\"elementor-widget-wrap\">\n\t\t\t\t\t\t<div class=\"elementor-element elementor-element-8240a01 elementor-widget elementor-widget-heading\" data-id=\"8240a01\" data-element_type=\"widget\" data-widget_type=\"heading.default\">\n\t\t\t\t<div class=\"elementor-widget-container\">\n\t\t\t<span class=\"elementor-heading-title elementor-size-medium\">The Regulated Life (n\u00famero 68)\/ rese\u00f1a sobre la edici\u00f3n no. II.2010 de Polo+10<\/span>\t\t<\/div>\n\t\t\t\t<\/div>\n\t\t\t\t<div class=\"elementor-element elementor-element-d8367c8 elementor-widget elementor-widget-text-editor\" data-id=\"d8367c8\" data-element_type=\"widget\" data-widget_type=\"text-editor.default\">\n\t\t\t\t<div class=\"elementor-widget-container\">\n\t\t\t\t\t\t\t\t<div class=\"elementor-text-editor elementor-clearfix\">\n\t\t\t\t<p>Esta edici\u00f3n contiene m\u00e1s que una mezcla est\u00e9tica e informativa de uno de los m\u00e1s elegantes deportes del mundo, y apropiados avisos publicitarios de bienes y servicios de primera clase. Es un placer del m\u00e1s alto nivel el valor agregado de su tapa: el visionario artista milan\u00e9s Mauro Bergonzoli la (sic!) pinto y dise\u00f1\u00f3 el mismo. Adem\u00e1s, incluye un gran reporte dedicado a \u00e9l. Adem\u00e1s de estas dobles (y desafortunadamente no removibles) doble p\u00e1ginas, obtenemos mucha informaci\u00f3n, hasta lo que podemos esperar de sus carr\u00e9s Herm\u00e9s! La Condesa Franziska Fugger, su socia en todo \u00e1mbito, y \u00e9l, son una real prueba de Arte=Vida=Amor. Realmente fantastico!<\/p>\n\t\t\t\t\t<\/div>\n\t\t\t\t\t\t<\/div>\n\t\t\t\t<\/div>\n\t\t\t\t\t\t<\/div>\n\t\t\t\t\t<\/div>\n\t\t<\/div>\n\t\t\t\t\t\t\t\t<\/div>\n\t\t\t\t\t<\/div>\n\t\t<\/section>\n\t\t\t\t<section class=\"elementor-section elementor-top-section elementor-element elementor-element-b250379 elementor-section-boxed elementor-section-height-default elementor-section-height-default\" data-id=\"b250379\" data-element_type=\"section\">\n\t\t\t\t\t\t<div class=\"elementor-container elementor-column-gap-default\">\n\t\t\t\t\t\t\t<div class=\"elementor-row\">\n\t\t\t\t\t<div class=\"elementor-column elementor-col-100 elementor-top-column elementor-element elementor-element-47c8b1c\" data-id=\"47c8b1c\" data-element_type=\"column\">\n\t\t\t<div class=\"elementor-column-wrap elementor-element-populated\">\n\t\t\t\t\t\t\t<div class=\"elementor-widget-wrap\">\n\t\t\t\t\t\t<div class=\"elementor-element elementor-element-6759a52 elementor-widget elementor-widget-heading\" data-id=\"6759a52\" data-element_type=\"widget\" data-widget_type=\"heading.default\">\n\t\t\t\t<div class=\"elementor-widget-container\">\n\t\t\t<span class=\"elementor-heading-title elementor-size-medium\">Polo-Family Winter<\/span>\t\t<\/div>\n\t\t\t\t<\/div>\n\t\t\t\t<div class=\"elementor-element elementor-element-ffb3e5b elementor-widget elementor-widget-image\" data-id=\"ffb3e5b\" data-element_type=\"widget\" data-widget_type=\"image.default\">\n\t\t\t\t<div class=\"elementor-widget-container\">\n\t\t\t\t\t\t\t\t<div class=\"elementor-image\">\n\t\t\t\t\t\t\t\t\t<figure class=\"wp-caption\">\n\t\t\t\t\t\t\t\t\t\t\t<a href=\"https:\/\/poloplus10.com\/wp-content\/uploads\/2021\/10\/Feine-Welt-2-2010.pdf\" target=\"_blank\">\n\t\t\t\t\t\t\t<img decoding=\"async\" width=\"126\" height=\"156\" src=\"https:\/\/poloplus10.com\/wp-content\/uploads\/2021\/10\/Feine-Welt-Familie-Winter.jpg\" class=\"attachment-full size-full\" alt=\"\" loading=\"lazy\" srcset=\"https:\/\/poloplus10.com\/wp-content\/uploads\/2021\/10\/Feine-Welt-Familie-Winter.jpg 126w, https:\/\/poloplus10.com\/wp-content\/uploads\/2021\/10\/Feine-Welt-Familie-Winter-120x149.jpg 120w, https:\/\/poloplus10.com\/wp-content\/uploads\/2021\/10\/Feine-Welt-Familie-Winter-90x111.jpg 90w\" sizes=\"(max-width: 126px) 100vw, 126px\" \/>\t\t\t\t\t\t\t\t<\/a>\n\t\t\t\t\t\t\t\t\t\t\t<figcaption class=\"widget-image-caption wp-caption-text\">Feine Welt 2\/2010 (7,4 MB)<\/figcaption>\n\t\t\t\t\t\t\t\t\t\t<\/figure>\n\t\t\t\t\t\t\t\t<\/div>\n\t\t\t\t\t\t<\/div>\n\t\t\t\t<\/div>\n\t\t\t\t\t\t<\/div>\n\t\t\t\t\t<\/div>\n\t\t<\/div>\n\t\t\t\t\t\t\t\t<\/div>\n\t\t\t\t\t<\/div>\n\t\t<\/section>\n\t\t\t\t<section class=\"elementor-section elementor-top-section elementor-element elementor-element-5883ecf elementor-section-boxed elementor-section-height-default elementor-section-height-default\" data-id=\"5883ecf\" data-element_type=\"section\">\n\t\t\t\t\t\t<div class=\"elementor-container elementor-column-gap-default\">\n\t\t\t\t\t\t\t<div class=\"elementor-row\">\n\t\t\t\t\t<div class=\"elementor-column elementor-col-100 elementor-top-column elementor-element elementor-element-959a88b\" data-id=\"959a88b\" data-element_type=\"column\">\n\t\t\t<div class=\"elementor-column-wrap elementor-element-populated\">\n\t\t\t\t\t\t\t<div class=\"elementor-widget-wrap\">\n\t\t\t\t\t\t<div class=\"elementor-element elementor-element-c86ecc0 elementor-widget elementor-widget-heading\" data-id=\"c86ecc0\" data-element_type=\"widget\" data-widget_type=\"heading.default\">\n\t\t\t\t<div class=\"elementor-widget-container\">\n\t\t\t<span class=\"elementor-heading-title elementor-size-medium\">Constantin von Hohenstein recomienda la lectura de Polo+10<\/span>\t\t<\/div>\n\t\t\t\t<\/div>\n\t\t\t\t<div class=\"elementor-element elementor-element-979cce9 elementor-widget elementor-widget-text-editor\" data-id=\"979cce9\" data-element_type=\"widget\" data-widget_type=\"text-editor.default\">\n\t\t\t\t<div class=\"elementor-widget-container\">\n\t\t\t\t\t\t\t\t<div class=\"elementor-text-editor elementor-clearfix\">\n\t\t\t\t<p>Hohensteins Welt: The ABC of a modern gentleman (publicado por Chevalier)<\/p>\n\t\t\t\t\t<\/div>\n\t\t\t\t\t\t<\/div>\n\t\t\t\t<\/div>\n\t\t\t\t<div class=\"elementor-element elementor-element-10d7c29 elementor-widget elementor-widget-image\" data-id=\"10d7c29\" data-element_type=\"widget\" data-widget_type=\"image.default\">\n\t\t\t\t<div class=\"elementor-widget-container\">\n\t\t\t\t\t\t\t\t<div class=\"elementor-image\">\n\t\t\t\t\t\t\t\t\t\t\t\t\t<a href=\"https:\/\/poloplus10.com\/wp-content\/uploads\/2021\/10\/hohensteins-welt.jpg\" data-elementor-open-lightbox=\"yes\" e-action-hash=\"#elementor-action%3Aaction%3Dlightbox%26settings%3DeyJpZCI6NzAwMjksInVybCI6Imh0dHBzOlwvXC9wb2xvcGx1czEwLmNvbVwvd3AtY29udGVudFwvdXBsb2Fkc1wvMjAyMVwvMTBcL2hvaGVuc3RlaW5zLXdlbHQuanBnIn0%3D\">\n\t\t\t\t\t\t\t<img decoding=\"async\" width=\"204\" height=\"156\" src=\"https:\/\/poloplus10.com\/wp-content\/uploads\/2021\/10\/hohensteins-welt.jpg\" class=\"attachment-full size-full\" alt=\"\" loading=\"lazy\" srcset=\"https:\/\/poloplus10.com\/wp-content\/uploads\/2021\/10\/hohensteins-welt.jpg 204w, https:\/\/poloplus10.com\/wp-content\/uploads\/2021\/10\/hohensteins-welt-120x92.jpg 120w, https:\/\/poloplus10.com\/wp-content\/uploads\/2021\/10\/hohensteins-welt-90x68.jpg 90w\" sizes=\"(max-width: 204px) 100vw, 204px\" \/>\t\t\t\t\t\t\t\t<\/a>\n\t\t\t\t\t\t\t\t\t\t\t\t\t\t<\/div>\n\t\t\t\t\t\t<\/div>\n\t\t\t\t<\/div>\n\t\t\t\t\t\t<\/div>\n\t\t\t\t\t<\/div>\n\t\t<\/div>\n\t\t\t\t\t\t\t\t<\/div>\n\t\t\t\t\t<\/div>\n\t\t<\/section>\n\t\t\t\t<section class=\"elementor-section elementor-top-section elementor-element elementor-element-2e78799 elementor-section-boxed elementor-section-height-default elementor-section-height-default\" data-id=\"2e78799\" data-element_type=\"section\">\n\t\t\t\t\t\t<div class=\"elementor-container elementor-column-gap-default\">\n\t\t\t\t\t\t\t<div class=\"elementor-row\">\n\t\t\t\t\t<div class=\"elementor-column elementor-col-100 elementor-top-column elementor-element elementor-element-9faf60b\" data-id=\"9faf60b\" data-element_type=\"column\">\n\t\t\t<div class=\"elementor-column-wrap elementor-element-populated\">\n\t\t\t\t\t\t\t<div class=\"elementor-widget-wrap\">\n\t\t\t\t\t\t<div class=\"elementor-element elementor-element-0a115f7 elementor-widget elementor-widget-heading\" data-id=\"0a115f7\" data-element_type=\"widget\" data-widget_type=\"heading.default\">\n\t\t\t\t<div class=\"elementor-widget-container\">\n\t\t\t<span class=\"elementor-heading-title elementor-size-medium\">Reh-Zensionen sobre la edici\u00f3n no. I\/2007 de Polo+10<\/span>\t\t<\/div>\n\t\t\t\t<\/div>\n\t\t\t\t<div class=\"elementor-element elementor-element-c1f40ea elementor-widget elementor-widget-text-editor\" data-id=\"c1f40ea\" data-element_type=\"widget\" data-widget_type=\"text-editor.default\">\n\t\t\t\t<div class=\"elementor-widget-container\">\n\t\t\t\t\t\t\t\t<div class=\"elementor-text-editor elementor-clearfix\">\n\t\t\t\t<p>\u201eMas all\u00e1 de l\u00edmites nacionales, personas, ideas- el mundo del polo no conoce l\u00edmites. Tampoco Polo+10\u201d, promete la editora en jefe Stefanie St\u00fcting en el editorial de la excelente publicaci\u00f3n la cual es ahora la revista oficial de la Asociaci\u00f3n Alemana de Polo. Pura est\u00e9tica y el noble deporte puesto en escena, los auspiciantes tambi\u00e9n ganan tributo adem\u00e1s de los torneos, tips, tendencias y notas de estilo de vida. De igual manera, el artista tayiko Robert Hettich es presentado, debido a que pinta sobre polo al oleo. Tambi\u00e9n son presentadas las Botas Stallion (\u201clas cosas hechas por m\u00e1quinas no tienen alma\u201d). Hasta los avisos publicitarios son un fest\u00edn para los ojos, este medio es perfecto para los bancos privados\u2026.<\/p>\n\t\t\t\t\t<\/div>\n\t\t\t\t\t\t<\/div>\n\t\t\t\t<\/div>\n\t\t\t\t\t\t<\/div>\n\t\t\t\t\t<\/div>\n\t\t<\/div>\n\t\t\t\t\t\t\t\t<\/div>\n\t\t\t\t\t<\/div>\n\t\t<\/section>\n\t\t\t\t\t\t\t\t\t<\/div>\n\t\t\t<\/div>\n\t\t\t\t\t<\/div>\n\t\t","protected":false},"excerpt":{"rendered":"<p>El deporte del polo en la prensa Juegue m\u00e1s rudo: r\u00e1pido, extremo, peligroso. Cada vez m\u00e1s l\u00edderes de la econom\u00eda son fascinados por el m\u00e1s exclusivo de los deportes de&hellip;<\/p>\n","protected":false},"author":1,"featured_media":0,"parent":68397,"menu_order":0,"comment_status":"closed","ping_status":"closed","template":"","meta":{"_monsterinsights_skip_tracking":false,"_monsterinsights_sitenote_active":false,"_monsterinsights_sitenote_note":"","_monsterinsights_sitenote_category":0},"acf":[],"yoast_head":"<!-- This site is optimized with the Yoast SEO plugin v19.6.1 - https:\/\/yoast.com\/wordpress\/plugins\/seo\/ -->\n<title>Prensa - POLO+10<\/title>\n<meta name=\"robots\" content=\"index, follow, max-snippet:-1, max-image-preview:large, max-video-preview:-1\" \/>\n<link rel=\"canonical\" href=\"https:\/\/poloplus10.com\/es\/polo-sport\/prensa\/\" \/>\n<meta property=\"og:locale\" content=\"es_ES\" \/>\n<meta property=\"og:type\" content=\"article\" \/>\n<meta property=\"og:title\" content=\"Prensa - POLO+10\" \/>\n<meta property=\"og:description\" content=\"El deporte del polo en la prensa Juegue m\u00e1s rudo: r\u00e1pido, extremo, peligroso. Cada vez m\u00e1s l\u00edderes de la econom\u00eda son fascinados por el m\u00e1s exclusivo de los deportes de&hellip;\" \/>\n<meta property=\"og:url\" content=\"https:\/\/poloplus10.com\/es\/polo-sport\/prensa\/\" \/>\n<meta property=\"og:site_name\" content=\"POLO+10\" \/>\n<meta property=\"article:modified_time\" content=\"2021-10-11T13:57:43+00:00\" \/>\n<meta property=\"og:image\" content=\"https:\/\/poloplus10.com\/wp-content\/uploads\/2021\/10\/manager_magazin_polo_2013_4.jpg\" \/>\n<meta name=\"twitter:card\" content=\"summary_large_image\" \/>\n<meta name=\"twitter:label1\" content=\"Tiempo de lectura\" \/>\n\t<meta name=\"twitter:data1\" content=\"2 minutos\" \/>\n<script type=\"application\/ld+json\" class=\"yoast-schema-graph\">{\"@context\":\"https:\/\/schema.org\",\"@graph\":[{\"@type\":\"WebPage\",\"@id\":\"https:\/\/poloplus10.com\/es\/polo-sport\/prensa\/\",\"url\":\"https:\/\/poloplus10.com\/es\/polo-sport\/prensa\/\",\"name\":\"Prensa - POLO+10\",\"isPartOf\":{\"@id\":\"https:\/\/poloplus10.com\/#website\"},\"datePublished\":\"2021-10-11T13:57:42+00:00\",\"dateModified\":\"2021-10-11T13:57:43+00:00\",\"breadcrumb\":{\"@id\":\"https:\/\/poloplus10.com\/es\/polo-sport\/prensa\/#breadcrumb\"},\"inLanguage\":\"es\",\"potentialAction\":[{\"@type\":\"ReadAction\",\"target\":[\"https:\/\/poloplus10.com\/es\/polo-sport\/prensa\/\"]}]},{\"@type\":\"BreadcrumbList\",\"@id\":\"https:\/\/poloplus10.com\/es\/polo-sport\/prensa\/#breadcrumb\",\"itemListElement\":[{\"@type\":\"ListItem\",\"position\":1,\"name\":\"Home\",\"item\":\"https:\/\/poloplus10.com\/\"},{\"@type\":\"ListItem\",\"position\":2,\"name\":\"Acerca del Polo\",\"item\":\"https:\/\/poloplus10.com\/es\/polo-sport\/\"},{\"@type\":\"ListItem\",\"position\":3,\"name\":\"Prensa\"}]},{\"@type\":\"WebSite\",\"@id\":\"https:\/\/poloplus10.com\/#website\",\"url\":\"https:\/\/poloplus10.com\/\",\"name\":\"POLO+10\",\"description\":\"The Polo Magazine\",\"publisher\":{\"@id\":\"https:\/\/poloplus10.com\/#organization\"},\"potentialAction\":[{\"@type\":\"SearchAction\",\"target\":{\"@type\":\"EntryPoint\",\"urlTemplate\":\"https:\/\/poloplus10.com\/?s={search_term_string}\"},\"query-input\":\"required name=search_term_string\"}],\"inLanguage\":\"es\"},{\"@type\":\"Organization\",\"@id\":\"https:\/\/poloplus10.com\/#organization\",\"name\":\"POLO+10 GmbH\",\"url\":\"https:\/\/poloplus10.com\/\",\"sameAs\":[],\"logo\":{\"@type\":\"ImageObject\",\"inLanguage\":\"es\",\"@id\":\"https:\/\/poloplus10.com\/#\/schema\/logo\/image\/\",\"url\":\"https:\/\/poloplus10.demo-on.de\/wp-content\/uploads\/2021\/07\/poloplus10_logo.png\",\"contentUrl\":\"https:\/\/poloplus10.demo-on.de\/wp-content\/uploads\/2021\/07\/poloplus10_logo.png\",\"width\":300,\"height\":64,\"caption\":\"POLO+10 GmbH\"},\"image\":{\"@id\":\"https:\/\/poloplus10.com\/#\/schema\/logo\/image\/\"}}]}<\/script>\n<!-- \/ Yoast SEO plugin. -->","yoast_head_json":{"title":"Prensa - POLO+10","robots":{"index":"index","follow":"follow","max-snippet":"max-snippet:-1","max-image-preview":"max-image-preview:large","max-video-preview":"max-video-preview:-1"},"canonical":"https:\/\/poloplus10.com\/es\/polo-sport\/prensa\/","og_locale":"es_ES","og_type":"article","og_title":"Prensa - POLO+10","og_description":"El deporte del polo en la prensa Juegue m\u00e1s rudo: r\u00e1pido, extremo, peligroso. Cada vez m\u00e1s l\u00edderes de la econom\u00eda son fascinados por el m\u00e1s exclusivo de los deportes de&hellip;","og_url":"https:\/\/poloplus10.com\/es\/polo-sport\/prensa\/","og_site_name":"POLO+10","article_modified_time":"2021-10-11T13:57:43+00:00","og_image":[{"url":"https:\/\/poloplus10.com\/wp-content\/uploads\/2021\/10\/manager_magazin_polo_2013_4.jpg"}],"twitter_card":"summary_large_image","twitter_misc":{"Tiempo de lectura":"2 minutos"},"schema":{"@context":"https:\/\/schema.org","@graph":[{"@type":"WebPage","@id":"https:\/\/poloplus10.com\/es\/polo-sport\/prensa\/","url":"https:\/\/poloplus10.com\/es\/polo-sport\/prensa\/","name":"Prensa - POLO+10","isPartOf":{"@id":"https:\/\/poloplus10.com\/#website"},"datePublished":"2021-10-11T13:57:42+00:00","dateModified":"2021-10-11T13:57:43+00:00","breadcrumb":{"@id":"https:\/\/poloplus10.com\/es\/polo-sport\/prensa\/#breadcrumb"},"inLanguage":"es","potentialAction":[{"@type":"ReadAction","target":["https:\/\/poloplus10.com\/es\/polo-sport\/prensa\/"]}]},{"@type":"BreadcrumbList","@id":"https:\/\/poloplus10.com\/es\/polo-sport\/prensa\/#breadcrumb","itemListElement":[{"@type":"ListItem","position":1,"name":"Home","item":"https:\/\/poloplus10.com\/"},{"@type":"ListItem","position":2,"name":"Acerca del Polo","item":"https:\/\/poloplus10.com\/es\/polo-sport\/"},{"@type":"ListItem","position":3,"name":"Prensa"}]},{"@type":"WebSite","@id":"https:\/\/poloplus10.com\/#website","url":"https:\/\/poloplus10.com\/","name":"POLO+10","description":"The Polo Magazine","publisher":{"@id":"https:\/\/poloplus10.com\/#organization"},"potentialAction":[{"@type":"SearchAction","target":{"@type":"EntryPoint","urlTemplate":"https:\/\/poloplus10.com\/?s={search_term_string}"},"query-input":"required name=search_term_string"}],"inLanguage":"es"},{"@type":"Organization","@id":"https:\/\/poloplus10.com\/#organization","name":"POLO+10 GmbH","url":"https:\/\/poloplus10.com\/","sameAs":[],"logo":{"@type":"ImageObject","inLanguage":"es","@id":"https:\/\/poloplus10.com\/#\/schema\/logo\/image\/","url":"https:\/\/poloplus10.demo-on.de\/wp-content\/uploads\/2021\/07\/poloplus10_logo.png","contentUrl":"https:\/\/poloplus10.demo-on.de\/wp-content\/uploads\/2021\/07\/poloplus10_logo.png","width":300,"height":64,"caption":"POLO+10 GmbH"},"image":{"@id":"https:\/\/poloplus10.com\/#\/schema\/logo\/image\/"}}]}},"_links":{"self":[{"href":"https:\/\/poloplus10.com\/es\/wp-json\/wp\/v2\/pages\/70040"}],"collection":[{"href":"https:\/\/poloplus10.com\/es\/wp-json\/wp\/v2\/pages"}],"about":[{"href":"https:\/\/poloplus10.com\/es\/wp-json\/wp\/v2\/types\/page"}],"author":[{"embeddable":true,"href":"https:\/\/poloplus10.com\/es\/wp-json\/wp\/v2\/users\/1"}],"replies":[{"embeddable":true,"href":"https:\/\/poloplus10.com\/es\/wp-json\/wp\/v2\/comments?post=70040"}],"version-history":[{"count":1,"href":"https:\/\/poloplus10.com\/es\/wp-json\/wp\/v2\/pages\/70040\/revisions"}],"predecessor-version":[{"id":70041,"href":"https:\/\/poloplus10.com\/es\/wp-json\/wp\/v2\/pages\/70040\/revisions\/70041"}],"up":[{"embeddable":true,"href":"https:\/\/poloplus10.com\/es\/wp-json\/wp\/v2\/pages\/68397"}],"wp:attachment":[{"href":"https:\/\/poloplus10.com\/es\/wp-json\/wp\/v2\/media?parent=70040"}],"curies":[{"name":"wp","href":"https:\/\/api.w.org\/{rel}","templated":true}]}}