{"id":80262,"date":"2022-07-26T12:55:05","date_gmt":"2022-07-26T10:55:05","guid":{"rendered":"https:\/\/poloplus10.com\/ediciones\/suscripcion-a-polo10\/"},"modified":"2025-01-31T11:45:57","modified_gmt":"2025-01-31T10:45:57","slug":"suscripcion-a-polo10","status":"publish","type":"page","link":"https:\/\/poloplus10.com\/es\/ediciones\/suscripcion-a-polo10\/","title":{"rendered":"suscripcion a polo10"},"content":{"rendered":"\t\t<div data-elementor-type=\"wp-page\" data-elementor-id=\"80262\" class=\"elementor elementor-80262 elementor-67669\">\n\t\t\t\t\t\t<div class=\"elementor-inner\">\n\t\t\t\t<div class=\"elementor-section-wrap\">\n\t\t\t\t\t\t\t\t\t<section class=\"elementor-section elementor-top-section elementor-element elementor-element-3489451 subscription elementor-section-full_width elementor-section-height-default elementor-section-height-default\" data-id=\"3489451\" data-element_type=\"section\">\n\t\t\t\t\t\t<div class=\"elementor-container elementor-column-gap-default\">\n\t\t\t\t\t\t\t<div class=\"elementor-row\">\n\t\t\t\t\t<div class=\"elementor-column elementor-col-100 elementor-top-column elementor-element elementor-element-c3182d1\" data-id=\"c3182d1\" data-element_type=\"column\">\n\t\t\t<div class=\"elementor-column-wrap elementor-element-populated\">\n\t\t\t\t\t\t\t<div class=\"elementor-widget-wrap\">\n\t\t\t\t\t\t<div class=\"elementor-element elementor-element-f94803a elementor-widget elementor-widget-heading\" data-id=\"f94803a\" data-element_type=\"widget\" data-widget_type=\"heading.default\">\n\t\t\t\t<div class=\"elementor-widget-container\">\n\t\t\t<h2 id=\"suscripcion-a-polo10\" class=\"elementor-heading-title elementor-size-default\">Suscripci\u00f3n a POLO+10<\/h2>\t\t<\/div>\n\t\t\t\t<\/div>\n\t\t\t\t<div class=\"elementor-element elementor-element-cefdcc6 elementor-widget-divider--view-line elementor-widget elementor-widget-divider\" data-id=\"cefdcc6\" data-element_type=\"widget\" data-widget_type=\"divider.default\">\n\t\t\t\t<div class=\"elementor-widget-container\">\n\t\t\t\t\t<div class=\"elementor-divider\">\n\t\t\t<span class=\"elementor-divider-separator\">\n\t\t\t\t\t\t<\/span>\n\t\t<\/div>\n\t\t\t\t<\/div>\n\t\t\t\t<\/div>\n\t\t\t\t<div class=\"elementor-element elementor-element-f483578 elementor-widget elementor-widget-text-editor\" data-id=\"f483578\" data-element_type=\"widget\" data-widget_type=\"text-editor.default\">\n\t\t\t\t<div class=\"elementor-widget-container\">\n\t\t\t\t\t\t\t\t<div class=\"elementor-text-editor elementor-clearfix\">\n\t\t\t\tLa suscripci\u00f3n a POLO+10 incluye las dos ediciones importantes.\r\nSuscr\u00edbase a POLO+10 y obtenga su copia personal directamente enviada a donde desee.\t\t\t\t\t<\/div>\n\t\t\t\t\t\t<\/div>\n\t\t\t\t<\/div>\n\t\t\t\t<div class=\"elementor-element elementor-element-72fc8bf elementor-widget elementor-widget-text-editor\" data-id=\"72fc8bf\" data-element_type=\"widget\" data-widget_type=\"text-editor.default\">\n\t\t\t\t<div class=\"elementor-widget-container\">\n\t\t\t\t\t\t\t\t<div class=\"elementor-text-editor elementor-clearfix\">\n\t\t\t\tPolo+10 World Edition (English): 75,00 Euro al a\u00f1o (incluye env\u00edo)\t\t\t\t\t<\/div>\n\t\t\t\t\t\t<\/div>\n\t\t\t\t<\/div>\n\t\t\t\t<div class=\"elementor-element elementor-element-f6cf57a elementor-widget elementor-widget-text-editor\" data-id=\"f6cf57a\" data-element_type=\"widget\" data-widget_type=\"text-editor.default\">\n\t\t\t\t<div class=\"elementor-widget-container\">\n\t\t\t\t\t\t\t\t<div class=\"elementor-text-editor elementor-clearfix\">\n\t\t\t\tLa suscripci\u00f3n es v\u00e1lida durante un a\u00f1o y finaliza sin previo aviso, siendo una suscripci\u00f3n ilimitada que puede ser cancelada en cualquier momento despu\u00e9s del primer a\u00f1o transcurrido. La suscripci\u00f3n puede ser cancelada de forma escrita en un periodo de dos semanas.\t\t\t\t\t<\/div>\n\t\t\t\t\t\t<\/div>\n\t\t\t\t<\/div>\n\t\t\t\t<div class=\"elementor-element elementor-element-443b87e elementor-widget elementor-widget-heading\" data-id=\"443b87e\" data-element_type=\"widget\" data-widget_type=\"heading.default\">\n\t\t\t\t<div class=\"elementor-widget-container\">\n\t\t\t<h3 id=\"download\" class=\"elementor-heading-title elementor-size-default\">Download<\/h3>\t\t<\/div>\n\t\t\t\t<\/div>\n\t\t\t\t<div class=\"elementor-element elementor-element-3d51d18 elementor-widget elementor-widget-text-editor\" data-id=\"3d51d18\" data-element_type=\"widget\" data-widget_type=\"text-editor.default\">\n\t\t\t\t<div class=\"elementor-widget-container\">\n\t\t\t\t\t\t\t\t<div class=\"elementor-text-editor elementor-clearfix\">\n\t\t\t\t<p><a href=\"https:\/\/poloplus10.com\/wp-content\/uploads\/2022\/07\/Aboformular_Polo_englisch.pdf\" target=\"_blank\" rel=\"noopener\">Formulario de suscripci\u00f3n de POLO+10<\/a><\/p>\t\t\t\t\t<\/div>\n\t\t\t\t\t\t<\/div>\n\t\t\t\t<\/div>\n\t\t\t\t<div class=\"elementor-element elementor-element-9909a9d elementor-widget elementor-widget-heading\" data-id=\"9909a9d\" data-element_type=\"widget\" data-widget_type=\"heading.default\">\n\t\t\t\t<div class=\"elementor-widget-container\">\n\t\t\t<h3 id=\"contacto\" class=\"elementor-heading-title elementor-size-default\">Contacto<\/h3>\t\t<\/div>\n\t\t\t\t<\/div>\n\t\t\t\t<div class=\"elementor-element elementor-element-37072ce elementor-icon-list--layout-traditional elementor-list-item-link-full_width elementor-widget elementor-widget-icon-list\" data-id=\"37072ce\" data-element_type=\"widget\" data-widget_type=\"icon-list.default\">\n\t\t\t\t<div class=\"elementor-widget-container\">\n\t\t\t\t\t<ul class=\"elementor-icon-list-items\">\n\t\t\t\t\t\t\t<li class=\"elementor-icon-list-item\">\n\t\t\t\t\t\t\t\t\t\t<span class=\"elementor-icon-list-text\">POLO+10 GmbH<\/span>\n\t\t\t\t\t\t\t\t\t<\/li>\n\t\t\t\t\t\t\t\t<li class=\"elementor-icon-list-item\">\n\t\t\t\t\t\t\t\t\t\t<span class=\"elementor-icon-list-text\">Wexstra\u00dfe 39<\/span>\n\t\t\t\t\t\t\t\t\t<\/li>\n\t\t\t\t\t\t\t\t<li class=\"elementor-icon-list-item\">\n\t\t\t\t\t\t\t\t\t\t<span class=\"elementor-icon-list-text\">20355 Hamburg \/ Alemania<\/span>\n\t\t\t\t\t\t\t\t\t<\/li>\n\t\t\t\t\t\t\t\t<li class=\"elementor-icon-list-item\">\n\t\t\t\t\t\t\t\t\t\t<span class=\"elementor-icon-list-text\">Email: hello[at]twa.ag<\/span>\n\t\t\t\t\t\t\t\t\t<\/li>\n\t\t\t\t\t\t<\/ul>\n\t\t\t\t<\/div>\n\t\t\t\t<\/div>\n\t\t\t\t\t\t<\/div>\n\t\t\t\t\t<\/div>\n\t\t<\/div>\n\t\t\t\t\t\t\t\t<\/div>\n\t\t\t\t\t<\/div>\n\t\t<\/section>\n\t\t\t\t\t\t\t\t\t<\/div>\n\t\t\t<\/div>\n\t\t\t\t\t<\/div>\n\t\t","protected":false},"excerpt":{"rendered":"<p>Suscripci\u00f3n a POLO+10 La suscripci\u00f3n a POLO+10 incluye las dos ediciones importantes. Suscr\u00edbase a POLO+10 y obtenga su copia personal directamente enviada a donde desee.Polo+10 World Edition (English): 75,00 Euro&hellip;<\/p>\n","protected":false},"author":1,"featured_media":0,"parent":69887,"menu_order":0,"comment_status":"closed","ping_status":"closed","template":"elementor_theme","meta":{"_monsterinsights_skip_tracking":false,"_monsterinsights_sitenote_active":false,"_monsterinsights_sitenote_note":"","_monsterinsights_sitenote_category":0},"acf":[],"yoast_head":"<!-- This site is optimized with the Yoast SEO plugin v19.6.1 - https:\/\/yoast.com\/wordpress\/plugins\/seo\/ -->\n<title>suscripcion a polo10 - POLO+10<\/title>\n<meta name=\"robots\" content=\"index, follow, max-snippet:-1, max-image-preview:large, max-video-preview:-1\" \/>\n<link rel=\"canonical\" href=\"https:\/\/poloplus10.com\/editions\/poloplus10-subscription\/\" \/>\n<meta property=\"og:locale\" content=\"es_ES\" \/>\n<meta property=\"og:type\" content=\"article\" \/>\n<meta property=\"og:title\" content=\"suscripcion a polo10 - POLO+10\" \/>\n<meta property=\"og:description\" content=\"Suscripci\u00f3n a POLO+10 La suscripci\u00f3n a POLO+10 incluye las dos ediciones importantes. Suscr\u00edbase a POLO+10 y obtenga su copia personal directamente enviada a donde desee.Polo+10 World Edition (English): 75,00 Euro&hellip;\" \/>\n<meta property=\"og:url\" content=\"https:\/\/poloplus10.com\/editions\/poloplus10-subscription\/\" \/>\n<meta property=\"og:site_name\" content=\"POLO+10\" \/>\n<meta property=\"article:modified_time\" content=\"2025-01-31T10:45:57+00:00\" \/>\n<meta name=\"twitter:card\" content=\"summary_large_image\" \/>\n<meta name=\"twitter:label1\" content=\"Tiempo de lectura\" \/>\n\t<meta name=\"twitter:data1\" content=\"1 minuto\" \/>\n<script type=\"application\/ld+json\" class=\"yoast-schema-graph\">{\"@context\":\"https:\/\/schema.org\",\"@graph\":[{\"@type\":\"WebPage\",\"@id\":\"https:\/\/poloplus10.com\/editions\/poloplus10-subscription\/\",\"url\":\"https:\/\/poloplus10.com\/editions\/poloplus10-subscription\/\",\"name\":\"suscripcion a polo10 - POLO+10\",\"isPartOf\":{\"@id\":\"https:\/\/poloplus10.com\/#website\"},\"datePublished\":\"2022-07-26T10:55:05+00:00\",\"dateModified\":\"2025-01-31T10:45:57+00:00\",\"breadcrumb\":{\"@id\":\"https:\/\/poloplus10.com\/editions\/poloplus10-subscription\/#breadcrumb\"},\"inLanguage\":\"es\",\"potentialAction\":[{\"@type\":\"ReadAction\",\"target\":[\"https:\/\/poloplus10.com\/editions\/poloplus10-subscription\/\"]}]},{\"@type\":\"BreadcrumbList\",\"@id\":\"https:\/\/poloplus10.com\/editions\/poloplus10-subscription\/#breadcrumb\",\"itemListElement\":[{\"@type\":\"ListItem\",\"position\":1,\"name\":\"Home\",\"item\":\"https:\/\/poloplus10.com\/\"},{\"@type\":\"ListItem\",\"position\":2,\"name\":\"Ediciones\",\"item\":\"https:\/\/poloplus10.com\/editions\/\"},{\"@type\":\"ListItem\",\"position\":3,\"name\":\"suscripcion a polo10\"}]},{\"@type\":\"WebSite\",\"@id\":\"https:\/\/poloplus10.com\/#website\",\"url\":\"https:\/\/poloplus10.com\/\",\"name\":\"POLO+10\",\"description\":\"The Polo Magazine\",\"publisher\":{\"@id\":\"https:\/\/poloplus10.com\/#organization\"},\"potentialAction\":[{\"@type\":\"SearchAction\",\"target\":{\"@type\":\"EntryPoint\",\"urlTemplate\":\"https:\/\/poloplus10.com\/?s={search_term_string}\"},\"query-input\":\"required name=search_term_string\"}],\"inLanguage\":\"es\"},{\"@type\":\"Organization\",\"@id\":\"https:\/\/poloplus10.com\/#organization\",\"name\":\"POLO+10 GmbH\",\"url\":\"https:\/\/poloplus10.com\/\",\"sameAs\":[],\"logo\":{\"@type\":\"ImageObject\",\"inLanguage\":\"es\",\"@id\":\"https:\/\/poloplus10.com\/#\/schema\/logo\/image\/\",\"url\":\"https:\/\/poloplus10.demo-on.de\/wp-content\/uploads\/2021\/07\/poloplus10_logo.png\",\"contentUrl\":\"https:\/\/poloplus10.demo-on.de\/wp-content\/uploads\/2021\/07\/poloplus10_logo.png\",\"width\":300,\"height\":64,\"caption\":\"POLO+10 GmbH\"},\"image\":{\"@id\":\"https:\/\/poloplus10.com\/#\/schema\/logo\/image\/\"}}]}<\/script>\n<!-- \/ Yoast SEO plugin. -->","yoast_head_json":{"title":"suscripcion a polo10 - POLO+10","robots":{"index":"index","follow":"follow","max-snippet":"max-snippet:-1","max-image-preview":"max-image-preview:large","max-video-preview":"max-video-preview:-1"},"canonical":"https:\/\/poloplus10.com\/editions\/poloplus10-subscription\/","og_locale":"es_ES","og_type":"article","og_title":"suscripcion a polo10 - POLO+10","og_description":"Suscripci\u00f3n a POLO+10 La suscripci\u00f3n a POLO+10 incluye las dos ediciones importantes. Suscr\u00edbase a POLO+10 y obtenga su copia personal directamente enviada a donde desee.Polo+10 World Edition (English): 75,00 Euro&hellip;","og_url":"https:\/\/poloplus10.com\/editions\/poloplus10-subscription\/","og_site_name":"POLO+10","article_modified_time":"2025-01-31T10:45:57+00:00","twitter_card":"summary_large_image","twitter_misc":{"Tiempo de lectura":"1 minuto"},"schema":{"@context":"https:\/\/schema.org","@graph":[{"@type":"WebPage","@id":"https:\/\/poloplus10.com\/editions\/poloplus10-subscription\/","url":"https:\/\/poloplus10.com\/editions\/poloplus10-subscription\/","name":"suscripcion a polo10 - POLO+10","isPartOf":{"@id":"https:\/\/poloplus10.com\/#website"},"datePublished":"2022-07-26T10:55:05+00:00","dateModified":"2025-01-31T10:45:57+00:00","breadcrumb":{"@id":"https:\/\/poloplus10.com\/editions\/poloplus10-subscription\/#breadcrumb"},"inLanguage":"es","potentialAction":[{"@type":"ReadAction","target":["https:\/\/poloplus10.com\/editions\/poloplus10-subscription\/"]}]},{"@type":"BreadcrumbList","@id":"https:\/\/poloplus10.com\/editions\/poloplus10-subscription\/#breadcrumb","itemListElement":[{"@type":"ListItem","position":1,"name":"Home","item":"https:\/\/poloplus10.com\/"},{"@type":"ListItem","position":2,"name":"Ediciones","item":"https:\/\/poloplus10.com\/editions\/"},{"@type":"ListItem","position":3,"name":"suscripcion a polo10"}]},{"@type":"WebSite","@id":"https:\/\/poloplus10.com\/#website","url":"https:\/\/poloplus10.com\/","name":"POLO+10","description":"The Polo Magazine","publisher":{"@id":"https:\/\/poloplus10.com\/#organization"},"potentialAction":[{"@type":"SearchAction","target":{"@type":"EntryPoint","urlTemplate":"https:\/\/poloplus10.com\/?s={search_term_string}"},"query-input":"required name=search_term_string"}],"inLanguage":"es"},{"@type":"Organization","@id":"https:\/\/poloplus10.com\/#organization","name":"POLO+10 GmbH","url":"https:\/\/poloplus10.com\/","sameAs":[],"logo":{"@type":"ImageObject","inLanguage":"es","@id":"https:\/\/poloplus10.com\/#\/schema\/logo\/image\/","url":"https:\/\/poloplus10.demo-on.de\/wp-content\/uploads\/2021\/07\/poloplus10_logo.png","contentUrl":"https:\/\/poloplus10.demo-on.de\/wp-content\/uploads\/2021\/07\/poloplus10_logo.png","width":300,"height":64,"caption":"POLO+10 GmbH"},"image":{"@id":"https:\/\/poloplus10.com\/#\/schema\/logo\/image\/"}}]}},"_links":{"self":[{"href":"https:\/\/poloplus10.com\/es\/wp-json\/wp\/v2\/pages\/80262"}],"collection":[{"href":"https:\/\/poloplus10.com\/es\/wp-json\/wp\/v2\/pages"}],"about":[{"href":"https:\/\/poloplus10.com\/es\/wp-json\/wp\/v2\/types\/page"}],"author":[{"embeddable":true,"href":"https:\/\/poloplus10.com\/es\/wp-json\/wp\/v2\/users\/1"}],"replies":[{"embeddable":true,"href":"https:\/\/poloplus10.com\/es\/wp-json\/wp\/v2\/comments?post=80262"}],"version-history":[{"count":22,"href":"https:\/\/poloplus10.com\/es\/wp-json\/wp\/v2\/pages\/80262\/revisions"}],"predecessor-version":[{"id":101159,"href":"https:\/\/poloplus10.com\/es\/wp-json\/wp\/v2\/pages\/80262\/revisions\/101159"}],"up":[{"embeddable":true,"href":"https:\/\/poloplus10.com\/es\/wp-json\/wp\/v2\/pages\/69887"}],"wp:attachment":[{"href":"https:\/\/poloplus10.com\/es\/wp-json\/wp\/v2\/media?parent=80262"}],"curies":[{"name":"wp","href":"https:\/\/api.w.org\/{rel}","templated":true}]}}